{"id":136,"date":"2016-06-06T04:54:53","date_gmt":"2016-06-06T08:54:53","guid":{"rendered":"https:\/\/anthropology.cos.ucf.edu\/kerkenes\/?page_id=136"},"modified":"2022-04-20T03:16:33","modified_gmt":"2022-04-20T07:16:33","slug":"home","status":"publish","type":"page","link":"https:\/\/sciences.ucf.edu\/anthropology\/kerkenes\/","title":{"rendered":"The Kerkenes Project"},"content":{"rendered":"\n\n\t\t\t\t<a href=\"https:\/\/sciences.ucf.edu\/anthropology\/kerkenes\/overview\/\" target=\"_self\" rel=\"noopener\">\n\t\t\t\t<img decoding=\"async\" src=\"https:\/\/sciences.ucf.edu\/anthropology\/kerkenes\/wp-content\/uploads\/sites\/3\/2016\/06\/93slhb02sitergb-300x205.jpg\" alt=\"93slhb02sitergb\" title=\"93slhb02sitergb\" \/>\n\t\t\t\t<\/a>\n\t<h2>The Kerkenes Project<\/h2>\n<p>Overview of the archaeological work conducted at an Iron Age megacity in central Turkey.<\/p>\n<a href=\"https:\/\/sciences.ucf.edu\/anthropology\/kerkenes\/overview\/\" target=\"_top\" rel=\"noopener\">\n\t    Overview\t\t\n\t<\/a>\n\t\t\t\t<a href=\"https:\/\/sciences.ucf.edu\/anthropology\/kerkenes\/our-team\/\" target=\"_self\" rel=\"noopener\">\n\t\t\t\t<img loading=\"lazy\" decoding=\"async\" src=\"https:\/\/sciences.ucf.edu\/anthropology\/kerkenes\/wp-content\/uploads\/sites\/3\/2016\/06\/whoweare-300x200.jpg\" alt=\"whoweare\" height=\"200\" width=\"300\" title=\"whoweare\" \/>\n\t\t\t\t<\/a>\n\t<h2>Who We Are<\/h2>\n<p>Our international team is committed to the documentation, conservation, and restoration of Kerkenes.<\/p>\n<a href=\"https:\/\/sciences.ucf.edu\/anthropology\/kerkenes\/our-team\/\" target=\"_top\" rel=\"noopener\">\n\t    Our Team\t\t\n\t<\/a>\n\t\t\t\t<a href=\"https:\/\/sciences.ucf.edu\/anthropology\/kerkenes\/research-activities\/\" target=\"_self\" rel=\"noopener\">\n\t\t\t\t<img loading=\"lazy\" decoding=\"async\" src=\"https:\/\/sciences.ucf.edu\/anthropology\/kerkenes\/wp-content\/uploads\/sites\/3\/2016\/06\/93BWHB0318-1-300x201.jpg\" alt=\"93BWHB0318\" height=\"201\" width=\"300\" title=\"93BWHB0318\" \/>\n\t\t\t\t<\/a>\n\t<h2>Research &amp; Activities<\/h2>\n<p>A combination of cutting-edge archaeological methods, heritage management, and education.<\/p>\n<a href=\"https:\/\/sciences.ucf.edu\/anthropology\/kerkenes\/research-activities\/\" target=\"_top\" rel=\"noopener\">\n\t    Research\t\t\n\t<\/a>\n\t\t\t\t<img loading=\"lazy\" decoding=\"async\" src=\"https:\/\/sciences.ucf.edu\/anthropology\/kerkenes\/wp-content\/uploads\/sites\/3\/2020\/07\/vf0627fe-e1594207094460.jpg\" alt=\" Sam Paley, David Stronach, Pam &amp;amp; Cuyler Young, and Oscar Muscarella\" height=\"327\" width=\"500\" title=\"vf0627fe\" \/>\n\t<p>The Kerkenes Project very fondly remembers Dr David Stronach, a leading scholar of the archaeology of the Middle East and an Associate Director of the Project from 1999-2003.\u00a0 Dr. Stronach passed away on June 27th, 2020.\u00a0 We will forever remember the important role he played during a very critical time in the development of the work at Kerkenes, along with his sage knowledge and wonderful company in the field.\u00a0 He will be sorely missed.<\/p>\n<p><em>Ortado\u011fu arkeolojisinin en \u00f6nemli ve etkili akademisyenlerinden biri olan Dr. David Stronach, 1993-2003 y\u0131llar\u0131 aras\u0131nda Kerkenes projesinde yard\u0131mc\u0131 direkt\u00f6rl\u00fck yapm\u0131\u015ft\u0131r.\u00a0 Derin bilgisi ve harika varl\u0131\u011f\u0131yla o y\u0131llarda geli\u015fmekte olan Kerkenes projesine b\u00fcy\u00fck katk\u0131lar\u0131 olmu\u015ftur. 27 haziran, 2020 de kaybetti\u011fimiz hocam\u0131z\u0131 sevgi, sayg\u0131 ve minnetle an\u0131yoruz.<\/em><\/p>\n\t[vimeo 254797315 w=845 h=468]\n<p><a href=\"https:\/\/vimeo.com\/254797315\">The Kerkenes Project<\/a> from <a href=\"https:\/\/vimeo.com\/user56436380\">Joseph Lehner<\/a> on <a href=\"https:\/\/vimeo.com\">Vimeo<\/a>.<\/p>\n\t<p>Major sponsors since 2014<\/p>\n\t\t\t\t<a href=\"http:\/\/www.ucf.edu\/\" target=\"_blank\" rel=\"noopener\">\n\t\t\t\t<img loading=\"lazy\" decoding=\"async\" src=\"https:\/\/sciences.ucf.edu\/anthropology\/kerkenes\/wp-content\/uploads\/sites\/3\/2018\/03\/TabLockup_vertical_KGrgb_300ppi.png\" alt=\"TabLockup_vertical_KGrgb_300ppi\" height=\"625\" width=\"640\" title=\"TabLockup_vertical_KGrgb_300ppi\" \/>\n\t\t\t\t<\/a>\n\t\t\t\t<img loading=\"lazy\" decoding=\"async\" src=\"https:\/\/sciences.ucf.edu\/anthropology\/kerkenes\/wp-content\/uploads\/sites\/3\/2016\/06\/Merops-Logo-e1466943673862.jpg\" alt=\"Merops Logo\" height=\"111\" width=\"100\" title=\"Merops Logo\" \/>\n\t\t\t\t<img loading=\"lazy\" decoding=\"async\" src=\"https:\/\/sciences.ucf.edu\/anthropology\/kerkenes\/wp-content\/uploads\/sites\/3\/2018\/03\/NSF.jpg\" alt=\"NSF\" height=\"696\" width=\"692\" title=\"NSF\" \/>\n\t\t\t\t<a href=\"http:\/\/www.agu.edu.tr\/\" target=\"_blank\" rel=\"noopener\">\n\t\t\t\t<img loading=\"lazy\" decoding=\"async\" src=\"https:\/\/sciences.ucf.edu\/anthropology\/kerkenes\/wp-content\/uploads\/sites\/3\/2016\/06\/abdullah-gul-university-logo-300x158.jpg\" alt=\"Abdullah Gul Universitesi Logo Son EN\" height=\"158\" width=\"300\" title=\"Abdullah Gul Universitesi Logo Son EN\" \/>\n\t\t\t\t<\/a>\n\t\t\t\t<a href=\"https:\/\/www.neh.gov\/\" target=\"_self\" rel=\"noopener\">\n\t\t\t\t<img loading=\"lazy\" decoding=\"async\" src=\"https:\/\/sciences.ucf.edu\/anthropology\/kerkenes\/wp-content\/uploads\/sites\/3\/2018\/02\/neh_logo_stckd.jpg\" alt=\"National Endowment for the Humanities\" height=\"277\" width=\"600\" title=\"National Endowment for the Humanities\" \/>\n\t\t\t\t<\/a>\n\t\t\t\t<img loading=\"lazy\" decoding=\"async\" src=\"https:\/\/sciences.ucf.edu\/anthropology\/kerkenes\/wp-content\/uploads\/sites\/3\/2018\/12\/BerelsmanFoundationLogo-e1544499782954.jpg\" alt=\"Berelsman Foundation\" height=\"125\" width=\"125\" title=\"Berelsman Foundation\" \/>\n\t\t\t\t<a href=\"http:\/\/www.kultur.gov.tr\/\" target=\"_blank\" rel=\"noopener\">\n\t\t\t\t<img loading=\"lazy\" decoding=\"async\" src=\"https:\/\/sciences.ucf.edu\/anthropology\/kerkenes\/wp-content\/uploads\/sites\/3\/2018\/03\/TC-K\u00fclt\u00fcr-ve-Turizm-Bakanligi.jpg\" alt=\"TC K\u00fclt\u00fcr ve Turizm Bakanligi\" height=\"1169\" width=\"1800\" title=\"TC K\u00fclt\u00fcr ve Turizm Bakanligi\" \/>\n\t\t\t\t<\/a>\n\t\t\t\t<a href=\"http:\/\/www.yozgat.gov.tr\/\" target=\"_blank\" rel=\"noopener\">\n\t\t\t\t<img loading=\"lazy\" decoding=\"async\" src=\"https:\/\/sciences.ucf.edu\/anthropology\/kerkenes\/wp-content\/uploads\/sites\/3\/2018\/03\/Yozgat-Valiligi-e1522169031502.png\" alt=\"Yozgat Valiligi\" height=\"75\" width=\"75\" title=\"Yozgat Valiligi\" \/>\n\t\t\t\t<\/a>\n\t\t\t\t<a href=\"http:\/\/www.sorgun.gov.tr\/\" target=\"_blank\" rel=\"noopener\">\n\t\t\t\t<img loading=\"lazy\" decoding=\"async\" src=\"https:\/\/sciences.ucf.edu\/anthropology\/kerkenes\/wp-content\/uploads\/sites\/3\/2016\/06\/sorgun-e1465548528514.png\" alt=\"sorgun\" height=\"80\" width=\"75\" title=\"sorgun\" \/>\n\t\t\t\t<\/a>\n\t\t\t\t<a href=\"http:\/\/www.sorgun.bel.tr\/\" target=\"_blank\" rel=\"noopener\">\n\t\t\t\t<img loading=\"lazy\" decoding=\"async\" src=\"https:\/\/sciences.ucf.edu\/anthropology\/kerkenes\/wp-content\/uploads\/sites\/3\/2018\/03\/Sorgun-Belediye-e1522169964116.png\" alt=\"Sorgun Belediye\" height=\"75\" width=\"75\" title=\"Sorgun Belediye\" \/>\n\t\t\t\t<\/a>\n\t\t\t\t<a href=\"http:\/\/www.yozgatmuzesi.gov.tr\/\" target=\"_blank\" rel=\"noopener\">\n\t\t\t\t<img loading=\"lazy\" decoding=\"async\" src=\"https:\/\/sciences.ucf.edu\/anthropology\/kerkenes\/wp-content\/uploads\/sites\/3\/2018\/12\/Yozgat-M\u00fczesi-Logo-1.jpg\" alt=\"Yozgat-M\u00fczesi-Logo-1\" height=\"179\" width=\"175\" title=\"Yozgat-M\u00fczesi-Logo-1\" \/>\n\t\t\t\t<\/a>\n\t\t\t\t<a href=\"http:\/\/www.itu.edu.tr\/en\/\" target=\"_blank\" rel=\"noopener\">\n\t\t\t\t<img loading=\"lazy\" decoding=\"async\" src=\"https:\/\/sciences.ucf.edu\/anthropology\/kerkenes\/wp-content\/uploads\/sites\/3\/2016\/06\/itu-istanbul-teknik-universitesi-logo-e1465462412509.jpg\" alt=\"itu-istanbul-teknik-universitesi-logo\" height=\"136\" width=\"100\" title=\"itu-istanbul-teknik-universitesi-logo\" \/>\n\t\t\t\t<\/a>\n\t\t\t\t<a href=\"http:\/\/www.bu.edu\/\" target=\"_blank\" rel=\"noopener\">\n\t\t\t\t<img loading=\"lazy\" decoding=\"async\" src=\"https:\/\/sciences.ucf.edu\/anthropology\/kerkenes\/wp-content\/uploads\/sites\/3\/2016\/06\/BU-logo-e1466747643939.png\" alt=\"BU-logo\" height=\"45\" width=\"100\" title=\"BU-logo\" \/>\n\t\t\t\t<\/a>\n\t\t\t\t<a href=\"http:\/\/ccat.sas.upenn.edu\/ARIT\/\" target=\"_blank\" rel=\"noopener\">\n\t\t\t\t<img loading=\"lazy\" decoding=\"async\" src=\"https:\/\/sciences.ucf.edu\/anthropology\/kerkenes\/wp-content\/uploads\/sites\/3\/2016\/06\/ARIT-1024x333.png\" alt=\"ARIT\" height=\"228\" width=\"700\" title=\"ARIT\" \/>\n\t\t\t\t<\/a>\n\t\t\t\t<a href=\"http:\/\/biaa.ac.uk\/\" target=\"_blank\" rel=\"noopener\">\n\t\t\t\t<img loading=\"lazy\" decoding=\"async\" src=\"https:\/\/sciences.ucf.edu\/anthropology\/kerkenes\/wp-content\/uploads\/sites\/3\/2016\/06\/biaa-logo-in-letters.png\" alt=\"biaa-logo-in-letters\" height=\"96\" width=\"374\" title=\"biaa-logo-in-letters\" \/>\n\t\t\t\t<\/a>\n\t\t\t\t<a href=\"http:\/\/www.metu.edu.tr\/\" target=\"_blank\" rel=\"noopener\">\n\t\t\t\t<img loading=\"lazy\" decoding=\"async\" src=\"https:\/\/sciences.ucf.edu\/anthropology\/kerkenes\/wp-content\/uploads\/sites\/3\/2016\/06\/metu-300x210.png\" alt=\"metu\" height=\"210\" width=\"300\" title=\"metu\" \/>\n\t\t\t\t<\/a>\n\t\t\t\t<a href=\"http:\/\/oi.uchicago.edu\/\" target=\"_blank\" rel=\"noopener\">\n\t\t\t\t<img loading=\"lazy\" decoding=\"async\" src=\"https:\/\/sciences.ucf.edu\/anthropology\/kerkenes\/wp-content\/uploads\/sites\/3\/2016\/06\/OI-Logo-2014-300x131.jpg\" alt=\"OI Logo 2014\" height=\"131\" width=\"300\" title=\"OI Logo 2014\" \/>\n\t\t\t\t<\/a>\n\t<p>Click <a href=\"http:\/\/www.kerkenes.metu.edu.tr\/kerk1\/00khome\/sponscollab\/byyear.html\" target=\"_blank\" rel=\"noopener\">here<\/a> for previous sponsors.<\/p>\n\n","protected":false},"excerpt":{"rendered":"<p>The Kerkenes Project Overview of the archaeological work conducted at an Iron Age megacity in central Turkey. Overview Who We Are Our international team is committed to the documentation, conservation, and restoration of Kerkenes. Our Team Research &amp; Activities A combination of cutting-edge archaeological methods, heritage management, and education. Research The Kerkenes Project very fondly&#8230;<\/p>\n","protected":false},"author":7,"featured_media":0,"parent":0,"menu_order":0,"comment_status":"closed","ping_status":"closed","template":"full-width-page.php","meta":{"footnotes":""},"class_list":["post-136","page","type-page","status-publish","hentry"],"_links":{"self":[{"href":"https:\/\/sciences.ucf.edu\/anthropology\/kerkenes\/wp-json\/wp\/v2\/pages\/136","targetHints":{"allow":["GET"]}}],"collection":[{"href":"https:\/\/sciences.ucf.edu\/anthropology\/kerkenes\/wp-json\/wp\/v2\/pages"}],"about":[{"href":"https:\/\/sciences.ucf.edu\/anthropology\/kerkenes\/wp-json\/wp\/v2\/types\/page"}],"author":[{"embeddable":true,"href":"https:\/\/sciences.ucf.edu\/anthropology\/kerkenes\/wp-json\/wp\/v2\/users\/7"}],"replies":[{"embeddable":true,"href":"https:\/\/sciences.ucf.edu\/anthropology\/kerkenes\/wp-json\/wp\/v2\/comments?post=136"}],"version-history":[{"count":3,"href":"https:\/\/sciences.ucf.edu\/anthropology\/kerkenes\/wp-json\/wp\/v2\/pages\/136\/revisions"}],"predecessor-version":[{"id":833,"href":"https:\/\/sciences.ucf.edu\/anthropology\/kerkenes\/wp-json\/wp\/v2\/pages\/136\/revisions\/833"}],"wp:attachment":[{"href":"https:\/\/sciences.ucf.edu\/anthropology\/kerkenes\/wp-json\/wp\/v2\/media?parent=136"}],"curies":[{"name":"wp","href":"https:\/\/api.w.org\/{rel}","templated":true}]}}