{"id":281,"date":"2016-06-08T03:29:31","date_gmt":"2016-06-08T07:29:31","guid":{"rendered":"https:\/\/anthropology.cos.ucf.edu\/kerkenes\/?page_id=281"},"modified":"2024-10-07T22:52:16","modified_gmt":"2024-10-08T02:52:16","slug":"our-team","status":"publish","type":"page","link":"https:\/\/sciences.ucf.edu\/anthropology\/kerkenes\/our-team\/","title":{"rendered":"Our Team"},"content":{"rendered":"\n\n\t\t\t\t<img loading=\"lazy\" decoding=\"async\" src=\"https:\/\/sciences.ucf.edu\/anthropology\/kerkenes\/wp-content\/uploads\/sites\/3\/2016\/06\/2016010299.jpg\" alt=\"A group of people sitting on a stone wall.\" height=\"737\" width=\"3072\" title=\"2016010299\" \/>\n\t<p><a name=\"director\"><\/a><strong>Director<\/strong><\/p>\n\t\t\t\t<img loading=\"lazy\" decoding=\"async\" src=\"https:\/\/sciences.ucf.edu\/anthropology\/kerkenes\/wp-content\/uploads\/sites\/3\/2016\/06\/Branting_headshot-300x200.jpg\" alt=\"A man wearing glasses and a cowboy hat.\" height=\"200\" width=\"300\" title=\"Branting_headshot\" \/>\n\t<a href=\"mailto:scott.branting@ucf.edu\"><strong>Scott Branting<\/strong><\/a><br \/>\n<em>University of Central Florida<\/em><br \/>\nScott Branting is an archaeologist with specializations in the ancient Near East and geospatial science. He holds advanced degrees in archaeology and geography from the University at Buffalo and the University of Chicago. For ten years he served as the Director of the Center for Middle Eastern Landscapes (CAMEL) at the Oriental Institute of the University of Chicago. Scott\u00a0is also involved in using satellite images to monitor cultural heritage sites from space, and has worked on archaeological projects around the world.\n\t<p><a name=\"co-director\"><\/a><strong>Co-Director<\/strong><\/p>\n\t\t\t\t<img loading=\"lazy\" decoding=\"async\" src=\"https:\/\/sciences.ucf.edu\/anthropology\/kerkenes\/wp-content\/uploads\/sites\/3\/2016\/06\/Lehner_headshot-1-300x200.jpg\" alt=\"A man sitting on a hill.\" height=\"200\" width=\"300\" title=\"Lehner_headshot\" \/>\n\t<p><a href=\"mailto:joseph.lehner@sydney.edu.au\"><strong>Joseph W. Lehner<\/strong><\/a><\/p>\n<p><em>The University of Sydney<\/em><\/p>\n<p>Joseph Lehner is a Lecturer in <a href=\"https:\/\/www.sydney.edu.au\/arts\/about\/our-people\/academic-staff\/joseph-lehner.html\">Archaeology at The University of Sydney<\/a> and Australian Research Council Discovery Early Career Award Fellow. He finished his PhD at the UCLA Cotsen Institute of Archaeology and is a past Alexander von Humboldt German Chancellor Fellow at the University of T\u00fcbingen and a Senior Fellow at the Research Center for Anatolian Civilizations at Ko\u00e7 University in Istanbul. He conducts extensive field work in T\u00fcrkiye and Oman, and has been involved in projects elsewhere in Egypt, Ethiopia, India, Australia, and Arctic North America. His research focuses on the social, environmental, and cultural impacts of strategic resource management, in particular mining and metallurgy.<\/p>\n\t<p><a name=\"associate-dir\"><\/a><strong>Associate Directors<\/strong><\/p>\n\t\t\t\t<img loading=\"lazy\" decoding=\"async\" src=\"https:\/\/sciences.ucf.edu\/anthropology\/kerkenes\/wp-content\/uploads\/sites\/3\/2016\/06\/Sevil_2-300x206.jpg\" alt=\"A woman with glasses and a backpack walking down a dirt road.\" height=\"206\" width=\"300\" title=\"Sevil\" \/>\n\t<p><a href=\"mailto:sbaltali@itu.edu.tr\"><strong>Sevil\u00a0Baltal\u0131 T\u0131rpan<\/strong><\/a><\/p>\n<p><em>Istanbul Technical University<\/em><\/p>\n<p>Sevil Baltal\u0131 T\u0131rpan received her M.A in Near Eastern Archaeology from the University of Chicago and PhD in Anthropology from the University of Virginia. She is now an assistant professor in the Department of Humanities and Social Sciences at Istanbul Technical University. She worked on the topics of architecture and symbolism and the anthropology of houses and ritual spaces. Trained both in archaeology and anthropology, her areas of most recent research explores the topics of politics of the past, heritage and culture, local perceptions of the past, impact of archaeological praxis on local people, ethnography of archaeology, space\/place, memory, materiality and time.\u00a0 Along those interests she organized (with Aybil Goker) an international conference entitled, &#8220;Materiality, Memory and Cultural Heritage&#8221; in 2011 sponsored by T\u00fcbitak, Istanbul Technical and Yeditepe Universities. She has been conducting traditional and digital ethnographic field work on the local perceptions and representations of the past and place in \u015eahmuratl\u0131 village in Yozgat, T\u00fcrkiye.<\/p>\n\t\t\t\t<img decoding=\"async\" src=\"https:\/\/sciences.ucf.edu\/anthropology\/kerkenes\/wp-content\/plugins\/beaver-builder-lite-version\/img\/pixel.png\" alt=\"\" \/>\n\t<p><a href=\"mailto:bike_yazicioglu@sfu.ca\"><strong>G. Bike Yaz\u0131c\u0131o\u011flu<\/strong><\/a><\/p>\n<em>Simon Fraser University<br \/>\n<\/em>\n<p>G\u00f6k\u00e7e Bike Yaz\u0131c\u0131o\u011flu is an Anatolian archaeologist, whose current research focuses on isotopic investigations of human mobility and cultural dynamics of integration in early complex societies. Bike (Bee-kah) is the second Associate Director of Kerkenes Project, where she oversees excavations at the site and takes part in facilitating the project&#8217;s public outreach efforts. After Istanbul University (BA), she completed her graduate studies in Near Eastern Archaeology at the University of Chicago (MA and PhD), where she also taught and worked as project assistant. Bike has worked at excavations and surveys in T\u00fcrkiye since 1998 and continues to work as a translator and editor of publications on Anatolian archaeology since 2001. For more information about her research and published work, visit her <a href=\"https:\/\/www.sfu.ca\/archaeology\/about\/people\/adj-assoc\/Bike.html\">academic profile<\/a> and <a href=\"https:\/\/sfu.academia.edu\/G\u00f6k\u00e7eBikeYaziciogluSantamaria\">academia.edu<\/a>.<\/p>\n\t\t\t\t<img loading=\"lazy\" decoding=\"async\" src=\"https:\/\/sciences.ucf.edu\/anthropology\/kerkenes\/wp-content\/uploads\/sites\/3\/2016\/06\/Dominique_headshot-300x200.jpg\" alt=\"Dominique_headshot\" height=\"200\" width=\"300\" title=\"Dominique_headshot\" \/>\n\t<p><a href=\"mailto:dominique.langis.barsetti@mail.utoronto.ca\"><strong>Dominique Langis-Barsetti<\/strong><\/a><\/p>\n<p><em>University of Toronto<\/em><\/p>\n<p>Dominique Langis-Barsetti received her Ph.D. from the Department of Near and Middle Eastern Civilizations at the University of Toronto. She specialises in geophysics, remote sensing, 3D modelling and simulation, and ancient urbanism. Langis-Barsetti has been an active member of the Kerkenes Project since 2010 and has been an instructor on the Kerkenes Fieldschool since its inception in 2016.<\/p>\n\t<p><a name=\"assistant-dir\"><\/a><strong>Assistant Directors<\/strong><\/p>\n\t\t\t\t<img decoding=\"async\" src=\"https:\/\/sciences.ucf.edu\/anthropology\/kerkenes\/wp-content\/uploads\/sites\/3\/2022\/09\/20220526_164101-300x225.jpg\" alt=\"Two men standing in front of a wall full of photos.\" \/>\n\t<p><a href=\"mailto:tunabalik@tuta.io\"><strong>Tuna Kalayc\u0131<\/strong><\/a><\/p>\n<p><em>Leiden University<\/em><\/p>\n<p>Tuna Kalayc\u0131\u00a0is an<a href=\"https:\/\/www.universiteitleiden.nl\/en\/staffmembers\/tuna-kalayci\"> Assistant Professor of Archaeological Computer Sciences at Department of Archaeological Sciences<\/a> at Leiden University. His interests include urban studies, \u00a0production landscapes, landscapes of movement, and sensor data. Tuna holds degrees in Statistics (BSc, METU-Ankara), Settlement Archaeology (MSc, METU-Ankara), and Anthropology (PhD, University of Arkansas-Fayetteville). Before joining Leiden University, he held a post-doctoral researcher position at the IMS-FORTH (Greece) and a Marie Sk\u0142odowska-Curie Individual Fellowship at the ISPC-CNR (Italy).<\/p>\n\t\t\t\t<img loading=\"lazy\" decoding=\"async\" src=\"https:\/\/sciences.ucf.edu\/anthropology\/kerkenes\/wp-content\/uploads\/sites\/3\/2022\/04\/Robkin_photo-300x225.jpg\" alt=\"A woman is using a surveying equipment in a field.\" height=\"225\" width=\"300\" title=\"Jessica Robkin\" \/>\n\t<a href=\"mailto:jrrobkin@knights.ucf.edu\"><strong>Jessica Robkin<\/strong><\/a><br \/>\n<strong>Geospatial Coordinator<\/strong><br \/>\n<em>University of Central Florida<\/em>\n<p>Jessica Robkin is an <a href=\"https:\/\/graduate.ucf.edu\/profile\/jessica-robkin\">Assistant Professor in the History department at the University of Central Florida<\/a>. She is a UCF graduate, a member of the <a href=\"https:\/\/chronopoints.eecs.ucf.edu\/\">ChronoPoints Project<\/a> for the digital documentation of culture, and specializes in geospatial studies, social organization, modelling and simulation, and heritage protection and management. She has been a part of the Kerkenes Project since 2019.<\/p>\n\t\t\t\t<img loading=\"lazy\" decoding=\"async\" src=\"https:\/\/sciences.ucf.edu\/anthropology\/kerkenes\/wp-content\/uploads\/sites\/3\/2022\/04\/soron-foto_1-300x214.jpg\" alt=\"A man in a lab coat.\" height=\"214\" width=\"300\" title=\"Soran Avcil\" \/>\n\t<a href=\"mailto:soranavcil@hotmail.com\"><strong>Soran Avcil<\/strong><\/a><br \/>\n<strong>Senior Conservator<\/strong><br \/>\nSoran is a freelance conservator. He carries a bachelor&#8217;s degree from Batman University and studied archaeology at the University of Foggia. He undertook postgraduate courses at Gazi University. He has been a member of Kerkenes team since 2015, and also works at \u00c7ad\u0131r H\u00f6y\u00fck, Tell Tayinat and other projects in T\u00fcrkiye. His archaeological conservation and experimental conservation studies continue.\n\t<p><a name=\"senior-researchers\"><\/a><strong>Senior Researchers<\/strong><\/p>\n\t\t\t\t<img loading=\"lazy\" decoding=\"async\" src=\"https:\/\/sciences.ucf.edu\/anthropology\/kerkenes\/wp-content\/uploads\/sites\/3\/2022\/04\/nby-IMG_1271-2-300x200.jpg\" alt=\"A woman standing in front of a waterfall.\" height=\"200\" width=\"300\" title=\"Nil\u00fcfer Baturayo\u011flu Y\u00f6ney\" \/>\n\t<p><a href=\"mailto:nilufer.yoney@gmail.com\"><strong>Nil\u00fcfer Baturayo\u011flu Y\u00f6ney<\/strong><\/a><\/p>\n<p><strong>Architectural Documentation and Preservation Coordinator<\/strong><\/p>\n<p><em>Mustafa Kemal University<\/em><\/p>\n<p>Nil\u00fcfer Baturayo\u011flu Y\u00f6ney is a preservation architect specializing in archaeological survey, documentation and preservation methods, heritage management, and the history, characterization, and conservation of building materials and technologies. Prior to becoming a professor at MKU, she worked at Abdullah Gul University and Istanbul Technical University, where she received her PhD. In addition to working at several archaeological sites in T\u00fcrkiye, she has been a member of the Kerkenes Team since 1993. She has documented most of the structures at Kerkenes and acted as the architectural consultant for the restoration project at the Cappadocia Gate.<\/p>\n\t\t\t\t<img loading=\"lazy\" decoding=\"async\" src=\"https:\/\/sciences.ucf.edu\/anthropology\/kerkenes\/wp-content\/uploads\/sites\/3\/2022\/04\/Marston_photo-300x204.jpg\" alt=\"A man in a lab looking at a microscope.\" height=\"204\" width=\"300\" title=\"John Marston\" \/>\n\t<p><a href=\"mailto:marston@bu.edu\"><strong>John M. Marston<\/strong><\/a><\/p>\n<p><em>Boston University<\/em><\/p>\nJohn M. Marston is an environmental archaeologist who studies the long-term sustainability of agriculture and land use\u00a0in the Mediterranean and western Asia. His research focuses on the environmental signatures of empire and climate-change adaptation in the ancient Near East.\u00a0A specialist in paleoethnobotany, the study of archaeological plant remains, Marston&#8217;s\u00a0contributions to the field include novel ways of linking ecological theory with archaeological methods to reconstruct\u00a0agricultural and land-use strategies from plant and animal remains. Marston has worked with the Kerkenes project since 2010, where he focuses on the recovery and analysis of botanical remains from the site, with the goal of reconstructing household-level variability in agriculture and land use. Marston is the Director of the\u00a0<a href=\"http:\/\/sites.bu.edu\/ealab\/\">Environmental Archaeology Laboratory<\/a> at Boston University.\n\t\t\t\t<img loading=\"lazy\" decoding=\"async\" src=\"https:\/\/sciences.ucf.edu\/anthropology\/kerkenes\/wp-content\/uploads\/sites\/3\/2016\/06\/sarah-300x206.jpg\" alt=\"A woman holding a piece of clay.\" height=\"206\" width=\"300\" title=\"sarah\" \/>\n\t<p><a href=\"mailto:sarah.r.graff@asu.edu\"><strong>Sarah Graff<\/strong><\/a><\/p>\n<p><em>Barrett, The Honors College, <\/em><em>Arizona State University<\/em><\/p>\n<p>Sarah R. Graff is an archaeologist who received her Ph.D. in Anthropology from the University of Chicago in 2006. Her research examines social interactions, especially in the context of the production, exchange and consumption of ceramic containers. She analyzes ceramic production techniques and ceramic use, such as ceramics used for cooking and food preparation, in context. Methodologically she uses petrographic analysis to learn more about production techniques. Sarah has worked on archaeological projects in Syria, T\u00fcrkiye, and Oman, including projects she designed, funded, and directed. She was a Harper-Schmidt Fellow at The University of Chicago and held an American Association of University Women (AAUW) Post-Doctoral Fellowship before joining the faculty at Barrett, The Honors College at Arizona State University.<\/p>\n\t\t\t\t<img loading=\"lazy\" decoding=\"async\" src=\"https:\/\/sciences.ucf.edu\/anthropology\/kerkenes\/wp-content\/uploads\/sites\/3\/2016\/06\/Proctor-720x480-300x200.jpg\" alt=\"Two men kneeling in the dirt with buckets.\" height=\"200\" width=\"300\" title=\"Proctor 720x480\" \/>\n\t<p><a href=\"mailto:proctor@em.uni-frankfurt.de\"><strong>Lucas Proctor<\/strong><\/a><\/p>\n<em>Institut f\u00fcr Arch\u00e4ologische Wissenschaften<\/em><br \/>\n<em>J.W. Goethe-Universit\u00e4t Frankfurt am Main<\/em>\nLucas Proctor is a postdoctoral researcher at Goethe University Frankfurt. He completed his PhD in Anthropology at the University of Connecticut. As an environmental archaeologist and archaeobotanist, his research engages with the dynamic ways in which people, plants, and the environment interacted in the past, with a particular focus on agropastoralism, urbanism, and woodland resource exploitation strategies in semi-arid landscapes. Lucas is currently engaged in interdisciplinary research projects spanning Southwest Asia, with active field work in T\u00fcrkiye, Iraq, and Oman. His work has been funded through the U.S. National Science Foundation and the German Federal Ministry of Education and Research.\n\t\t\t\t<img loading=\"lazy\" decoding=\"async\" src=\"https:\/\/sciences.ucf.edu\/anthropology\/kerkenes\/wp-content\/uploads\/sites\/3\/2016\/06\/14-ekim-ben-GIA-300x200.jpg\" alt=\"A woman in a museum holding an animal skeleton.\" height=\"200\" width=\"300\" title=\"14 ekim ben GIA\" \/>\n\t<p><a href=\"mailto:c.cakirlar@rug.nl\"><strong>Canan \u00c7ak\u0131rlar-Oddens<\/strong><\/a><\/p>\n<p><em>Groningen University<\/em><\/p>\n<p>Canan is the senior zooarchaeologist of the project and the director of the zooarchaeology lab of the Institute of Archaeology at Groningen University, Institute of Archaeology. Her research interests include the dispersal and development of husbandry technologies, management of aquatic resources, climatic fluctuations and societal change, provisioning of state-level societies, and human impact on Holocene zoogeography. Her previous studies in western T\u00fcrkiye have focused on Ulucak, Yenibademli, and Troy. \u00a0For more information, please visit her <a href=\"http:\/\/www.rug.nl\/staff\/c.cakirlar\/\">academic profile<\/a> and the <a href=\"http:\/\/www.rug.nl\/research\/groningen-institute-of-archaeology\/research\/archeozoologie\">Archaeozoology Laboratory<\/a> at Groningen University.<\/p>\n\t<p><strong>Official Site Guard<\/strong><\/p>\n\t<p><strong>Kadir Erciyas<\/strong><\/p>\n\n","protected":false},"excerpt":{"rendered":"<p>Director Scott Branting University of Central Florida Scott Branting is an archaeologist with specializations in the ancient Near East and geospatial science. He holds advanced degrees in archaeology and geography from the University at Buffalo and the University of Chicago. For ten years he served as the Director of the Center for Middle Eastern Landscapes&#8230;<\/p>\n","protected":false},"author":7,"featured_media":0,"parent":0,"menu_order":0,"comment_status":"closed","ping_status":"closed","template":"full-width-page.php","meta":{"footnotes":""},"class_list":["post-281","page","type-page","status-publish","hentry"],"_links":{"self":[{"href":"https:\/\/sciences.ucf.edu\/anthropology\/kerkenes\/wp-json\/wp\/v2\/pages\/281","targetHints":{"allow":["GET"]}}],"collection":[{"href":"https:\/\/sciences.ucf.edu\/anthropology\/kerkenes\/wp-json\/wp\/v2\/pages"}],"about":[{"href":"https:\/\/sciences.ucf.edu\/anthropology\/kerkenes\/wp-json\/wp\/v2\/types\/page"}],"author":[{"embeddable":true,"href":"https:\/\/sciences.ucf.edu\/anthropology\/kerkenes\/wp-json\/wp\/v2\/users\/7"}],"replies":[{"embeddable":true,"href":"https:\/\/sciences.ucf.edu\/anthropology\/kerkenes\/wp-json\/wp\/v2\/comments?post=281"}],"version-history":[{"count":21,"href":"https:\/\/sciences.ucf.edu\/anthropology\/kerkenes\/wp-json\/wp\/v2\/pages\/281\/revisions"}],"predecessor-version":[{"id":879,"href":"https:\/\/sciences.ucf.edu\/anthropology\/kerkenes\/wp-json\/wp\/v2\/pages\/281\/revisions\/879"}],"wp:attachment":[{"href":"https:\/\/sciences.ucf.edu\/anthropology\/kerkenes\/wp-json\/wp\/v2\/media?parent=281"}],"curies":[{"name":"wp","href":"https:\/\/api.w.org\/{rel}","templated":true}]}}