{"id":4783,"date":"2021-09-09T09:41:24","date_gmt":"2021-09-09T13:41:24","guid":{"rendered":"https:\/\/sciences.ucf.edu\/anthropology\/?page_id=4783"},"modified":"2025-02-04T11:45:33","modified_gmt":"2025-02-04T16:45:33","slug":"lab-publications","status":"publish","type":"page","link":"https:\/\/sciences.ucf.edu\/anthropology\/research\/laboratory-for-bioarchaeological-sciences\/lab-publications\/","title":{"rendered":"Lab Publications"},"content":{"rendered":"<p><strong><u>TOYNE <\/u><\/strong><\/p>\n<p><strong>2022<\/strong>\u00a0 \u00a0 \u00a0<strong>Toyne, J.M.<\/strong>, Nystrom, K.C., \u010celhar, M. Liburian lunches: Stable isotope analysis from the Iron Age site of Nadin-Gradina, Croatia. <em>International Journal of Osteoarchaeology<\/em>. Accepted July 2021.<\/p>\n<p><strong>2020<\/strong>\u00a0 \u00a0 <strong>Toyne, J.M.<\/strong>, Turner, B.L. Advances in Andean stable isotopes: beyond diet and mobility. <em>International Journal of Paleopathology<\/em>. 29:117-127. <a href=\"https:\/\/doi.org\/10.1016\/j.ijpp.2019.11.002\">https:\/\/doi.org\/10.1016\/j.ijpp.2019.11.002<\/a><\/p>\n<p><strong>2020<\/strong>\u00a0\u00a0\u00a0 <strong>Toyne, J.M.<\/strong>, Michell, S.*, Denierio, M**., Narv\u00e1ez, A. Examining human and animal isotopic variation in the eastern montane of Peru. <em>Quaternary International.<\/em> 548 (2020): 57-70. <a href=\"https:\/\/doi.org\/10.1016\/j.quaint.2020.03.046\">https:\/\/doi.org\/10.1016\/j.quaint.2020.03.046<\/a><\/p>\n<p><strong>2017<\/strong>\u00a0\u00a0\u00a0\u00a0 <strong>Toyne,<\/strong> <strong>J.M.<\/strong>, Church, W.B., Coronado, L., Morales Gamarra, R. Exploring imperial expansion using an isotopic analysis of paleodiet and paleomobility indicators in Chachapoyas, Peru. <em>American<\/em> <em>Journal of Physical Anthropology.<\/em>162:1:51-72. <a href=\"https:\/\/doi.org\/10.1002\/ajpa.23085\">https:\/\/doi.org\/10.1002\/ajpa.23085<\/a><\/p>\n<p><strong>2016<\/strong>\u00a0\u00a0\u00a0 <strong>Toyne, J.M.<\/strong>, Verano, J.W., White, C.D., Longstaffe, F.J. La vida de un guerrero: un an\u00e1lisis isot\u00f3pico del sacrificio y la Guerra moche. In: Pardo, C., editor. Conflicto y negociaci\u00f3n en los Andes prehisp\u00e1nicos: los Mochicas y sus vecinos. Lima: Museo de Art de Lima \u2013 MALI, Lima, Peru. p 12-22. (In Spanish)<\/p>\n<p><strong>2014<\/strong> \u00a0\u00a0\u00a0 <strong>Toyne, J.M.,<\/strong> White, C.D., Verano, J.W., Uceda Castillo, S., Millaire, J.F., Longstaffe, F.J. Residential histories of elites and sacrificial victims at Huacas de Moche, Peru, as reconstructed from oxygen isotopes.\u00a0 <em>Journal of Archaeological Science<\/em>. 42:15-28. <a href=\"http:\/\/dx.doi.org\/10.1016\/j.jas.2013.10.036\">http:\/\/dx.doi.org\/10.1016\/j.jas.2013.10.036<\/a><\/p>\n<p>&nbsp;<\/p>\n<p>*Indicates graduate student contributor<\/p>\n<p>**Indicates undergraduate student<\/p>\n\n\t\t<!-- MasterSlider -->\n\t\t<div id=\"P_MS6a00f4f8c94f6\" class=\"master-slider-parent msl ms-parent-id-21\" style=\"max-width:1000px;\">\n\n\t\t\t\n\t\t\t<!-- MasterSlider Main -->\n\t\t\t<div id=\"MS6a00f4f8c94f6\" class=\"master-slider ms-skin-default\" >\n\t\t\t\t \t\t\t\t \n\t\t\t\t<div  class=\"ms-slide\" data-delay=\"3\" data-fill-mode=\"fit\"  >\n\t\t\t\t\t<img decoding=\"async\" src=\"https:\/\/sciences.ucf.edu\/anthropology\/wp-content\/plugins\/master-slider\/public\/assets\/css\/blank.gif\" alt=\"Iso Pub Slide 1\" title=\"\" data-src=\"https:\/\/sciences.ucf.edu\/anthropology\/wp-content\/uploads\/sites\/2\/2021\/09\/Publications-20140123_143024-scaled.jpg\" \/>\n\n\n\t<div class=\"ms-thumb\" ><div class=\"ms-tab-context\"><div class=\"&quot;ms-tab-context&quot;\"><\/div><\/div>\n<\/div>\n\t\t\t\t<\/div>\n\t\t\t\t<div  class=\"ms-slide\" data-delay=\"3\" data-fill-mode=\"fit\"  >\n\t\t\t\t\t<img decoding=\"async\" src=\"https:\/\/sciences.ucf.edu\/anthropology\/wp-content\/plugins\/master-slider\/public\/assets\/css\/blank.gif\" alt=\"Iso Pub Slide 2\" title=\"\" data-src=\"https:\/\/sciences.ucf.edu\/anthropology\/wp-content\/uploads\/sites\/2\/2021\/09\/Publications-20140123_134906-scaled.jpg\" \/>\n\n\n\t<div class=\"ms-thumb\" ><div class=\"ms-tab-context\"><div class=\"&quot;ms-tab-context&quot;\"><\/div><\/div>\n<\/div>\n\t\t\t\t<\/div>\n\t\t\t\t<div  class=\"ms-slide\" data-delay=\"3.5\" data-fill-mode=\"fit\"  >\n\t\t\t\t\t<img decoding=\"async\" src=\"https:\/\/sciences.ucf.edu\/anthropology\/wp-content\/plugins\/master-slider\/public\/assets\/css\/blank.gif\" alt=\"Iso Pub Slide 3\" title=\"\" data-src=\"https:\/\/sciences.ucf.edu\/anthropology\/wp-content\/uploads\/sites\/2\/2021\/09\/PUblications-20140123_144858-scaled.jpg\" \/>\n\n\n\t<div class=\"ms-thumb\" ><div class=\"ms-tab-context\"><div class=\"&quot;ms-tab-context&quot;\"><\/div><\/div>\n<\/div>\n\t\t\t\t<\/div>\n\n\t\t\t<\/div>\n\t\t\t<!-- END MasterSlider Main -->\n\n\t\t\t \n\t\t<\/div>\n\t\t<!-- END MasterSlider -->\n\n\t\t<script>\n\t\t(function ( $ ) {\n\t\t\t\"use strict\";\n\n\t\t\t$(function () {\n\t\t\t\tvar masterslider_94f6 = new MasterSlider();\n\n\t\t\t\t\/\/ slider controls\n\t\t\t\tmasterslider_94f6.control('arrows'     ,{ autohide:true, overVideo:true  });\n\t\t\t\t\/\/ slider setup\n\t\t\t\tmasterslider_94f6.setup(\"MS6a00f4f8c94f6\", {\n\t\t\t\t\t\twidth           : 1000,\n\t\t\t\t\t\theight          : 500,\n\t\t\t\t\t\tminHeight       : 0,\n\t\t\t\t\t\tspace           : 0,\n\t\t\t\t\t\tstart           : 1,\n\t\t\t\t\t\tgrabCursor      : true,\n\t\t\t\t\t\tswipe           : true,\n\t\t\t\t\t\tmouse           : true,\n\t\t\t\t\t\tlayout          : \"boxed\",\n\t\t\t\t\t\twheel           : false,\n\t\t\t\t\t\tautoplay        : false,\n\t\t\t\t\t\tinstantStartLayers:false,\n\t\t\t\t\t\tloop            : false,\n\t\t\t\t\t\tshuffle         : false,\n\t\t\t\t\t\tpreload         : 0,\n\t\t\t\t\t\theightLimit     : true,\n\t\t\t\t\t\tautoHeight      : false,\n\t\t\t\t\t\tsmoothHeight    : true,\n\t\t\t\t\t\tendPause        : false,\n\t\t\t\t\t\toverPause       : true,\n\t\t\t\t\t\tfillMode        : \"fill\",\n\t\t\t\t\t\tcenterControls  : true,\n\t\t\t\t\t\tstartOnAppear   : false,\n\t\t\t\t\t\tlayersMode      : \"center\",\n\t\t\t\t\t\thideLayers      : false,\n\t\t\t\t\t\tfullscreenMargin: 0,\n\t\t\t\t\t\tspeed           : 20,\n\t\t\t\t\t\tdir             : \"h\",\n\t\t\t\t\t\tparallaxMode    : 'swipe',\n\t\t\t\t\t\tview            : \"basic\"\n\t\t\t\t});\n\n\t\t\t\t\n\t\t\t\twindow.masterslider_instances = window.masterslider_instances || [];\n\t\t\t\twindow.masterslider_instances.push( masterslider_94f6 );\n\t\t\t });\n\n\t\t})(jQuery);\n\t\t<\/script>\n\n\n","protected":false},"excerpt":{"rendered":"TOYNE 2022\u00a0 \u00a0 \u00a0Toyne, J.M., Nystrom, K.C., \u010celhar, M. Liburian lunches: Stable isotope analysis from the Iron Age site of Nadin-Gradina, Croatia. International Journal of Osteoarchaeology. Accepted July 2021. 2020\u00a0 \u00a0 Toyne, J.M., Turner, B.L. Advances in Andean stable isotopes: beyond diet and mobility. International Journal of Paleopathology. 29:117-127. https:\/\/doi.org\/10.1016\/j.ijpp.2019.11.002 2020\u00a0\u00a0\u00a0 Toyne, J.M., Michell, S.*, [&hellip;]","protected":false},"author":13,"featured_media":0,"parent":334,"menu_order":0,"comment_status":"closed","ping_status":"closed","template":"","meta":{"_acf_changed":false,"footnotes":"","_links_to":"","_links_to_target":""},"class_list":["post-4783","page","type-page","status-publish","hentry"],"acf":[],"_links":{"self":[{"href":"https:\/\/sciences.ucf.edu\/anthropology\/wp-json\/wp\/v2\/pages\/4783","targetHints":{"allow":["GET"]}}],"collection":[{"href":"https:\/\/sciences.ucf.edu\/anthropology\/wp-json\/wp\/v2\/pages"}],"about":[{"href":"https:\/\/sciences.ucf.edu\/anthropology\/wp-json\/wp\/v2\/types\/page"}],"author":[{"embeddable":true,"href":"https:\/\/sciences.ucf.edu\/anthropology\/wp-json\/wp\/v2\/users\/13"}],"replies":[{"embeddable":true,"href":"https:\/\/sciences.ucf.edu\/anthropology\/wp-json\/wp\/v2\/comments?post=4783"}],"version-history":[{"count":6,"href":"https:\/\/sciences.ucf.edu\/anthropology\/wp-json\/wp\/v2\/pages\/4783\/revisions"}],"predecessor-version":[{"id":6098,"href":"https:\/\/sciences.ucf.edu\/anthropology\/wp-json\/wp\/v2\/pages\/4783\/revisions\/6098"}],"up":[{"embeddable":true,"href":"https:\/\/sciences.ucf.edu\/anthropology\/wp-json\/wp\/v2\/pages\/334"}],"wp:attachment":[{"href":"https:\/\/sciences.ucf.edu\/anthropology\/wp-json\/wp\/v2\/media?parent=4783"}],"curies":[{"name":"wp","href":"https:\/\/api.w.org\/{rel}","templated":true}]}}