{"id":627,"date":"2014-07-23T11:50:24","date_gmt":"2014-07-23T15:50:24","guid":{"rendered":"http:\/\/jenkins.cos.ucf.edu\/?page_id=627"},"modified":"2014-07-23T11:50:24","modified_gmt":"2014-07-23T15:50:24","slug":"dave-jenkins-erdos-number","status":"publish","type":"page","link":"https:\/\/sciences.ucf.edu\/biology\/jenkins\/dave-jenkins-erdos-number\/","title":{"rendered":"Dave Jenkins&#8217; Erd\u00f6s number"},"content":{"rendered":"<p>Thanks to <a href=\"http:\/\/learnserver.net\/faculty\/keithmiller\/\">Keith Miller<\/a>, Dave&#8217;s<a href=\"https:\/\/en.wikipedia.org\/wiki\/Erd%C5%91s_number\"> Erd\u00f6s number<\/a> is 4. Papers are:<\/p>\n<ol>\n<li>Erd\u00f6s, P, RL Hemminger, DA Holton and BD McKay. 1984. On the chessmaster problem, in Progress in Graph Theory. pgs. 532-536. Academic Press.<\/li>\n<li>Wolf, MJ, S Easteal, M Kahn, BD McKay and LS Jermiin. 2000. TrExML: A maximum likelihood program for extensive tree-space exploration.\u00a0 <em>Bioinformatics <\/em>16: 383-394.<\/li>\n<li>Grodzinsky, F, K Miller and M Wolf. Ethical Issues in open source software. 2003. <em>J. Information, Communication and Ethics in Society<\/em> 1:193-205.<\/li>\n<li><span class=\"cit-gray\">Jenkins, DG, S Grissom, and K Miller. 2003. <\/span>Consequences of prairie wetland drainage for crustacean biodiversity and metapopulations. <span class=\"cit-gray\"><em>Conservation Biology<\/em> 17:158-167.<\/span><\/li>\n<\/ol>\n","protected":false},"excerpt":{"rendered":"<p>Thanks to Keith Miller, Dave&#8217;s Erd\u00f6s number is 4. Papers are: Erd\u00f6s, P, RL Hemminger, DA Holton and BD McKay. 1984. On the chessmaster problem, in Progress in Graph Theory. pgs. 532-536. Academic Press. Wolf, MJ, S Easteal, M Kahn, &hellip; <a href=\"https:\/\/sciences.ucf.edu\/biology\/jenkins\/dave-jenkins-erdos-number\/\">Continue reading <span class=\"meta-nav\">&rarr;<\/span><\/a><\/p>\n","protected":false},"author":34,"featured_media":0,"parent":0,"menu_order":0,"comment_status":"closed","ping_status":"closed","template":"","meta":{"footnotes":""},"class_list":["post-627","page","type-page","status-publish","hentry"],"yoast_head":"<!-- This site is optimized with the Yoast SEO plugin v27.2 - https:\/\/yoast.com\/product\/yoast-seo-wordpress\/ -->\n<title>Dave Jenkins&#039; Erd\u00f6s number - UCF d3 ecology lab<\/title>\n<meta name=\"robots\" content=\"index, follow, max-snippet:-1, max-image-preview:large, max-video-preview:-1\" \/>\n<link rel=\"canonical\" href=\"https:\/\/sciences.ucf.edu\/biology\/jenkins\/dave-jenkins-erdos-number\/\" \/>\n<meta property=\"og:locale\" content=\"en_US\" \/>\n<meta property=\"og:type\" content=\"article\" \/>\n<meta property=\"og:title\" content=\"Dave Jenkins&#039; Erd\u00f6s number - UCF d3 ecology lab\" \/>\n<meta property=\"og:description\" content=\"Thanks to Keith Miller, Dave&#8217;s Erd\u00f6s number is 4. Papers are: Erd\u00f6s, P, RL Hemminger, DA Holton and BD McKay. 1984. On the chessmaster problem, in Progress in Graph Theory. pgs. 532-536. Academic Press. Wolf, MJ, S Easteal, M Kahn, &hellip; Continue reading &rarr;\" \/>\n<meta property=\"og:url\" content=\"https:\/\/sciences.ucf.edu\/biology\/jenkins\/dave-jenkins-erdos-number\/\" \/>\n<meta property=\"og:site_name\" content=\"UCF d3 ecology lab\" \/>\n<meta name=\"twitter:card\" content=\"summary_large_image\" \/>\n<script type=\"application\/ld+json\" class=\"yoast-schema-graph\">{\"@context\":\"https:\/\/schema.org\",\"@graph\":[{\"@type\":\"WebPage\",\"@id\":\"https:\/\/sciences.ucf.edu\/biology\/jenkins\/dave-jenkins-erdos-number\/\",\"url\":\"https:\/\/sciences.ucf.edu\/biology\/jenkins\/dave-jenkins-erdos-number\/\",\"name\":\"Dave Jenkins' Erd\u00f6s number - UCF d3 ecology lab\",\"isPartOf\":{\"@id\":\"https:\/\/sciences.ucf.edu\/biology\/jenkins\/#website\"},\"datePublished\":\"2014-07-23T15:50:24+00:00\",\"inLanguage\":\"en-US\",\"potentialAction\":[{\"@type\":\"ReadAction\",\"target\":[\"https:\/\/sciences.ucf.edu\/biology\/jenkins\/dave-jenkins-erdos-number\/\"]}]},{\"@type\":\"WebSite\",\"@id\":\"https:\/\/sciences.ucf.edu\/biology\/jenkins\/#website\",\"url\":\"https:\/\/sciences.ucf.edu\/biology\/jenkins\/\",\"name\":\"UCF d3 ecology lab\",\"description\":\"Diversity x Dispersal x Distributions\",\"potentialAction\":[{\"@type\":\"SearchAction\",\"target\":{\"@type\":\"EntryPoint\",\"urlTemplate\":\"https:\/\/sciences.ucf.edu\/biology\/jenkins\/?s={search_term_string}\"},\"query-input\":{\"@type\":\"PropertyValueSpecification\",\"valueRequired\":true,\"valueName\":\"search_term_string\"}}],\"inLanguage\":\"en-US\"}]}<\/script>\n<!-- \/ Yoast SEO plugin. -->","yoast_head_json":{"title":"Dave Jenkins' Erd\u00f6s number - UCF d3 ecology lab","robots":{"index":"index","follow":"follow","max-snippet":"max-snippet:-1","max-image-preview":"max-image-preview:large","max-video-preview":"max-video-preview:-1"},"canonical":"https:\/\/sciences.ucf.edu\/biology\/jenkins\/dave-jenkins-erdos-number\/","og_locale":"en_US","og_type":"article","og_title":"Dave Jenkins' Erd\u00f6s number - UCF d3 ecology lab","og_description":"Thanks to Keith Miller, Dave&#8217;s Erd\u00f6s number is 4. Papers are: Erd\u00f6s, P, RL Hemminger, DA Holton and BD McKay. 1984. On the chessmaster problem, in Progress in Graph Theory. pgs. 532-536. Academic Press. Wolf, MJ, S Easteal, M Kahn, &hellip; Continue reading &rarr;","og_url":"https:\/\/sciences.ucf.edu\/biology\/jenkins\/dave-jenkins-erdos-number\/","og_site_name":"UCF d3 ecology lab","twitter_card":"summary_large_image","schema":{"@context":"https:\/\/schema.org","@graph":[{"@type":"WebPage","@id":"https:\/\/sciences.ucf.edu\/biology\/jenkins\/dave-jenkins-erdos-number\/","url":"https:\/\/sciences.ucf.edu\/biology\/jenkins\/dave-jenkins-erdos-number\/","name":"Dave Jenkins' Erd\u00f6s number - UCF d3 ecology lab","isPartOf":{"@id":"https:\/\/sciences.ucf.edu\/biology\/jenkins\/#website"},"datePublished":"2014-07-23T15:50:24+00:00","inLanguage":"en-US","potentialAction":[{"@type":"ReadAction","target":["https:\/\/sciences.ucf.edu\/biology\/jenkins\/dave-jenkins-erdos-number\/"]}]},{"@type":"WebSite","@id":"https:\/\/sciences.ucf.edu\/biology\/jenkins\/#website","url":"https:\/\/sciences.ucf.edu\/biology\/jenkins\/","name":"UCF d3 ecology lab","description":"Diversity x Dispersal x Distributions","potentialAction":[{"@type":"SearchAction","target":{"@type":"EntryPoint","urlTemplate":"https:\/\/sciences.ucf.edu\/biology\/jenkins\/?s={search_term_string}"},"query-input":{"@type":"PropertyValueSpecification","valueRequired":true,"valueName":"search_term_string"}}],"inLanguage":"en-US"}]}},"_links":{"self":[{"href":"https:\/\/sciences.ucf.edu\/biology\/jenkins\/wp-json\/wp\/v2\/pages\/627","targetHints":{"allow":["GET"]}}],"collection":[{"href":"https:\/\/sciences.ucf.edu\/biology\/jenkins\/wp-json\/wp\/v2\/pages"}],"about":[{"href":"https:\/\/sciences.ucf.edu\/biology\/jenkins\/wp-json\/wp\/v2\/types\/page"}],"author":[{"embeddable":true,"href":"https:\/\/sciences.ucf.edu\/biology\/jenkins\/wp-json\/wp\/v2\/users\/34"}],"replies":[{"embeddable":true,"href":"https:\/\/sciences.ucf.edu\/biology\/jenkins\/wp-json\/wp\/v2\/comments?post=627"}],"version-history":[{"count":0,"href":"https:\/\/sciences.ucf.edu\/biology\/jenkins\/wp-json\/wp\/v2\/pages\/627\/revisions"}],"wp:attachment":[{"href":"https:\/\/sciences.ucf.edu\/biology\/jenkins\/wp-json\/wp\/v2\/media?parent=627"}],"curies":[{"name":"wp","href":"https:\/\/api.w.org\/{rel}","templated":true}]}}