{"id":30,"date":"2022-10-03T11:54:40","date_gmt":"2022-10-03T15:54:40","guid":{"rendered":"https:\/\/sciencescosmaincms.cm.ucf.edu\/physics\/afmspin\/?page_id=30"},"modified":"2023-10-03T16:42:43","modified_gmt":"2023-10-03T20:42:43","slug":"research-highlights","status":"publish","type":"page","link":"https:\/\/sciences.ucf.edu\/physics\/afmspin\/research-highlights\/","title":{"rendered":"Publications"},"content":{"rendered":"<ol>\n<li>Priyanka Vaidya, Sophie A. Morley, <strong>Johan van Tol<\/strong>, Yan Liu, <strong>Ran Cheng<\/strong>, <strong>Arne Brataas<\/strong>, <strong>David Lederman<\/strong>, and <strong>Enrique del Barco<\/strong>, \u201c<em>Subterahertz spin pumping from an insulating antiferromagnet\u201d, Science <strong>368<\/strong>, 160-165 (2020)<\/em> \/ Work highlighted in the Journal by a perspective article:<em> Spin pumping gathers speed, by Axel Hoffman, Science 368, 135-136 (2020)<\/em><\/li>\n<li>P. Yu. Artemchuk,\u00a0 O. R. Sulymenko,\u00a0 S. Louis,\u00a0 J. Li,\u00a0\u00a0 R. S. Khymyn,\u00a0\u00a0\u00a0 E. Bankowski, T. Meitzler, <strong>V. S. Tyberkevych<\/strong>, <strong>A. N. Slavin<\/strong>, and O. V. Prokopenko, \u201c<em>Terahertz frequency spectrum analysis with a nanoscale antiferromagnetic tunnel junction\u201d<\/em>,<em> J. Appl. Phys. <strong>127<\/strong>, 063905 (2020)<\/em>; doi: 10.1063\/1.5140552<\/li>\n<li>Michael Schneider,\u00a0\u00a0 Thomas Bra\u0308cher,\u00a0\u00a0 David Breitbach,\u00a0\u00a0 Viktor Lauer,\u00a0\u00a0 Philipp Pirro , Dmytro A. Bozhko , Halyna Yu. Musiienko-Shmarova, Bjorn Heinz , Qi Wang , Thomas Meyer, Frank Heussner , Sascha Keller, Evangelos Th. Papaioannou, Bert La\u0308gel, Thomas Lober, Carsten Dubs , <strong>Andrei N. Slavin<\/strong>, <strong>Vasyl S. Tiberkevich<\/strong>, Alexander A. Serga, Burkard Hillebrands\u00a0 and Andrii V. Chumak,\u00a0 <em>\u201cBose\u2013Einstein condensation of quasiparticles by rapid cooling\u201d, Nature Nanotechnology\u00a0(2020)<\/em>. https:\/\/doi.org\/10.1038\/s41565-020-0671-z<\/li>\n<li>Roman Verba, <strong>Vasil Tiberkevich<\/strong>, and <strong>Andrei Slavin<\/strong>, <em>\u201cSpin-wave transmission through an internal boundary: Beyond the scalar approximation\u201d, Phys. Rev.B <strong>101<\/strong>, 144430 (2020)<\/em><\/li>\n<li>P.A. Popov, A.R. Safin, A. Kirilyuk, S.A. Nikitov, I. Lisenkov, <strong>V. Tyberkevich<\/strong>, and <strong>A. Slavin<\/strong>, <em>\u201cVoltage-controlled anisotropy and current-induced magnetization dynamics in antiferromagnetic- piezoelectric heterostructures\u201d, Phys. Rev. Applied <strong>13<\/strong>, 044080 (2020)<\/em><\/li>\n<li>A. McCullian, A.M. Thabt, B.A. Gray, A.L. Melendez, M.S. Wolf, V.L. Safonov, D.V. Pelekhov, V.P. Bhallamudi, <strong>M.R. Page<\/strong>, and <strong>P. C. Hammel<\/strong>,<em> \u201cBroadband multi-magnon relaxometry using a quantum spin sensor for high frequency ferromagnetic dynamics sensing\u201d, Nature Communications <strong>11<\/strong>, 5229 (2020)<\/em><\/li>\n<li>Dmytro A. Bozhko, Halyna Yu. Musiienko-Shmarova, <strong>Vasyl S. Tiberkevich<\/strong>, <strong>Andrei N. Slavin<\/strong>, Ihor I. Syvorotka, Burkard Hillebrands and Alexander A. Serga, <em>\u201cUnconventional Spin Currents in Magnetic Films\u201d, Phys.Rev. Research, <strong>2<\/strong>, 023324 (2020)<\/em><\/li>\n<li>A. Litvinenko, V. Iurchuk, P. Sethi, S. Louis, <strong>V. Tyberkevych<\/strong>, J. Li, A. Jenkins, R.Ferreira, B. Dieny, <strong>A. N. Slavin<\/strong>, U. Ebels, <em>\u201cUltrafast Sweep-Tuned Spectrum Analyzer with Temporal Resolution Based on a Spin-Torque Nano-Oscillator\u201d, Nano Lett. \u00a0<strong>20<\/strong> (8), 6104\u20136111 (2020).<\/em> <a href=\"https:\/\/doi.org\/10.1021\/acs.nanolett.0c02195\">https:\/\/doi.org\/10.1021\/acs.nanolett.0c02195<\/a><\/li>\n<li>Safin,\u00a0 V. Puliafito, M. Carpentieri, G. Finocchio, S. Nikitov ,P. Stremoukhov,\u00a0 A. Kirilyuk, <strong>V. Tyberkevych<\/strong> and <strong>A. Slavin<\/strong>, <em>\u201cElectrically tunable THz-detector based on an antiferromagnet\u201d , \u00a0Appl. Phys. Lett.<strong> 117<\/strong>, 222411 (2020)<\/em>; https:\/\/doi.org\/10.1063\/5.0031053<\/li>\n<li>P. Yu. Artemchuk, O. V. Prokopenko, E. N. Bankowski, T. J. Meitzler, <strong>V. S. Tyberkevych<\/strong>, and \u00a0<strong>A. N. Slavin<\/strong>,\u00a0 <em>&#8220;RF signal detector and energy harvester based on a spin-torque diode with perpendicular magnetic anisotropy\u201d, AIP Advances <strong>11<\/strong>, 025234 (2021)<\/em>; <a href=\"https:\/\/doi.org\/10.1063\/5.0042390\">https:\/\/doi.org\/10.1063\/5.0042390<\/a><\/li>\n<li>Roman Verba , Lukas K\u00f6rber, Katrin Schultheiss, Helmut Schultheiss, <strong>Vasil Tiberkevich<\/strong>, and <strong>Andrei Slavin<\/strong>,\u00a0 <em>\u201cTheory of three-magnon interaction in a vortex-state magnetic nanodot\u201d, Phys. Rev. B \u00a0<strong>103<\/strong>, 014413 (2021)<\/em><\/li>\n<li>G. Consolo, G. Valenti, A.R. Safin, S.A. Nikitov, <strong>V. Tyberkevich<\/strong>, <strong>A. Slavin, <\/strong><em>\u201cTheory of Electric-Field-Controlled Antiferromagnetic Spin-Hall Oscillator and Detector\u201d, Phys. Rev.B <strong>103<\/strong>, 134431 (2021);<\/em> \u00a0DOI: 10.1103\/PhysRevB.103.134431<\/li>\n<li>Egecan Cogulu , Nahuel N. Statuto , Yang Cheng, <strong>Fengyuan Yang<\/strong>, Rajesh V. Chopdekar, <strong>Hendrik Ohldag<\/strong>, and <strong>Andrew D. Kent<\/strong>, <em>\u201cDirect imaging of electrical switching of antiferromagnetic N\u00e9el order in \u03b1-Fe2O3 epitaxial films,\u201d Physical Review B 103, L100405 (2021)<\/em><\/li>\n<li>Y. Cheng, A. J. Lee, G. Z. Wu, D. V. Pelekhov, <strong>P. C. Hammel<\/strong>, and <strong>F. Y. Yang<\/strong>, <em>\u201cNonlocal Uniform-Mode Ferromagnetic Resonance Spin Pumping,\u201d Nano Lett. 20, 7257 (2020)<\/em><\/li>\n<li>Yang Cheng, Sisheng Yu, Menglin Zhu, Jinwoo Hwang, and <strong>Fengyuan Yang<\/strong>, <em>\u201cElectrical Switching of Tristate Antiferromagnetic N\u00e9el Order in\u00a0\u03b1-Fe<sub>2<\/sub>O<sub>3<\/sub>Epitaxial Films,\u201d\u00a0 Rev. Lett.\u00a0<strong>124<\/strong>, 027202 (2020)<\/em><\/li>\n<li>H. Zhang and <strong>R. Cheng<\/strong>,<em> \u201cMagnon Thermal Edelstein Effect Detected by Inverse Spin Hall Effect,\u201d Appl. Phys. Lett.\u00a0 117, 222402 (2020)<\/em><\/li>\n<li>A. Parthasarathy, E. Cogulu<strong>, A. D. Kent<\/strong> and S. Rakheja,<em> \u201cPrecessional spin-torque dynamics in biaxial antiferromagnets,\u201d Phys. Rev. B 103, 024450 (2021)<\/em><\/li>\n<li>H. Wang, Y. Xiao, M. Guo, E. Lee-Wong, G. Q. Yan, <strong>R. Cheng<\/strong>, and C. R. Du, <em>\u201cSpin Pumping of an Easy-Plane Antiferromagnet Enhanced by Dzyaloshinskii-Moriya Interaction,\u201d<\/em> Accepted by Phys. Rev. Lett., in press (2021)<\/li>\n<li>\u00a0H. Zhang and <strong>R. Cheng<\/strong>, \u201cDiffusive Spin Nernst Effect in Antiferromagnets,\u201d Accepted by Phys. Rev. Appl. <strong>16<\/strong>, 034035 (2021).<\/li>\n<li>Egecan Cogulu, Hantao Zhang, Nahuel N. Statuto, Yang Cheng, <strong>Fengyuan Yang, Ran Cheng, and Andrew D. Kent<\/strong>, \u201cQuantifying Spin-Orbit Torques in Antiferromagnet\u2013Heavy-Metal Heterostructures,\u201d Physical Review Letters <strong>128<\/strong>, 247204 (2022).<\/li>\n<li>\u00a0Yang Cheng, Egecan Cogulu, Rachel D. Resnick, Justin J. Michel, Nahuel N. Statuto, <strong>Andrew D. Kent &amp; Fengyuan Yang<\/strong>, \u201cThird harmonic characterization of antiferromagnetic heterostructures,\u201d Nature Communications <strong>13<\/strong>, 3659 (2022).<\/li>\n<li>Hantao Zhang and <strong>Ran Cheng<\/strong>, \u201cTheory of harmonic Hall responses of spin-torque driven antiferromagnets,\u201d Journal of Magnetism and Magnetic Materials <strong>556<\/strong>, 169362 (2022)<\/li>\n<li>Youn Jue Bae, Jue Wang, Allen Scheie, Junwen Xu, Daniel G. Chica, Geoffrey M. Diederich, John Cenker, Michael E. Ziebel, Yusong Bai, Haowen Ren, Cory R. Dean, Milan Delor, Xiaodong Xu, Xavier Roy, <strong>Andrew D. Kent<\/strong> and Xiaoyang Zhu, \u201cExciton-Coupled Coherent Magnons in a 2D Semiconductor,\u201d arXiv:2201.13197 and to appear in Nature.<\/li>\n<li>Roman Verba, Elena N. Bankowski, Thomas J. Meitzler, <strong>Vasil Tiberkevich<\/strong>, and <strong>Andrei Slavin<\/strong>,<em> \u201c<\/em>Phase Nonreciprocity of Microwave\u2010Frequency Surface Acoustic Waves in Hybrid Heterostructures with Magnetoelastic Coupling\u201d, <em>Electron. Mater. <\/em><strong>7, <\/strong>2100263 (2021). <a href=\"https:\/\/doi.org\/10.1002\/aelm.202100263\">doi:10.1002\/aelm.202100263<\/a>.<\/li>\n<li>Michael Schneider, David Breitbach, Rostyslav O. Serha, Qi Wang, Alexander A. Serga, <strong>Andrei N. Slavin<\/strong>, <strong>Vasyl S. Tiberkevich<\/strong>, Bj\u00f6rn Heinz, Bert L\u00e4gel, Thomas Br\u00e4cher, Carsten Dubs, Sebastian Knauer, Oleksandr V. Dobrovolskiy, Philipp Pirro, Burkard Hillebrands, and Andrii V. Chumak, \u201cControl of the Bose-Einstein Condensation of Magnons by the Spin Hall Effect\u201d, Phys. Rev. Lett. <strong>127<\/strong>, 237203 (2021). <a href=\"https:\/\/doi.org\/10.1103\/PhysRevLett.127.237203\">doi:10.1103\/PhysRevLett.127.237203<\/a>.<\/li>\n<li>Ansar Safin, Sergey Nikitov, Andrei Kirilyuk, <strong>Vasyl Tyberkevych<\/strong>, and <strong>Andrei Slavin<\/strong>, \u201cTheory of Antiferromagnet-Based Detector of Terahertz Frequency Signals\u201d, Magnetochemistry <strong>8<\/strong>, 26 (2022). <a href=\"https:\/\/doi.org\/10.3390\/magnetochemistry8020026\">doi:10.3390\/magnetochemistry8020026<\/a>.<\/li>\n<li>Artem Litvinenko, Ahmed Sidi el Valli, Vadym Iurchuk, Steven Louis, <strong>Vasyl Tyberkevych<\/strong>, Bernard Dieny, <strong>Andrei Slavin<\/strong> and Ursula Ebels, \u201cUltra-fast GHz-Range Swept-Tuned Spectrum Analyzer With Temporal Resolution Based On A Spin-Torque Nano-Oscillator With a Uniformly Magnetized \u201cFree\u201d Layer\u201d, <em>Nano Lett.<\/em> <strong>22<\/strong>, 1874\u20131879 (2022). <a href=\"https:\/\/doi.org\/10.1021\/acs.nanolett.1c04031\">doi:\/10.1021\/ acs.nanolett.1c04031<\/a>.<\/li>\n<li>Guo, H. Zhang, and <strong>R. Cheng<\/strong>, \u201cManipulating ferrimagnets by fields and currents\u201d, Phys. Rev. B <strong>105<\/strong>, 064410 (2022).<\/li>\n<li>Zhang and <strong>R. Cheng<\/strong>, \u201cA perspective on magnon spin Nernst effect in antiferromagnets\u201d, Appl. Phys. Lett. <strong>120<\/strong>, 090502 (2022).<\/li>\n<li>Wu, H. Zhang, <strong>R. Cheng<\/strong>, K.-L. Wang <em>et al.<\/em>, \u201cCurrent-induced N\u00e9el order switching facilitated by magnetic phase transition\u201d, Nature Comm. <strong>13<\/strong>, 1629 (2022).<\/li>\n<li>Kao, R. Muzzio, H. Zhang, <strong>R. Cheng<\/strong>, J. Katoch and <strong>S. Singh<\/strong> <em>et al.<\/em>, \u201cDeterministic switching of a perpendicularly polarized magnet using unconventional spin-orbit torques in WTe<sub>2<\/sub>\u201d, Nature Mater. <strong>21<\/strong>, 1029-1034 (2022), <a href=\"https:\/\/doi.org\/10.1038\/s41563-022-01275-5\">https:\/\/doi.org\/10.1038\/s41563-022-01275-5<\/a>.<\/li>\n<li>Tang and <strong>R. Cheng<\/strong>, \u201cVoltage-driven exchange resonance achieving 100% mechanical efficiency\u201d, Phys. Rev. B <strong>106<\/strong>, 054418 (2022).<\/li>\n<li>Y.-H. Li and <strong>R. Cheng<\/strong>, \u201cIdentifying axion insulator by quantized magnetoelectric effect in antiferromagnetic MnBi<sub>2<\/sub>Te<sub>4<\/sub> tunnel junction\u201d, Phys. Rev. Res. <strong>4<\/strong>, L022067 (2022).<\/li>\n<li>Guo and <strong>R. Cheng<\/strong>, \u201cField-assisted sub-terahertz spin pumping and auto-oscillation in NiO\u201d, Appl. Phys. Lett. <strong>121<\/strong>, 072401 (2022).<\/li>\n<li>Rodriguez, S. Regmi, H. Zhang, J. Shi, <strong>R. Cheng<\/strong> and I. Barsukov, \u201cRobust spin injection via thermal magnon pumping in antiferromagnet\/ferromagnet hybrid systems\u201d, Phys. Rev. Res. <strong>4<\/strong>, 033139 (2022).<\/li>\n<li>Y.-H. Li and <strong>R. Cheng<\/strong>, \u201cQuantum interference in a superconductor-MnBi<sub>2<\/sub>Te<sub>4<\/sub>-superconductor Josephson junction\u201d, Phys. Rev. Res.4, 033227 (2022).<\/li>\n<li>G. Khatri, G. Fritjofson, J. Hanson-Flores, J. Kwon, and <b>E. Del Barco<\/b>, \u201cA 220 GHz\u20131.1 THz continuous frequency and polarization tunable quasi-optical electron paramagnetic<br \/>\nresonance spectroscopic system,\u201d <i>Review of Scientific Instruments<\/i>, vol.<br \/>\n94, no. 3, p. 034714, Mar. 2023, doi: 10.1063\/5.0107237.<\/li>\n<li>Y. Cheng, J. Tang, J.J. Michel, S.K. Chong, F. Yang, <strong>R. Cheng<\/strong>, K.L. Wang, \u201cUnidirectional Spin Hall Magnetoresistance in Antiferromagnetic Heterostructures,\u201d <i>Phys. Rev. Lett.<\/i>, vol. 130, no. 8, p. 086703, Feb. 2023, doi: 10.1103\/PhysRevLett.130.086703.<\/li>\n<li>Joshi, D. P. Belanger, Y. T. Tan, W. Wen, and <strong>D. Lederman<\/strong>, \u201cGeometric influence on the net magnetic moment in LaCoO3 thin films,\u201d <em>Journal of Materials Research<\/em>, vol. 38, no. 8, pp. 2274\u20132286, Apr. 2023, doi: 10.1557\/s43578-023-00957-3.<\/li>\n<li>R. Van Haren, T. Joshi, and<strong> D. Lederman<\/strong>, \u201cSurface state mediated ferromagnetism in\u00a0 \u00a0 \u00a0 \u00a0 \u00a0 \u00a0 Mn0.14Bi1.86Te3 thin films,\u201d <em>Phys. Rev. Materials<\/em>, vol. 7, no. 3, p. 034201, Mar. 2023, doi: 10.1103\/PhysRevMaterials.7.034201.<\/li>\n<li>\n<h5 class=\"authors\">K. An, R. Kohno, A.\u2009N. Litvinenko, R.\u2009L. Seeger, V.\u2009V. Naletov, L. Vila, G. de Loubens, J. Ben Youssef, N. Vukadinovic, G.\u2009E.\u2009W. Bauer, <strong>A.\u2009N. Slavin<\/strong>, <strong>V.\u2009S. Tiberkevich<\/strong>, and O. Klein, \u201cBright and Dark States of Two Distant Macrospins Strongly Coupled by Phonons,\u201d <em style=\"font-size: 1rem\">Phys. Rev. X<\/em><span style=\"font-size: 1rem\">, vol. 12, no. 1, p. 011060, Mar. 2022, doi: 10.1103\/PhysRevX.12.011060.<\/span><\/h5>\n<\/li>\n<li>\n<h5 class=\"authors\">Derek A. Bas, Roman Verba, Piyush J. Shah, Serhiy Leontsev, Alexei Matyushov, Michael J. Newburger, Nian X. Sun, <strong>Vasyl Tyberkevich, Andrei Slavin<\/strong>, and Michael R. Page, \u201cNonreciprocity of Phase Accumulation and Propagation Losses of Surface Acoustic Waves in Hybrid Magnetoelastic Heterostructures,\u201d <em>Phys. Rev. Applied<\/em>, vol. 18, no. 4, p. 044003, Oct. 2022, doi: 10.1103\/PhysRevApplied.18.044003.<\/h5>\n<\/li>\n<li>H. Bradley, S. Louis, C. Trevillian, L. Quach, E. Bankowski, <strong>A. Slavin, V. Tyberkevych,<\/strong> \u201cArtificial neurons based on antiferromagnetic auto-oscillators as a platform for neuromorphic computing,\u201d <em>AIP Advances<\/em>, vol. 13, no. 1, p. 015206, Jan. 2023, doi: 10.1063\/5.0128530.<\/li>\n<li>\n<h5 class=\"authors\">Jerad Inman, Yuzan Xiong, Rao Bidthanapally, Steven Louis, <strong>Vasyl Tyberkevych<\/strong>, Hongwei Qu, Joseph Sklenar, Valentine Novosad, Yi Li, Xufeng Zhang, and Wei Zhang, \u201cHybrid Magnonics for Short-Wavelength Spin Waves Facilitated by a Magnetic Heterostructure,\u201d <em style=\"font-size: 1rem\">Phys. Rev. Applied<\/em><span style=\"font-size: 1rem\">, vol. 17, no. 4, p. 044034, Apr. 2022, doi: 10.1103\/PhysRevApplied.17.044034.<\/span><\/h5>\n<\/li>\n<\/ol>\n","protected":false},"excerpt":{"rendered":"<p>Priyanka Vaidya, Sophie A. Morley, Johan van Tol, Yan Liu, Ran Cheng, Arne Brataas, David Lederman, and Enrique del Barco, \u201cSubterahertz spin pumping from an insulating antiferromagnet\u201d, Science 368, 160-165 <a class=\"more-link\" href=\"https:\/\/sciences.ucf.edu\/physics\/afmspin\/research-highlights\/\">Continue Reading &rarr;<\/a><\/p>\n","protected":false},"author":84,"featured_media":0,"parent":0,"menu_order":0,"comment_status":"closed","ping_status":"closed","template":"","meta":{"footnotes":"","_links_to":"","_links_to_target":""},"class_list":["post-30","page","type-page","status-publish","hentry"],"yoast_head":"<!-- This site is optimized with the Yoast SEO plugin v27.2 - https:\/\/yoast.com\/product\/yoast-seo-wordpress\/ -->\n<title>Publications -<\/title>\n<meta name=\"robots\" content=\"index, follow, max-snippet:-1, max-image-preview:large, max-video-preview:-1\" \/>\n<link rel=\"canonical\" href=\"https:\/\/sciences.ucf.edu\/physics\/afmspin\/research-highlights\/\" \/>\n<meta property=\"og:locale\" content=\"en_US\" \/>\n<meta property=\"og:type\" content=\"article\" \/>\n<meta property=\"og:title\" content=\"Publications -\" \/>\n<meta property=\"og:description\" content=\"Priyanka Vaidya, Sophie A. Morley, Johan van Tol, Yan Liu, Ran Cheng, Arne Brataas, David Lederman, and Enrique del Barco, \u201cSubterahertz spin pumping from an insulating antiferromagnet\u201d, Science 368, 160-165 Continue Reading &rarr;\" \/>\n<meta property=\"og:url\" content=\"https:\/\/sciences.ucf.edu\/physics\/afmspin\/research-highlights\/\" \/>\n<meta property=\"article:modified_time\" content=\"2023-10-03T20:42:43+00:00\" \/>\n<meta name=\"twitter:card\" content=\"summary_large_image\" \/>\n<meta name=\"twitter:label1\" content=\"Est. reading time\" \/>\n\t<meta name=\"twitter:data1\" content=\"7 minutes\" \/>\n<script type=\"application\/ld+json\" class=\"yoast-schema-graph\">{\"@context\":\"https:\/\/schema.org\",\"@graph\":[{\"@type\":\"WebPage\",\"@id\":\"https:\/\/sciences.ucf.edu\/physics\/afmspin\/research-highlights\/\",\"url\":\"https:\/\/sciences.ucf.edu\/physics\/afmspin\/research-highlights\/\",\"name\":\"Publications -\",\"isPartOf\":{\"@id\":\"https:\/\/sciences.ucf.edu\/physics\/afmspin\/#website\"},\"datePublished\":\"2022-10-03T15:54:40+00:00\",\"dateModified\":\"2023-10-03T20:42:43+00:00\",\"inLanguage\":\"en-US\",\"potentialAction\":[{\"@type\":\"ReadAction\",\"target\":[\"https:\/\/sciences.ucf.edu\/physics\/afmspin\/research-highlights\/\"]}]},{\"@type\":\"WebSite\",\"@id\":\"https:\/\/sciences.ucf.edu\/physics\/afmspin\/#website\",\"url\":\"https:\/\/sciences.ucf.edu\/physics\/afmspin\/\",\"name\":\"\",\"description\":\"\",\"potentialAction\":[{\"@type\":\"SearchAction\",\"target\":{\"@type\":\"EntryPoint\",\"urlTemplate\":\"https:\/\/sciences.ucf.edu\/physics\/afmspin\/?s={search_term_string}\"},\"query-input\":{\"@type\":\"PropertyValueSpecification\",\"valueRequired\":true,\"valueName\":\"search_term_string\"}}],\"inLanguage\":\"en-US\"}]}<\/script>\n<!-- \/ Yoast SEO plugin. -->","yoast_head_json":{"title":"Publications -","robots":{"index":"index","follow":"follow","max-snippet":"max-snippet:-1","max-image-preview":"max-image-preview:large","max-video-preview":"max-video-preview:-1"},"canonical":"https:\/\/sciences.ucf.edu\/physics\/afmspin\/research-highlights\/","og_locale":"en_US","og_type":"article","og_title":"Publications -","og_description":"Priyanka Vaidya, Sophie A. Morley, Johan van Tol, Yan Liu, Ran Cheng, Arne Brataas, David Lederman, and Enrique del Barco, \u201cSubterahertz spin pumping from an insulating antiferromagnet\u201d, Science 368, 160-165 Continue Reading &rarr;","og_url":"https:\/\/sciences.ucf.edu\/physics\/afmspin\/research-highlights\/","article_modified_time":"2023-10-03T20:42:43+00:00","twitter_card":"summary_large_image","twitter_misc":{"Est. reading time":"7 minutes"},"schema":{"@context":"https:\/\/schema.org","@graph":[{"@type":"WebPage","@id":"https:\/\/sciences.ucf.edu\/physics\/afmspin\/research-highlights\/","url":"https:\/\/sciences.ucf.edu\/physics\/afmspin\/research-highlights\/","name":"Publications -","isPartOf":{"@id":"https:\/\/sciences.ucf.edu\/physics\/afmspin\/#website"},"datePublished":"2022-10-03T15:54:40+00:00","dateModified":"2023-10-03T20:42:43+00:00","inLanguage":"en-US","potentialAction":[{"@type":"ReadAction","target":["https:\/\/sciences.ucf.edu\/physics\/afmspin\/research-highlights\/"]}]},{"@type":"WebSite","@id":"https:\/\/sciences.ucf.edu\/physics\/afmspin\/#website","url":"https:\/\/sciences.ucf.edu\/physics\/afmspin\/","name":"","description":"","potentialAction":[{"@type":"SearchAction","target":{"@type":"EntryPoint","urlTemplate":"https:\/\/sciences.ucf.edu\/physics\/afmspin\/?s={search_term_string}"},"query-input":{"@type":"PropertyValueSpecification","valueRequired":true,"valueName":"search_term_string"}}],"inLanguage":"en-US"}]}},"_links":{"self":[{"href":"https:\/\/sciences.ucf.edu\/physics\/afmspin\/wp-json\/wp\/v2\/pages\/30","targetHints":{"allow":["GET"]}}],"collection":[{"href":"https:\/\/sciences.ucf.edu\/physics\/afmspin\/wp-json\/wp\/v2\/pages"}],"about":[{"href":"https:\/\/sciences.ucf.edu\/physics\/afmspin\/wp-json\/wp\/v2\/types\/page"}],"author":[{"embeddable":true,"href":"https:\/\/sciences.ucf.edu\/physics\/afmspin\/wp-json\/wp\/v2\/users\/84"}],"replies":[{"embeddable":true,"href":"https:\/\/sciences.ucf.edu\/physics\/afmspin\/wp-json\/wp\/v2\/comments?post=30"}],"version-history":[{"count":32,"href":"https:\/\/sciences.ucf.edu\/physics\/afmspin\/wp-json\/wp\/v2\/pages\/30\/revisions"}],"predecessor-version":[{"id":583,"href":"https:\/\/sciences.ucf.edu\/physics\/afmspin\/wp-json\/wp\/v2\/pages\/30\/revisions\/583"}],"wp:attachment":[{"href":"https:\/\/sciences.ucf.edu\/physics\/afmspin\/wp-json\/wp\/v2\/media?parent=30"}],"curies":[{"name":"wp","href":"https:\/\/api.w.org\/{rel}","templated":true}]}}