{"id":1182,"date":"2022-07-09T14:55:01","date_gmt":"2022-07-09T18:55:01","guid":{"rendered":"https:\/\/sciences.ucf.edu\/physics\/atto\/?page_id=1182"},"modified":"2022-07-11T11:18:59","modified_gmt":"2022-07-11T15:18:59","slug":"tuesday-poster-session","status":"publish","type":"page","link":"https:\/\/sciences.ucf.edu\/physics\/atto\/tuesday-poster-session\/","title":{"rendered":"Tuesday Posters &#8211; Recorded Presentations"},"content":{"rendered":"<h4>T02 &#8211; Imaging intramolecular hydrogen migration via polarization-averaged molecular-frame photoelectron angular distributions<\/h4>\n<p>Keisuke Hatada, Shigeru Abe, Soki Goto, Yoshiaki Tamura, Fukiko Ota, Hao Xue, Manabu Kanno, Naoki Kishimoto, Kiyoshi Ueda, Sergio D\u00edaz-Tendero, Fernando Mart\u00edn<\/p>\n<p><iframe title=\"T02 - Hatada\" data-src=\"https:\/\/player.vimeo.com\/video\/728381222?h=6c43c85aed&amp;dnt=1&amp;app_id=122963\" width=\"500\" height=\"281\" frameborder=\"0\" allow=\"autoplay; fullscreen; picture-in-picture; clipboard-write\" src=\"data:image\/svg+xml;base64,PHN2ZyB3aWR0aD0iMSIgaGVpZ2h0PSIxIiB4bWxucz0iaHR0cDovL3d3dy53My5vcmcvMjAwMC9zdmciPjwvc3ZnPg==\" class=\"lazyload\" data-load-mode=\"1\"><\/iframe><\/p>\n<h4>Effect of the shot-to-shot variation on charge migration induced by sub-fs<br \/>\nX-Ray free-electron laser pulses<\/h4>\n<p>Gilbert Grell, Zhaoheng Guo, Taran Driver, Piero Decleva, Etienne Pl\u00e9siat, Antonio Pic\u00f3n, Jes\u00fas Gonz\u00e1lez-V\u00e1zquez, Peter Walter, Jon Marangos, James Cryan, Agostino Marinelli, Alicia Palacios, Fernando Mart\u00edn<\/p>\n<p><iframe title=\"T03 - Grell\" data-src=\"https:\/\/player.vimeo.com\/video\/728762241?h=f0b705eb11&amp;dnt=1&amp;app_id=122963\" width=\"500\" height=\"281\" frameborder=\"0\" allow=\"autoplay; fullscreen; picture-in-picture; clipboard-write\" src=\"data:image\/svg+xml;base64,PHN2ZyB3aWR0aD0iMSIgaGVpZ2h0PSIxIiB4bWxucz0iaHR0cDovL3d3dy53My5vcmcvMjAwMC9zdmciPjwvc3ZnPg==\" class=\"lazyload\" data-load-mode=\"1\"><\/iframe><\/p>\n<h4>T17 &#8211; Young\u2019s type formula for p-s wave interference of core-level PA-MFPADs of hetero-diatomic molecules based on multiple scattering theory<\/h4>\n<p>Fukiko Ota, Kaoru Yamazaki, Didier S\u00e9billeau, Kiyoshi Ueda, Keisuke Hatada<\/p>\n<p><iframe title=\"T17 - Ota\" data-src=\"https:\/\/player.vimeo.com\/video\/728384133?h=ae35ead73b&amp;dnt=1&amp;app_id=122963\" width=\"500\" height=\"281\" frameborder=\"0\" allow=\"autoplay; fullscreen; picture-in-picture; clipboard-write\" src=\"data:image\/svg+xml;base64,PHN2ZyB3aWR0aD0iMSIgaGVpZ2h0PSIxIiB4bWxucz0iaHR0cDovL3d3dy53My5vcmcvMjAwMC9zdmciPjwvc3ZnPg==\" class=\"lazyload\" data-load-mode=\"1\"><\/iframe><\/p>\n<h4>T18 &#8211; Recent advances in the first principle simulation of attosecond XUV pump-XUV probe ionization spectra<\/h4>\n<p>Gilbert Grell, Jes\u00fas Gonz\u00e1lez-V\u00e1zquez, Piero Decleva, Alicia Palacios, Fernando Mart\u00edn<\/p>\n<p><a href=\"https:\/\/vimeo.com\/728766338\/2d69d49dbd\">https:\/\/vimeo.com\/728766338\/2d69d49dbd<\/a><\/p>\n<h4>T71 &#8211; Wavelength dependence of high-order harmonic generation in a single atomic layer and bulk semiconductors<\/h4>\n<p>Viacheslav Korolev, Vipin Krishna, Mohammad Monfared, Thomas Lettau, Amin Sadeghifaraz, Elnaz Irani, Christian H\u00fcnecke, Giancarlo Soavi, Christian Spielmann, Ulf Peschel, Stefanie Gr\u00e4fe, Daniil Kartashov<\/p>\n<p><iframe title=\"T71 - Korolev\" data-src=\"https:\/\/player.vimeo.com\/video\/728388778?h=6f960cd305&amp;dnt=1&amp;app_id=122963\" width=\"500\" height=\"281\" frameborder=\"0\" allow=\"autoplay; fullscreen; picture-in-picture; clipboard-write\" src=\"data:image\/svg+xml;base64,PHN2ZyB3aWR0aD0iMSIgaGVpZ2h0PSIxIiB4bWxucz0iaHR0cDovL3d3dy53My5vcmcvMjAwMC9zdmciPjwvc3ZnPg==\" class=\"lazyload\" data-load-mode=\"1\"><\/iframe><\/p>\n<p>&nbsp;<\/p>\n","protected":false},"excerpt":{"rendered":"T02 &#8211; Imaging intramolecular hydrogen migration via polarization-averaged molecular-frame photoelectron angular distributions Keisuke Hatada, Shigeru Abe, Soki Goto, Yoshiaki Tamura, Fukiko Ota, Hao Xue, Manabu Kanno, Naoki Kishimoto, Kiyoshi Ueda, Sergio D\u00edaz-Tendero, Fernando Mart\u00edn Effect of the shot-to-shot variation on charge migration induced by sub-fs X-Ray free-electron laser pulses Gilbert Grell, Zhaoheng Guo, Taran Driver, [&hellip;]","protected":false},"author":34,"featured_media":0,"parent":0,"menu_order":0,"comment_status":"closed","ping_status":"closed","template":"","meta":{"_acf_changed":false,"footnotes":"","_links_to":"","_links_to_target":""},"class_list":["post-1182","page","type-page","status-publish","hentry"],"yoast_head":"<!-- This site is optimized with the Yoast SEO plugin v27.2 - https:\/\/yoast.com\/product\/yoast-seo-wordpress\/ -->\n<title>Tuesday Posters - Recorded Presentations - ATTO VIII Conference<\/title>\n<meta name=\"robots\" content=\"index, follow, max-snippet:-1, max-image-preview:large, max-video-preview:-1\" \/>\n<link rel=\"canonical\" href=\"https:\/\/sciences.ucf.edu\/physics\/atto\/tuesday-poster-session\/\" \/>\n<meta property=\"og:locale\" content=\"en_US\" \/>\n<meta property=\"og:type\" content=\"article\" \/>\n<meta property=\"og:title\" content=\"Tuesday Posters - Recorded Presentations - ATTO VIII Conference\" \/>\n<meta property=\"og:description\" content=\"T02 &#8211; Imaging intramolecular hydrogen migration via polarization-averaged molecular-frame photoelectron angular distributions Keisuke Hatada, Shigeru Abe, Soki Goto, Yoshiaki Tamura, Fukiko Ota, Hao Xue, Manabu Kanno, Naoki Kishimoto, Kiyoshi Ueda, Sergio D\u00edaz-Tendero, Fernando Mart\u00edn Effect of the shot-to-shot variation on charge migration induced by sub-fs X-Ray free-electron laser pulses Gilbert Grell, Zhaoheng Guo, Taran Driver, [&hellip;]\" \/>\n<meta property=\"og:url\" content=\"https:\/\/sciences.ucf.edu\/physics\/atto\/tuesday-poster-session\/\" \/>\n<meta property=\"og:site_name\" content=\"ATTO VIII Conference\" \/>\n<meta property=\"article:modified_time\" content=\"2022-07-11T15:18:59+00:00\" \/>\n<meta name=\"twitter:card\" content=\"summary_large_image\" \/>\n<meta name=\"twitter:label1\" content=\"Est. reading time\" \/>\n\t<meta name=\"twitter:data1\" content=\"1 minute\" \/>\n<script type=\"application\/ld+json\" class=\"yoast-schema-graph\">{\"@context\":\"https:\/\/schema.org\",\"@graph\":[{\"@type\":\"WebPage\",\"@id\":\"https:\/\/sciences.ucf.edu\/physics\/atto\/tuesday-poster-session\/\",\"url\":\"https:\/\/sciences.ucf.edu\/physics\/atto\/tuesday-poster-session\/\",\"name\":\"Tuesday Posters - Recorded Presentations - ATTO VIII Conference\",\"isPartOf\":{\"@id\":\"https:\/\/sciences.ucf.edu\/physics\/atto\/#website\"},\"datePublished\":\"2022-07-09T18:55:01+00:00\",\"dateModified\":\"2022-07-11T15:18:59+00:00\",\"inLanguage\":\"en-US\",\"potentialAction\":[{\"@type\":\"ReadAction\",\"target\":[\"https:\/\/sciences.ucf.edu\/physics\/atto\/tuesday-poster-session\/\"]}]},{\"@type\":\"WebSite\",\"@id\":\"https:\/\/sciences.ucf.edu\/physics\/atto\/#website\",\"url\":\"https:\/\/sciences.ucf.edu\/physics\/atto\/\",\"name\":\"ATTO VIII Conference\",\"description\":\"\",\"potentialAction\":[{\"@type\":\"SearchAction\",\"target\":{\"@type\":\"EntryPoint\",\"urlTemplate\":\"https:\/\/sciences.ucf.edu\/physics\/atto\/?s={search_term_string}\"},\"query-input\":{\"@type\":\"PropertyValueSpecification\",\"valueRequired\":true,\"valueName\":\"search_term_string\"}}],\"inLanguage\":\"en-US\"}]}<\/script>\n<!-- \/ Yoast SEO plugin. -->","yoast_head_json":{"title":"Tuesday Posters - Recorded Presentations - ATTO VIII Conference","robots":{"index":"index","follow":"follow","max-snippet":"max-snippet:-1","max-image-preview":"max-image-preview:large","max-video-preview":"max-video-preview:-1"},"canonical":"https:\/\/sciences.ucf.edu\/physics\/atto\/tuesday-poster-session\/","og_locale":"en_US","og_type":"article","og_title":"Tuesday Posters - Recorded Presentations - ATTO VIII Conference","og_description":"T02 &#8211; Imaging intramolecular hydrogen migration via polarization-averaged molecular-frame photoelectron angular distributions Keisuke Hatada, Shigeru Abe, Soki Goto, Yoshiaki Tamura, Fukiko Ota, Hao Xue, Manabu Kanno, Naoki Kishimoto, Kiyoshi Ueda, Sergio D\u00edaz-Tendero, Fernando Mart\u00edn Effect of the shot-to-shot variation on charge migration induced by sub-fs X-Ray free-electron laser pulses Gilbert Grell, Zhaoheng Guo, Taran Driver, [&hellip;]","og_url":"https:\/\/sciences.ucf.edu\/physics\/atto\/tuesday-poster-session\/","og_site_name":"ATTO VIII Conference","article_modified_time":"2022-07-11T15:18:59+00:00","twitter_card":"summary_large_image","twitter_misc":{"Est. reading time":"1 minute"},"schema":{"@context":"https:\/\/schema.org","@graph":[{"@type":"WebPage","@id":"https:\/\/sciences.ucf.edu\/physics\/atto\/tuesday-poster-session\/","url":"https:\/\/sciences.ucf.edu\/physics\/atto\/tuesday-poster-session\/","name":"Tuesday Posters - Recorded Presentations - ATTO VIII Conference","isPartOf":{"@id":"https:\/\/sciences.ucf.edu\/physics\/atto\/#website"},"datePublished":"2022-07-09T18:55:01+00:00","dateModified":"2022-07-11T15:18:59+00:00","inLanguage":"en-US","potentialAction":[{"@type":"ReadAction","target":["https:\/\/sciences.ucf.edu\/physics\/atto\/tuesday-poster-session\/"]}]},{"@type":"WebSite","@id":"https:\/\/sciences.ucf.edu\/physics\/atto\/#website","url":"https:\/\/sciences.ucf.edu\/physics\/atto\/","name":"ATTO VIII Conference","description":"","potentialAction":[{"@type":"SearchAction","target":{"@type":"EntryPoint","urlTemplate":"https:\/\/sciences.ucf.edu\/physics\/atto\/?s={search_term_string}"},"query-input":{"@type":"PropertyValueSpecification","valueRequired":true,"valueName":"search_term_string"}}],"inLanguage":"en-US"}]}},"acf":[],"_links":{"self":[{"href":"https:\/\/sciences.ucf.edu\/physics\/atto\/wp-json\/wp\/v2\/pages\/1182","targetHints":{"allow":["GET"]}}],"collection":[{"href":"https:\/\/sciences.ucf.edu\/physics\/atto\/wp-json\/wp\/v2\/pages"}],"about":[{"href":"https:\/\/sciences.ucf.edu\/physics\/atto\/wp-json\/wp\/v2\/types\/page"}],"author":[{"embeddable":true,"href":"https:\/\/sciences.ucf.edu\/physics\/atto\/wp-json\/wp\/v2\/users\/34"}],"replies":[{"embeddable":true,"href":"https:\/\/sciences.ucf.edu\/physics\/atto\/wp-json\/wp\/v2\/comments?post=1182"}],"version-history":[{"count":11,"href":"https:\/\/sciences.ucf.edu\/physics\/atto\/wp-json\/wp\/v2\/pages\/1182\/revisions"}],"predecessor-version":[{"id":1203,"href":"https:\/\/sciences.ucf.edu\/physics\/atto\/wp-json\/wp\/v2\/pages\/1182\/revisions\/1203"}],"wp:attachment":[{"href":"https:\/\/sciences.ucf.edu\/physics\/atto\/wp-json\/wp\/v2\/media?parent=1182"}],"curies":[{"name":"wp","href":"https:\/\/api.w.org\/{rel}","templated":true}]}}