{"id":574,"date":"2012-09-12T13:32:49","date_gmt":"2012-09-12T13:32:49","guid":{"rendered":"http:\/\/icmm2012.cos.ucf.edu\/?page_id=574"},"modified":"2016-11-18T11:06:39","modified_gmt":"2016-11-18T16:06:39","slug":"flash-presentations-speakers","status":"publish","type":"page","link":"https:\/\/sciences.ucf.edu\/physics\/icmm2012\/flash-presentations-speakers\/","title":{"rendered":"Flash Presentations Speakers"},"content":{"rendered":"<h1><span style=\"color: #800000\">Contributed Speakers<\/span><\/h1>\n<p><strong>Jos\u00e9 Jaime Baldov\u00e9 Jachan<\/strong> &#8211; ICMol-Universitat de Val\u00e8ncia<\/p>\n<p><strong>Maria Charalambous<\/strong> &#8211; University of Cyprus<\/p>\n<p><strong>Nicholas Chilton<\/strong> &#8211; Monash University<\/p>\n<p><strong>Gavin Craig<\/strong> &#8211; Universitat de Barcelona<\/p>\n<p><strong>Sebastien Dhers<\/strong> &#8211; University of Otago<\/p>\n<p><strong>M\u00f3nica Gim\u00e9nez-Marqu\u00e9s<\/strong> &#8211; ICMol-Universitat de Val\u00e8ncia<\/p>\n<p><strong>Fatemah Habib<\/strong> &#8211; University of Ottawa<\/p>\n<p><strong>Monika Ide\u0161icov\u00e1<\/strong> &#8211; University of SS Cyril and Methodius<\/p>\n<p><strong>Ie-Rang Jeon<\/strong> &#8211; Centre de Recherche Paul Pascal<\/p>\n<p><strong>Elisabeth Knowles<\/strong> &#8211; University of Florida<\/p>\n<p><strong>Junjie Liu<\/strong> \u2013 NHMFL \/ FSU<\/p>\n<p><strong>Shan-Shan Liu<\/strong> &#8211; Peking University<\/p>\n<p><strong>Katie Meihaus<\/strong> \u2013 University of California Berkeley<\/p>\n<p><strong>Katye Poole<\/strong> &#8211; University of Florida<\/p>\n<p><strong>Mohamed Saber<\/strong> &#8211; Texas A &amp;M University<\/p>\n<p><strong>Michele Serri<\/strong> &#8211; Imperial College London<\/p>\n<p><strong>Pradeep Subedi<\/strong> &#8211; New York University<\/p>\n<p><strong>Erik Tancini<\/strong> &#8211; Universit\u00e0 di Modena e Reggio Emilia<\/p>\n<p><strong>Ming-Yee Tsang<\/strong> \u2013 Princeton University<\/p>\n","protected":false},"excerpt":{"rendered":"<p>Contributed Speakers Jos\u00e9 Jaime Baldov\u00e9 Jachan &#8211; ICMol-Universitat de Val\u00e8ncia Maria Charalambous &#8211; University of Cyprus Nicholas Chilton &#8211; Monash<\/p>\n","protected":false},"author":3,"featured_media":0,"parent":0,"menu_order":0,"comment_status":"closed","ping_status":"closed","template":"","meta":{"colormag_page_container_layout":"default_layout","colormag_page_sidebar_layout":"default_layout","footnotes":"","_links_to":"","_links_to_target":""},"class_list":["post-574","page","type-page","status-publish","hentry"],"yoast_head":"<!-- This site is optimized with the Yoast SEO plugin v27.2 - https:\/\/yoast.com\/product\/yoast-seo-wordpress\/ -->\n<title>Flash Presentations Speakers - ICMM 2012<\/title>\n<meta name=\"robots\" content=\"index, follow, max-snippet:-1, max-image-preview:large, max-video-preview:-1\" \/>\n<link rel=\"canonical\" href=\"https:\/\/sciences.ucf.edu\/physics\/icmm2012\/flash-presentations-speakers\/\" \/>\n<meta property=\"og:locale\" content=\"en_US\" \/>\n<meta property=\"og:type\" content=\"article\" \/>\n<meta property=\"og:title\" content=\"Flash Presentations Speakers - ICMM 2012\" \/>\n<meta property=\"og:description\" content=\"Contributed Speakers Jos\u00e9 Jaime Baldov\u00e9 Jachan &#8211; ICMol-Universitat de Val\u00e8ncia Maria Charalambous &#8211; University of Cyprus Nicholas Chilton &#8211; Monash\" \/>\n<meta property=\"og:url\" content=\"https:\/\/sciences.ucf.edu\/physics\/icmm2012\/flash-presentations-speakers\/\" \/>\n<meta property=\"og:site_name\" content=\"ICMM 2012\" \/>\n<meta property=\"article:modified_time\" content=\"2016-11-18T16:06:39+00:00\" \/>\n<meta name=\"twitter:card\" content=\"summary_large_image\" \/>\n<meta name=\"twitter:label1\" content=\"Est. reading time\" \/>\n\t<meta name=\"twitter:data1\" content=\"1 minute\" \/>\n<script type=\"application\/ld+json\" class=\"yoast-schema-graph\">{\"@context\":\"https:\/\/schema.org\",\"@graph\":[{\"@type\":\"WebPage\",\"@id\":\"https:\/\/sciences.ucf.edu\/physics\/icmm2012\/flash-presentations-speakers\/\",\"url\":\"https:\/\/sciences.ucf.edu\/physics\/icmm2012\/flash-presentations-speakers\/\",\"name\":\"Flash Presentations Speakers - ICMM 2012\",\"isPartOf\":{\"@id\":\"https:\/\/sciences.ucf.edu\/physics\/icmm2012\/#website\"},\"datePublished\":\"2012-09-12T13:32:49+00:00\",\"dateModified\":\"2016-11-18T16:06:39+00:00\",\"inLanguage\":\"en-US\",\"potentialAction\":[{\"@type\":\"ReadAction\",\"target\":[\"https:\/\/sciences.ucf.edu\/physics\/icmm2012\/flash-presentations-speakers\/\"]}]},{\"@type\":\"WebSite\",\"@id\":\"https:\/\/sciences.ucf.edu\/physics\/icmm2012\/#website\",\"url\":\"https:\/\/sciences.ucf.edu\/physics\/icmm2012\/\",\"name\":\"ICMM 2012\",\"description\":\"13th International Conference on Molecule-Based Magnets\",\"publisher\":{\"@id\":\"https:\/\/sciences.ucf.edu\/physics\/icmm2012\/#organization\"},\"potentialAction\":[{\"@type\":\"SearchAction\",\"target\":{\"@type\":\"EntryPoint\",\"urlTemplate\":\"https:\/\/sciences.ucf.edu\/physics\/icmm2012\/?s={search_term_string}\"},\"query-input\":{\"@type\":\"PropertyValueSpecification\",\"valueRequired\":true,\"valueName\":\"search_term_string\"}}],\"inLanguage\":\"en-US\"},{\"@type\":\"Organization\",\"@id\":\"https:\/\/sciences.ucf.edu\/physics\/icmm2012\/#organization\",\"name\":\"ICMM 2012\",\"url\":\"https:\/\/sciences.ucf.edu\/physics\/icmm2012\/\",\"logo\":{\"@type\":\"ImageObject\",\"inLanguage\":\"en-US\",\"@id\":\"https:\/\/sciences.ucf.edu\/physics\/icmm2012\/#\/schema\/logo\/image\/\",\"url\":\"https:\/\/sciences.ucf.edu\/physics\/icmm2012\/wp-content\/uploads\/sites\/21\/2016\/11\/Header.png\",\"contentUrl\":\"https:\/\/sciences.ucf.edu\/physics\/icmm2012\/wp-content\/uploads\/sites\/21\/2016\/11\/Header.png\",\"width\":1217,\"height\":300,\"caption\":\"ICMM 2012\"},\"image\":{\"@id\":\"https:\/\/sciences.ucf.edu\/physics\/icmm2012\/#\/schema\/logo\/image\/\"}}]}<\/script>\n<!-- \/ Yoast SEO plugin. -->","yoast_head_json":{"title":"Flash Presentations Speakers - ICMM 2012","robots":{"index":"index","follow":"follow","max-snippet":"max-snippet:-1","max-image-preview":"max-image-preview:large","max-video-preview":"max-video-preview:-1"},"canonical":"https:\/\/sciences.ucf.edu\/physics\/icmm2012\/flash-presentations-speakers\/","og_locale":"en_US","og_type":"article","og_title":"Flash Presentations Speakers - ICMM 2012","og_description":"Contributed Speakers Jos\u00e9 Jaime Baldov\u00e9 Jachan &#8211; ICMol-Universitat de Val\u00e8ncia Maria Charalambous &#8211; University of Cyprus Nicholas Chilton &#8211; Monash","og_url":"https:\/\/sciences.ucf.edu\/physics\/icmm2012\/flash-presentations-speakers\/","og_site_name":"ICMM 2012","article_modified_time":"2016-11-18T16:06:39+00:00","twitter_card":"summary_large_image","twitter_misc":{"Est. reading time":"1 minute"},"schema":{"@context":"https:\/\/schema.org","@graph":[{"@type":"WebPage","@id":"https:\/\/sciences.ucf.edu\/physics\/icmm2012\/flash-presentations-speakers\/","url":"https:\/\/sciences.ucf.edu\/physics\/icmm2012\/flash-presentations-speakers\/","name":"Flash Presentations Speakers - ICMM 2012","isPartOf":{"@id":"https:\/\/sciences.ucf.edu\/physics\/icmm2012\/#website"},"datePublished":"2012-09-12T13:32:49+00:00","dateModified":"2016-11-18T16:06:39+00:00","inLanguage":"en-US","potentialAction":[{"@type":"ReadAction","target":["https:\/\/sciences.ucf.edu\/physics\/icmm2012\/flash-presentations-speakers\/"]}]},{"@type":"WebSite","@id":"https:\/\/sciences.ucf.edu\/physics\/icmm2012\/#website","url":"https:\/\/sciences.ucf.edu\/physics\/icmm2012\/","name":"ICMM 2012","description":"13th International Conference on Molecule-Based Magnets","publisher":{"@id":"https:\/\/sciences.ucf.edu\/physics\/icmm2012\/#organization"},"potentialAction":[{"@type":"SearchAction","target":{"@type":"EntryPoint","urlTemplate":"https:\/\/sciences.ucf.edu\/physics\/icmm2012\/?s={search_term_string}"},"query-input":{"@type":"PropertyValueSpecification","valueRequired":true,"valueName":"search_term_string"}}],"inLanguage":"en-US"},{"@type":"Organization","@id":"https:\/\/sciences.ucf.edu\/physics\/icmm2012\/#organization","name":"ICMM 2012","url":"https:\/\/sciences.ucf.edu\/physics\/icmm2012\/","logo":{"@type":"ImageObject","inLanguage":"en-US","@id":"https:\/\/sciences.ucf.edu\/physics\/icmm2012\/#\/schema\/logo\/image\/","url":"https:\/\/sciences.ucf.edu\/physics\/icmm2012\/wp-content\/uploads\/sites\/21\/2016\/11\/Header.png","contentUrl":"https:\/\/sciences.ucf.edu\/physics\/icmm2012\/wp-content\/uploads\/sites\/21\/2016\/11\/Header.png","width":1217,"height":300,"caption":"ICMM 2012"},"image":{"@id":"https:\/\/sciences.ucf.edu\/physics\/icmm2012\/#\/schema\/logo\/image\/"}}]}},"_links":{"self":[{"href":"https:\/\/sciences.ucf.edu\/physics\/icmm2012\/wp-json\/wp\/v2\/pages\/574","targetHints":{"allow":["GET"]}}],"collection":[{"href":"https:\/\/sciences.ucf.edu\/physics\/icmm2012\/wp-json\/wp\/v2\/pages"}],"about":[{"href":"https:\/\/sciences.ucf.edu\/physics\/icmm2012\/wp-json\/wp\/v2\/types\/page"}],"author":[{"embeddable":true,"href":"https:\/\/sciences.ucf.edu\/physics\/icmm2012\/wp-json\/wp\/v2\/users\/3"}],"replies":[{"embeddable":true,"href":"https:\/\/sciences.ucf.edu\/physics\/icmm2012\/wp-json\/wp\/v2\/comments?post=574"}],"version-history":[{"count":0,"href":"https:\/\/sciences.ucf.edu\/physics\/icmm2012\/wp-json\/wp\/v2\/pages\/574\/revisions"}],"wp:attachment":[{"href":"https:\/\/sciences.ucf.edu\/physics\/icmm2012\/wp-json\/wp\/v2\/media?parent=574"}],"curies":[{"name":"wp","href":"https:\/\/api.w.org\/{rel}","templated":true}]}}