{"id":26,"date":"2016-01-28T15:18:41","date_gmt":"2016-01-28T15:18:41","guid":{"rendered":"http:\/\/physics.cos.ucf.edu\/ultrafast\/?page_id=26"},"modified":"2023-05-04T15:52:36","modified_gmt":"2023-05-04T19:52:36","slug":"publications","status":"publish","type":"page","link":"https:\/\/sciences.ucf.edu\/physics\/ultrafast\/publications\/","title":{"rendered":"Publications"},"content":{"rendered":"<h1>Peer-Reviewed Journal Articles:<\/h1>\n<ol>\n<li>Truong, T.-C., Beetar, J. E. &amp; Chini, M. &#8220;Light-field synthesizer based on multidimensional solitary states in hollow-core fibers.&#8221; Opt. Lett. 48, 2397 (2023).<\/li>\n<li>Alam, D., Ud-Din, N., Chini, M. &amp; Turkowski, V. \u201cElectron-Electron Interactions and High-Order Harmonics in Solids.\u201d Phys. Rev. B 106, 235124 (2022).<\/li>\n<li>Liu, Y., Dhakal, G., Sakhya, A. P., Beetar, J. E., Kabir, F., Regmi, S., Kaczorowski, D., Chini, M., Fregoso, B. M &amp; Neupane, M. \u201cUltrafast relaxation of acoustic and optical phonons in a topological nodal-line semimetal ZrSiS.\u201d Commun. Phys. 5, 203 (2022).<\/li>\n<li>Liu, Y., Beetar, J. E., Nesper, J., Gholam-Mirzaei, S. &amp; Chini, M.\u00a0\u201cSingle-shot measurement of few-cycle optical waveforms on a chip\u201d Nature Photon. 16, 109-112 (2022).<\/li>\n<li>Kabir, F., Hosen, Md. M., Ding, X., Lane, C., Dhakal, G., Liu, Y., Dimitri, K., Sims, C., Regmi, S., Sakhya, A. P., Persaud, L., Beetar, J. E., Liu, Y., Chini, M., Pathak, A. K., Zhu, J.-X., Gofryk, K. &amp; Neupane, M. \u201cEffect of Dilute Magnetism in a Topological Insulator.\u201d Front. Mater. 8, 456 (2021).<\/li>\n<li>Beetar, J. E., Nrisimhamurty, M., Truong, T.-C., Liu, Y. &amp; Chini, M. \u201cThermal Effects in Molecular Gas-Filled Hollow-Core Fibers.\u201d Opt. Lett. 46, 2437 (2021).<\/li>\n<li>Liu, Y., Gholam-Mirzaei, S., Beetar, J. E., Nesper, J., Yousif, A., Nrisimhamurty, M. &amp; Chini, M. &#8220;All-optical sampling of few-cycle infrared pulses using tunneling in a solid.&#8221; Photonics Res. <a href=\"https:\/\/doi.org\/10.1364\/PRJ.420916\">https:\/\/doi.org\/10.1364\/PRJ.420916<\/a> (2021).<\/li>\n<li>Beetar, J. E., Nrisimhamurty, M., Truong, T.-C., Nagar, G. C., Liu, Y., Nesper, J., Suarez, O., Rivas, F., Wu, Y., Shim, B. &amp; Chini, M. &#8220;Multioctave supercontinuum generation and frequency conversion based on rotational nonlinearity.&#8221; Sci. Adv. 6, eabb5375 (2020).<\/li>\n<li>Ud Din, N., Jiang, T., Gholam-Mirzaei, S., Chini, M. &amp; Turkowski, V. &#8220;Electron-electron correlations and structural, spectral and polarization properties of tetragonal BaTiO<sub>3<\/sub>.&#8221; J. Phys.: Cond. Matt. (2020).<\/li>\n<li>Liu, Y., Beetar, J. E., Hosen, Md. M., Dhakal, G., Sims, C., Kabir, F., Etienne, M. B., Dimitri, K., Regmi, S., Liu, Y., Pathak, A. K., Kaczorowski, D., Neupane, M. &amp; Chini, M. &#8220;Extreme ultraviolet time- and angle-resolved photoemission setup with 21.5 meV resolution using high-order harmonic generation from a turn-key Yb:KGW amplifier.&#8221; Rev. Sci. Instrum. 91, 013102 (2020).<\/li>\n<li>Jiang, S., Gholam-Mirzaei, S., Crites, E., Beetar, J. E., Singh, M., Lu, R., Chini, M. &amp; Lin, C.-D. &#8220;Crystal symmetry and polarization of high-order harmonics in ZnO.&#8221; J. Phys. B: At. Mol. Opt. Phys. 52, 225601 (2019).<\/li>\n<li>Beetar, J. E., Rivas, F., Gholam-Mirzaei, S., Liu, Y., &amp; Chini, M. &#8220;Hollow-core fiber compression of a commercial Yb:KGW laser amplifier.&#8221; J. Opt. Soc. Am. B 36, A33 (2019).<\/li>\n<li>Jeong, Y.-G., Piccoli, R., Ferachou, D., Cardin, V., Chini, M., H\u00e4drich, S., Limpert, J., Morandotti, R., L\u00e9gar\u00e9, F., Schmidt, B. E. &amp; Razzari, L. &#8220;Direct compression of 170-fs 50-cycle pulses down to 1.5 cycles with 70% transmission.&#8221; Sci. Rep. 8, 11794 (2018).<\/li>\n<li>Gholam-Mirzaei, S. Beetar, J. E., Chac\u00f3n, A. &amp; Chini, M. \u201cHigh-harmonic generation in ZnO driven by self-compressed mid-infrared pulses.\u201d J. Opt. Soc. Am. B 35, A27 (2018).<\/li>\n<li>Beetar, J. E., Gholam-Mirzaei, S. &amp; Chini, M. \u201cSpectral Broadening and Pulse Compression of a High Peak and Average Power Laser in Multi-plate Medium.\u201d Appl. Phys. Lett. 112, 051102 (2018).<\/li>\n<li>Ren, X., Li, J. Yin, Y., Zhao, K., Chew, A., Wang, Y., Hu, S., Cheng, Y., Cunningham, E., Wu, Y., Chini, M. &amp; Chang, Z. \u201cAttosecond Light Sources in the Water Window.\u201d J. Opt. 20, 023001 (2018).<\/li>\n<li>You, Y.-S., Yin, Y., Wu, Y., Chew, A., Ren, X., Zhuang, F., Gholam-Mirzaei, S., Chini, M. Chang, Z. &amp; Ghimire, S. &#8220;High-harmonic generation in amorphous solids.&#8221; Nature Commun. 8, 724 (2017).<\/li>\n<li>Li, J., Ren, X., Yin, Y., Zhao, K., Chew, A., Cheng, Y., Cunningham, E., Wang, Y., Hu, S., Wu, Y., Chini, M. &amp; Chang, Z. &#8220;53-attosecond X-ray pulses reach the carbon K-edge.&#8221; Nature Commun. 8, 186 (2017).<\/li>\n<li>You, Y.-S., Wu, M., Yin, Y., Chew, A., Ren, X., Gholam-Mirzaei, S., Browne, D. A., Chini, M., Chang, Z., Schafer, K. J., Gaarde, M. B. &amp; Ghimire, S. &#8220;Laser waveform control of extreme ultraviolet high harmonics from solids.&#8221; Opt. Lett. 42, 1816 (2017).<\/li>\n<li>Gholam-Mirzaei, S., Beetar, J., &amp;\u00a0Chini, M. &#8220;High Harmonic Generation in ZnO with a How Power Mid-IR OPA.&#8221; Appl. Phys. Lett.\u00a0110, 061101 (2017).<\/li>\n<li>Cheng, Y., Chini, M., Wang, X., Gonzalez-Castrillo, A., Palacios, A., Argenti, L., Martin, F. &amp; Chang, Z. \u201cReconstruction of an excited-state molecular wave packet with attosecond transient absorption spectroscopy.\u201d Phys. Rev. A 94, 023403 (2016).<\/li>\n<li>Webb, B., Azim, A., Chini, M., Shah, L. &amp; Richardson, M. \u201cDivided-pulse amplification to the Joule-level.\u201d Opt. Lett. 41, 3106 (2016).<\/li>\n<li>Rostami, S., Chini, M., Lim, K., Durand, M., Palastro, J. P., Baudelet, M., Arissian, L. Diels, J. C. &amp; Richardson, M. \u201cDramatic enhancement of supercontinuum generation in elliptically-polarized laser filaments.\u201d Sci. Rep. 6, 20363 (2016).<\/li>\n<li>Jeon, C., Harper, D., Lim, K., Durand, M., Chini, M., Baudelet, M. &amp; Richardson, M. \u201cInteraction of a single laser filament with a single water droplet.\u201d J. Opt. 17, 055502 (2015).<\/li>\n<li>Chini, M., Wang, X., Cheng, Y. &amp; Chang, Z. \u201cResonance effects and quantum beats in attosecond transient absorption of helium.\u201d J. Phys. B: At. Mol. Opt. Phys. 47, 124009 (2014).<\/li>\n<li>Zhang, Q., Zhao, K., Li, J., Chini, M., Cheng, Y., Wu, Y., Cunningham, E. &amp; Chang, Z. \u201cSuppression of driving laser in high harmonic generation with a microchannel plate.\u201d Opt. Lett. 39, 3670 (2014).<\/li>\n<li>Chini, M., Wang, X., Cheng, Y., Wang, H., Wu, Y., Cunningham, E., Li, P.-C., Heslar, J., Telnov, D. A., Chu, S.-I. &amp; Chang, Z. \u201cCoherent VUV Emission from Field-Controlled Bound States.\u201d Nature Photon. 8, 437 (2014).<\/li>\n<li>Chini, M., Zhao, K. &amp; Chang, Z. \u201cThe generation, characterization, and applications of broadband isolated attosecond pulses.\u201d Nature Photon. 8, 178 (2014).<\/li>\n<li>(Experiment featured in commentary) Leone, S. R., McCurdy, C. W., Burdorfer, J., Cederbaum, L. S., Chang, Z., Dudovich, N., Feist, J., Greene, C. H., Ivanov, M., Kienberger, R., Keller, U., Kling, M. F., Loh, Z.-H., Pfeifer, T., Pfeiffer, A. N., Santra, R., Schafer, K., Stolow, A., Thumm, U. &amp; Vrakking, M. J. J. \u201cWhat will it take to observe processes in \u2018real time\u2019?\u201d Nature Photon. 8, 162 (2014).<\/li>\n<li>Wang, X., Chini, M., Cheng, Y., Wu, Y., Tong, X.-M. &amp; Chang, Z. \u201cSub-cycle laser control and quantum interferences in attosecond photoabsorption of neon.\u201d Phys. Rev. A 87, 063413 (2013).<\/li>\n<li>Wu, Y., Cunningham, E., Zang, H., Li, J., Chini, M., Wang, X., Wang, Y., Zhao, K. &amp; Chang, Z. \u201cGeneration of high-flux attosecond extreme ultraviolet continuum with a 10 TW laser.\u201d Appl. Phys. Lett. 102, 201104 (2013).<\/li>\n<li>Chini, M., Wang, X., Cheng, Y., Wu, Y., Zhao, D., Telnov, D. A., Chu, S. I. &amp; Chang, Z. \u201cSub-cycle oscillations in virtual states brought to light.\u201d Sci. Rep. 3, 1105 (2013).<\/li>\n<li>Wang, X., Chini, M., Cheng, Y., Wu, Y. &amp; Chang, Z. \u201cIn Situ Calibration of an Extreme Ultraviolet Spectrometer for Attosecond Transient Absorption Experiments.\u201d Appl. Opt. 52, 323 (2013).<\/li>\n<li>Zhao, K., Zhang, Q., Chini, M., Wu, Y., Wang, X. &amp; Chang, Z. \u201cTailoring a 67 attosecond pulse through advantageous phase-mismatch.\u201d Opt. Lett. 37, 3891-3893 (2012).<\/li>\n<li>Chini, M., Zhao, B., Wang, H., Cheng, Y., Hu, S. X. &amp; Chang, Z. \u201cSubcycle ac Stark Shift of Helium Excited States Probed with Isolated Attosecond Pulses.\u201d Phys. Rev. Lett. 109, 073601 (2012).<\/li>\n<li>Wang, X., Chini, M., Zhang, Q., Zhao, K., Wu, Y., Telnov, D. A., Chu, S. I. &amp; Chang, Z. \u201cMechanism of quasi-phase-matching in a dual-gas multijet array.\u201d Phys. Rev. A 86, 021802 (2012).<\/li>\n<li>M\u00f6ller, M., Cheng, Y., Khan, S. D., Zhao, B. Z., Zhao, K., Chini, M., Paulus, G. G. &amp; Chang, Z. \u201cDependence of high-order-harmonic-generation yield on driving-laser ellipticity.\u201d Phys. Rev. A 86, 011401 (2012).<\/li>\n<li>Khan, S. D., Cheng, Y., M\u00f6ller, M., Zhao, K., Zhao, B. Z., Chini, M., Paulus, G. G. &amp; Chang, Z. \u201cEllipticity dependence of 400 nm-driven high harmonic generation.\u201d Appl. Phys. Lett. 99, 161106 (2011).<\/li>\n<li>M\u00f6ller, M., Sayler, A. M., Rathje, T., Chini, M., Chang, Z. &amp; Paulus, G. G. \u201cPrecise, real-time, single-shot carrier-envelope phase measurements in the multi-cycle regime.\u201d Appl. Phys. Lett. 99, 121108 (2011).<\/li>\n<li>Gilbertson, S., Chini, M., Feng, X., Khan, S., Wu, Y. &amp; Chang, Z. \u201cMonitoring and Controlling the Electron Dynamics in Helium with Isolated Attosecond Pulses.\u201d Phys. Rev. Lett. 105, 263003 (2010).<\/li>\n<li>Wang, H., Chini, M., Chen, S., Zhang, C. H., He, F., Cheng, Y., Wu, Y., Thumm, U. &amp; Chang, Z. \u201cAttosecond Time-Resolved Autoionization of Argon.\u201d Phys. Rev. Lett. 105, 143002 (2010).<\/li>\n<li>Gilbertson, S., Khan, S. D., Wu, Y., Chini, M. &amp; Chang, Z. \u201cIsolated Attosecond Pulse Generation without the Need to Stabilize the Carrier-Envelope Phase of Driving Lasers.\u201d Phys. Rev. Lett. 105, 093902 (2010).<\/li>\n<li>Chini, M., Gilbertson, S., Khan, S. D. &amp; Chang, Z. \u201cCharacterizing ultrabroadband attosecond lasers.\u201d Opt. Express 18, 13006 (2010).<\/li>\n<li>Gilbertson, S., Wu, Y., Khan, S. D., Chini, M., Zhao, K., Feng, X. &amp; Chang, Z. \u201cIsolated attosecond pulse generation using multicycle pulses directly from a laser amplifier.\u201d Phys. Rev. A 81, 043810 (2010).<\/li>\n<li>Feng, X., Gilbertson, S., Khan, S. D., Chini, M., Wu, Y., Carnes, K. D. &amp; Chang, Z. \u201cCalibration of electron spectrometer resolution in attosecond streak camera.\u201d Opt. Express 18, 1316 (2010).<\/li>\n<li>Moon, E., Wang, H., Gilbertson, S., Mashiko, H., Chini, M. &amp; Chang, Z. \u201cAdvances in carrier-envelope phase stabilization of grating-based chirped-pulse amplifiers.\u201d Laser &amp; Photonics Reviews 4, 160 (2010).<\/li>\n<li>Wang, H., Chini, M., Wu, Y., Moon, E., Mashiko, H. &amp; Chang, Z. \u201cCarrier\u2013envelope phase stabilization of 5-fs, 0.5-mJ pulses from adaptive phase modulator.\u201d Appl. Phys. B 98, 291 (2010).<\/li>\n<li>Mashiko, H., Gilbertson, S., Chini, M., Feng, X., Yun, C., Wang, H., Khan, S. D., Chen, S. &amp; Chang, Z. \u201cExtreme ultraviolet supercontinua supporting pulse durations of less than one atomic unit of time.\u201d Opt. Lett. 34, 3337 (2009).<\/li>\n<li>Yun, C., Chen, S., Wang, H., Chini, M. &amp; Chang, Z. \u201cTemperature feedback control for long-term carrier-envelope phase locking.\u201d Appl. Opt. 48, 5127 (2009).<\/li>\n<li>Gilbertson, S., Feng, X., Khan, S. D., Chini, M., Wang, H., Mashiko, H. &amp; Chang, Z. \u201cDirect measurement of an electric field in femtosecond Bessel-Gaussian beams.\u201d Opt. Lett. 34, 2390 (2009).<\/li>\n<li>Wang, H., Chini, M., Khan, S. D., Chen, S., Gilbertson, S., Feng, X., Mashiko, H. &amp; Chang, Z. \u201cPractical issues of retrieving isolated attosecond pulses.\u201d J. Phys. B 42, 134007 (2009).<\/li>\n<li>Chini, M., Wang, H., Khan, S. D., Chen, S. &amp; Chang, Z. \u201cRetrieval of satellite pulses of single isolated attosecond pulses.\u201d Applied Physics Letters 94, 161112 (2009).<\/li>\n<li>Chen, S., Chini, M., Wang, H., Yun, C., Mashiko, H., Wu, Y. &amp; Chang, Z. \u201cCarrier-envelope phase stabilization and control of 1 kHz, 6 mJ, 30 fs laser pulses from a Ti:sapphire regenerative amplifier.\u201d Applied Optics 48, 5692 (2009).<\/li>\n<li>Chini, M., Wang, H., Khan, S. D., Chen, S. &amp; Chang, Z. \u201cRetrieval of satellite pulses of single isolated attosecond pulses.\u201d Applied Physics Letters 94, 161112 (2009).<\/li>\n<li>Chen, S., Chini, M., Wang, H., Yun, C., Mashiko, H., Wu, Y. &amp; Chang, Z. \u201cCarrier-envelope phase stabilization and control of 1 kHz, 6 mJ, 30 fs laser pulses from a Ti:sapphire regenerative amplifier.\u201d Applied Optics 48, 5692 (2009).<\/li>\n<li>Chini, M., Mashiko, H., Wang, H., Chen, S., Yun, C., Scott, S., Gilbertson, S. &amp; Chang, Z. \u201cDelay control in attosecond pump-probe experiments.\u201d Opt. Express 17, 21459 (2009).<\/li>\n<li>Feng, X., Gilbertson, S., Mashiko, H., Wang, H., Khan, S. D., Chini, M., Wu, Yi. Zhao, K. &amp; Chang Z. \u201cGeneration of Isolated Attosecond Pulses with 20 to 28 Femtosecond Lasers.\u201d Phys. Rev. Lett. 103, 183901 (2009).<\/li>\n<li>Wang, H., Chini, M., Moon, E., Mashiko, H., Li, C. &amp; Chang, Z. \u201cCoupling between energy and phase in hollow-core fiber based f-to-2f interferometers.\u201d Opt. Express 17, 12082 (2009).<\/li>\n<li>Miura, T., Chini, M. &amp; Bennewitz R. \u201cForces, charges, and light emission during the rupture of adhesive contacts.\u201d J. Appl. Phys. 102, 103509 (2007).<\/li>\n<\/ol>\n","protected":false},"excerpt":{"rendered":"<p>Peer-Reviewed Journal Articles: Truong, T.-C., Beetar, J. E. &amp; Chini, M. &#8220;Light-field synthesizer based on multidimensional solitary states in hollow-core fibers.&#8221; Opt. Lett. 48, 2397 (2023). Alam, D., Ud-Din, N., Chini, M. &amp; Turkowski, V. \u201cElectron-Electron Interactions and High-Order Harmonics &hellip; <a href=\"https:\/\/sciences.ucf.edu\/physics\/ultrafast\/publications\/\">Continue reading <span class=\"meta-nav\">&rarr;<\/span><\/a><\/p>\n","protected":false},"author":11,"featured_media":0,"parent":0,"menu_order":0,"comment_status":"closed","ping_status":"closed","template":"","meta":{"footnotes":"","_links_to":"","_links_to_target":""},"class_list":["post-26","page","type-page","status-publish","hentry"],"yoast_head":"<!-- This site is optimized with the Yoast SEO plugin v27.2 - https:\/\/yoast.com\/product\/yoast-seo-wordpress\/ -->\n<title>Publications - Laboratory for Ultrafast Metrology and Attoscience in Solids (LUMAS)<\/title>\n<meta name=\"robots\" content=\"index, follow, max-snippet:-1, max-image-preview:large, max-video-preview:-1\" \/>\n<link rel=\"canonical\" href=\"https:\/\/sciences.ucf.edu\/physics\/ultrafast\/publications\/\" \/>\n<meta property=\"og:locale\" content=\"en_US\" \/>\n<meta property=\"og:type\" content=\"article\" \/>\n<meta property=\"og:title\" content=\"Publications - Laboratory for Ultrafast Metrology and Attoscience in Solids (LUMAS)\" \/>\n<meta property=\"og:description\" content=\"Peer-Reviewed Journal Articles: Truong, T.-C., Beetar, J. E. &amp; Chini, M. &#8220;Light-field synthesizer based on multidimensional solitary states in hollow-core fibers.&#8221; Opt. Lett. 48, 2397 (2023). Alam, D., Ud-Din, N., Chini, M. &amp; Turkowski, V. \u201cElectron-Electron Interactions and High-Order Harmonics &hellip; Continue reading &rarr;\" \/>\n<meta property=\"og:url\" content=\"https:\/\/sciences.ucf.edu\/physics\/ultrafast\/publications\/\" \/>\n<meta property=\"og:site_name\" content=\"Laboratory for Ultrafast Metrology and Attoscience in Solids (LUMAS)\" \/>\n<meta property=\"article:modified_time\" content=\"2023-05-04T19:52:36+00:00\" \/>\n<meta name=\"twitter:card\" content=\"summary_large_image\" \/>\n<meta name=\"twitter:label1\" content=\"Est. reading time\" \/>\n\t<meta name=\"twitter:data1\" content=\"9 minutes\" \/>\n<script type=\"application\/ld+json\" class=\"yoast-schema-graph\">{\"@context\":\"https:\/\/schema.org\",\"@graph\":[{\"@type\":\"WebPage\",\"@id\":\"https:\/\/sciences.ucf.edu\/physics\/ultrafast\/publications\/\",\"url\":\"https:\/\/sciences.ucf.edu\/physics\/ultrafast\/publications\/\",\"name\":\"Publications - Laboratory for Ultrafast Metrology and Attoscience in Solids (LUMAS)\",\"isPartOf\":{\"@id\":\"https:\/\/sciences.ucf.edu\/physics\/ultrafast\/#website\"},\"datePublished\":\"2016-01-28T15:18:41+00:00\",\"dateModified\":\"2023-05-04T19:52:36+00:00\",\"inLanguage\":\"en-US\",\"potentialAction\":[{\"@type\":\"ReadAction\",\"target\":[\"https:\/\/sciences.ucf.edu\/physics\/ultrafast\/publications\/\"]}]},{\"@type\":\"WebSite\",\"@id\":\"https:\/\/sciences.ucf.edu\/physics\/ultrafast\/#website\",\"url\":\"https:\/\/sciences.ucf.edu\/physics\/ultrafast\/\",\"name\":\"Laboratory for Ultrafast Metrology and Attoscience in Solids (LUMAS)\",\"description\":\"Dept. of Physics, University of Central Florida\",\"potentialAction\":[{\"@type\":\"SearchAction\",\"target\":{\"@type\":\"EntryPoint\",\"urlTemplate\":\"https:\/\/sciences.ucf.edu\/physics\/ultrafast\/?s={search_term_string}\"},\"query-input\":{\"@type\":\"PropertyValueSpecification\",\"valueRequired\":true,\"valueName\":\"search_term_string\"}}],\"inLanguage\":\"en-US\"}]}<\/script>\n<!-- \/ Yoast SEO plugin. -->","yoast_head_json":{"title":"Publications - Laboratory for Ultrafast Metrology and Attoscience in Solids (LUMAS)","robots":{"index":"index","follow":"follow","max-snippet":"max-snippet:-1","max-image-preview":"max-image-preview:large","max-video-preview":"max-video-preview:-1"},"canonical":"https:\/\/sciences.ucf.edu\/physics\/ultrafast\/publications\/","og_locale":"en_US","og_type":"article","og_title":"Publications - Laboratory for Ultrafast Metrology and Attoscience in Solids (LUMAS)","og_description":"Peer-Reviewed Journal Articles: Truong, T.-C., Beetar, J. E. &amp; Chini, M. &#8220;Light-field synthesizer based on multidimensional solitary states in hollow-core fibers.&#8221; Opt. Lett. 48, 2397 (2023). Alam, D., Ud-Din, N., Chini, M. &amp; Turkowski, V. \u201cElectron-Electron Interactions and High-Order Harmonics &hellip; Continue reading &rarr;","og_url":"https:\/\/sciences.ucf.edu\/physics\/ultrafast\/publications\/","og_site_name":"Laboratory for Ultrafast Metrology and Attoscience in Solids (LUMAS)","article_modified_time":"2023-05-04T19:52:36+00:00","twitter_card":"summary_large_image","twitter_misc":{"Est. reading time":"9 minutes"},"schema":{"@context":"https:\/\/schema.org","@graph":[{"@type":"WebPage","@id":"https:\/\/sciences.ucf.edu\/physics\/ultrafast\/publications\/","url":"https:\/\/sciences.ucf.edu\/physics\/ultrafast\/publications\/","name":"Publications - Laboratory for Ultrafast Metrology and Attoscience in Solids (LUMAS)","isPartOf":{"@id":"https:\/\/sciences.ucf.edu\/physics\/ultrafast\/#website"},"datePublished":"2016-01-28T15:18:41+00:00","dateModified":"2023-05-04T19:52:36+00:00","inLanguage":"en-US","potentialAction":[{"@type":"ReadAction","target":["https:\/\/sciences.ucf.edu\/physics\/ultrafast\/publications\/"]}]},{"@type":"WebSite","@id":"https:\/\/sciences.ucf.edu\/physics\/ultrafast\/#website","url":"https:\/\/sciences.ucf.edu\/physics\/ultrafast\/","name":"Laboratory for Ultrafast Metrology and Attoscience in Solids (LUMAS)","description":"Dept. of Physics, University of Central Florida","potentialAction":[{"@type":"SearchAction","target":{"@type":"EntryPoint","urlTemplate":"https:\/\/sciences.ucf.edu\/physics\/ultrafast\/?s={search_term_string}"},"query-input":{"@type":"PropertyValueSpecification","valueRequired":true,"valueName":"search_term_string"}}],"inLanguage":"en-US"}]}},"_links":{"self":[{"href":"https:\/\/sciences.ucf.edu\/physics\/ultrafast\/wp-json\/wp\/v2\/pages\/26","targetHints":{"allow":["GET"]}}],"collection":[{"href":"https:\/\/sciences.ucf.edu\/physics\/ultrafast\/wp-json\/wp\/v2\/pages"}],"about":[{"href":"https:\/\/sciences.ucf.edu\/physics\/ultrafast\/wp-json\/wp\/v2\/types\/page"}],"author":[{"embeddable":true,"href":"https:\/\/sciences.ucf.edu\/physics\/ultrafast\/wp-json\/wp\/v2\/users\/11"}],"replies":[{"embeddable":true,"href":"https:\/\/sciences.ucf.edu\/physics\/ultrafast\/wp-json\/wp\/v2\/comments?post=26"}],"version-history":[{"count":5,"href":"https:\/\/sciences.ucf.edu\/physics\/ultrafast\/wp-json\/wp\/v2\/pages\/26\/revisions"}],"predecessor-version":[{"id":580,"href":"https:\/\/sciences.ucf.edu\/physics\/ultrafast\/wp-json\/wp\/v2\/pages\/26\/revisions\/580"}],"wp:attachment":[{"href":"https:\/\/sciences.ucf.edu\/physics\/ultrafast\/wp-json\/wp\/v2\/media?parent=26"}],"curies":[{"name":"wp","href":"https:\/\/api.w.org\/{rel}","templated":true}]}}