{"id":1297,"date":"2021-04-16T14:29:09","date_gmt":"2021-04-16T18:29:09","guid":{"rendered":"https:\/\/sciences.ucf.edu\/politics\/kps\/?page_id=1297"},"modified":"2023-07-14T17:51:07","modified_gmt":"2023-07-14T21:51:07","slug":"1297-2","status":"publish","type":"page","link":"https:\/\/sciences.ucf.edu\/politics\/kps\/1297-2\/","title":{"rendered":""},"content":{"rendered":"\n<h4 class=\"wp-block-heading\"><span style=\"color: #000000;\"><strong>After the Last &#8216;Firman&#8217;<\/strong><\/span><br><em><span style=\"color: #000000;\"><strong>Victimhood, Survival and Societal Transformation among the Yezidis<\/strong>&nbsp;&nbsp;<\/span>&nbsp;<\/em><\/h4>\n\n\n<div class=\"wp-block-image wp-image-1087\">\n<figure class=\"alignleft\"><img decoding=\"async\" width=\"811\" height=\"1024\" data-src=\"https:\/\/sciences.ucf.edu\/politics\/kps\/wp-content\/uploads\/sites\/4\/2019\/04\/KIC-Image-0001-811x1024.jpg\" alt=\"\" class=\"wp-image-1087 lazyload\" data-srcset=\"https:\/\/sciences.ucf.edu\/politics\/kps\/wp-content\/uploads\/sites\/4\/2019\/04\/KIC-Image-0001-811x1024.jpg 811w, https:\/\/sciences.ucf.edu\/politics\/kps\/wp-content\/uploads\/sites\/4\/2019\/04\/KIC-Image-0001-238x300.jpg 238w, https:\/\/sciences.ucf.edu\/politics\/kps\/wp-content\/uploads\/sites\/4\/2019\/04\/KIC-Image-0001-768x970.jpg 768w, https:\/\/sciences.ucf.edu\/politics\/kps\/wp-content\/uploads\/sites\/4\/2019\/04\/KIC-Image-0001.jpg 1521w\" data-sizes=\"(max-width: 811px) 100vw, 811px\" src=\"data:image\/svg+xml;base64,PHN2ZyB3aWR0aD0iMSIgaGVpZ2h0PSIxIiB4bWxucz0iaHR0cDovL3d3dy53My5vcmcvMjAwMC9zdmciPjwvc3ZnPg==\" style=\"--smush-placeholder-width: 811px; --smush-placeholder-aspect-ratio: 811\/1024;\" \/><figcaption class=\"wp-element-caption\">Exodus to Sinjar Mountains. Artist: Olgu Ergin<\/figcaption><\/figure>\n<\/div>\n\n\n<p class=\"has-text-align-center\">&nbsp;<\/p>\n\n\n\n<h4 class=\"wp-block-heading\"><strong>Publications based on the project:<\/strong><\/h4>\n\n\n\n<p class=\"has-text-align-left\"><a href=\"https:\/\/www.bloomsbury.com\/uk\/kurds-and-yezidis-in-the-middle-east-9780755601196\/\"><em>Kurds and Yezidis in the Middle East:&nbsp;Shifting Identities, Borders and the Experience of Minority Communities<\/em><\/a>.&nbsp;London: I.B. Tauris, 2021.<\/p>\n\n\n\n<p class=\"has-text-align-left\"><a href=\"https:\/\/theconversation.com\/5-years-after-islamic-state-massacre-an-iraqi-minority-is-transformed-by-trauma-126917\">Transformation of Yezidis five years after the massacre<\/a>,&nbsp;<em>The Conversation<\/em>, December 2019<\/p>\n\n\n\n<p class=\"has-text-align-left\"><a href=\"https:\/\/www.washingtonpost.com\/news\/monkey-cage\/wp\/2018\/10\/30\/a-yazidi-activist-was-awarded-the-nobel-peace-prize-but-what-happens-next-for-yazidis\/\">Gender relations among Yezidis after the IS violence<\/a>, Monkey Cage Blog,&nbsp;<em>The Washington Post,&nbsp;<\/em>October 2018<\/p>\n\n\n\n<p class=\"has-text-align-left\"><a href=\"https:\/\/www.washingtonpost.com\/news\/monkey-cage\/wp\/2017\/08\/15\/three-years-ago-the-islamic-state-massacred-yazidis-in-iraq-why\/?noredirect=on&amp;utm_term=.a508191b6189\">Local dynamics of violence against Yezidis,<\/a>Monkey Cage Blog, <em>The Washington Post,&nbsp;<\/em>August 2017<\/p>\n\n\n\n<p class=\"has-text-align-left\">&nbsp;<\/p>\n\n\n\n<h2 class=\"wp-block-heading\"><strong>News<\/strong><\/h2>\n\n\n\n<ul class=\"wp-block-list\">\n<li>A workshop among investigators took place on UCF campus on February 28, 2019. The workshop was followed by an international conference titled &#8220;Politics of Borders, Refugees, and Identities: The Kurdish Experience in the Middle East&#8221; on March 1.<\/li>\n\n\n\n<li>A paper about methodological and ethical issues encountered during the fieldwork was presented&nbsp;on August 30, 2018 at the 114th&nbsp;<a href=\"https:\/\/convention2.allacademic.com\/one\/apsa\/apsa18\/index.php?cmd=Online+Program+View+Paper&amp;selected_paper_id=1382934&amp;PHPSESSID=c9jsm6q04r970i0hfsuup83lk4\" target=\"_blank\" rel=\"noopener noreferrer\">American Political Science Association<\/a>&nbsp;Annual Meeting and Exhibition in Boston.<\/li>\n\n\n\n<li>Bayar Sevdeen spends the fall 2018 semester as <a href=\"https:\/\/www.humanrightscolumbia.org\/ahda\/fellows\">an Alliance for Historical Dialogue and Accountability fellow<\/a> at the Institute for the Study of Human Rights at Columbia University. As a part of his fellowship, he is working on societal transformations among the Yezidis after the last genocidal violence.<\/li>\n\n\n\n<li>A paper on the impact of the Yezidi genocide on gender norms and practices will be presented in a seminar organized by <a href=\"https:\/\/www.hlsenteret.no\">HL-Senteret<\/a> in Oslo in December 2018.<\/li>\n\n\n\n<li>&nbsp;<\/li>\n<\/ul>\n\n\n\n<hr class=\"wp-block-separator has-alpha-channel-opacity\"\/>\n\n\n\n<h2 class=\"wp-block-heading has-text-align-left\">Description<\/h2>\n\n\n\n<p>In 2014, the Yezidi- a religious community with historical roots in the Sinjar area of northern Iraq &#8211; had repeatedly been targeted by the Islamic State\u2019s (IS) violence against the Yezidis, resulting in mass executions, enslavements, and displacements: thousands of Yezidis were executed and large numbers of women and children were taken hostages and subsequently sold as slaves. The violence IS executed has been unprecedented even by its own vicious standards. While the Yezidis have historically developed a strong sense of existential threat perception as a marginalized minority, the IS assault has pushed the community to the brink of survival. Most of Sinjar remains inhabitable and many surviving Yezidis continue their existence as displaced people and refugees in Iraqi Kurdistan and Western countries.<\/p>\n\n\n\n<p>This project is a collaboration among the University of Central Florida,&nbsp;<a href=\"http:\/\/www.lse.ac.uk\/middle-east-centre\/research\/yazidi-victimhood-survival-and-transformation\" target=\"_blank\" rel=\"noopener noreferrer\">London School of Economics and Political Science<\/a>, and the <a href=\"http:\/\/auk.edu.krd\/\" target=\"_blank\" rel=\"noopener noreferrer\">American University of Kurdistan<\/a>. It brings together scholars from the United States, Iraqi Kurdistan, and the United Kingdom to offer a unique social science perspective on the Yezidi religious community in the wake of genocidal violence. The project addresses a series of questions about three dimensions of Yezidi religion by empirically focusing on the lived experience of Yezidis: (1) the transformation and resiliency of Yezidi beliefs and norms in the wake of the genocidal violence, (2) the evolution of gender relations among the Yezidis in the wake of sexual enslavement of Yezidi women, and (3) the nature of relations between Yezidis and Sunni Arabs and Kurds. While IS atrocities against the Yezidis <a href=\"https:\/\/ore.exeter.ac.uk\/repository\/handle\/10871\/24126\" target=\"_blank\" rel=\"noopener noreferrer\">have received significant media attention<\/a>, their lingering effects on Yezidis&#8217; lives and relations between them remain unexplored.<\/p>\n\n\n\n<p>The international research team conducts dozens of in-depth interviews with Yezidis in Dohuk province of Iraqi Kurdistan to analyze the group&#8217;s experience. The extensive fieldwork is essential to understand how the aforementioned dimensions will transform the Yezidis as a result of the collective trauma they recently experienced. The project will make a significant contribution to the study of religious minorities and their experiences of violence through a focus on the understudied case of the Yezidis.<\/p>\n\n\n\n<p>The project is funded through an international collaboration grant from the&nbsp;<a href=\"https:\/\/grri.nd.edu\/r2awards\" target=\"_blank\" rel=\"noopener noreferrer\">Global Religion Research Initiative<\/a> (GRRI), the George Washington University, and University of Notre Dame for the&nbsp;expected time frame of May 2018 to May 2019.&nbsp;The Institutional Review Board (IRB) of UCF granted approval for the study in April 2018 (SBE-18-13819).<\/p>\n\n\n\n<hr class=\"wp-block-separator has-alpha-channel-opacity\"\/>\n\n\n\n<h2 class=\"wp-block-heading has-text-align-left\">Team<\/h2>\n\n\n\n<figure class=\"wp-block-gallery has-nested-images columns-3 is-cropped wp-block-gallery-1 is-layout-flex wp-block-gallery-is-layout-flex\">\n<figure class=\"wp-block-image size-large\"><img decoding=\"async\" width=\"250\" height=\"250\" data-id=\"937\" data-src=\"https:\/\/sciences.ucf.edu\/politics\/kps\/wp-content\/uploads\/sites\/4\/2018\/09\/Tezcur-250x314-e1536078736106.jpg\" alt=\"\" class=\"wp-image-937 lazyload\" data-srcset=\"https:\/\/sciences.ucf.edu\/politics\/kps\/wp-content\/uploads\/sites\/4\/2018\/09\/Tezcur-250x314-e1536078736106.jpg 250w, https:\/\/sciences.ucf.edu\/politics\/kps\/wp-content\/uploads\/sites\/4\/2018\/09\/Tezcur-250x314-e1536078736106-150x150.jpg 150w\" data-sizes=\"(max-width: 250px) 100vw, 250px\" src=\"data:image\/svg+xml;base64,PHN2ZyB3aWR0aD0iMSIgaGVpZ2h0PSIxIiB4bWxucz0iaHR0cDovL3d3dy53My5vcmcvMjAwMC9zdmciPjwvc3ZnPg==\" style=\"--smush-placeholder-width: 250px; --smush-placeholder-aspect-ratio: 250\/250;\" \/><figcaption class=\"wp-element-caption\">G\u00fcne\u015f Murat Tezc\u00fcr, Principal Investigator<\/figcaption><\/figure>\n\n\n\n<figure class=\"wp-block-image size-large\"><img decoding=\"async\" width=\"200\" height=\"200\" data-id=\"907\" data-src=\"https:\/\/sciences.ucf.edu\/politics\/kps\/wp-content\/uploads\/sites\/4\/2018\/08\/Zeynep-Kaya.jpg\" alt=\"\" class=\"wp-image-907 lazyload\" data-srcset=\"https:\/\/sciences.ucf.edu\/politics\/kps\/wp-content\/uploads\/sites\/4\/2018\/08\/Zeynep-Kaya.jpg 200w, https:\/\/sciences.ucf.edu\/politics\/kps\/wp-content\/uploads\/sites\/4\/2018\/08\/Zeynep-Kaya-150x150.jpg 150w\" data-sizes=\"(max-width: 200px) 100vw, 200px\" src=\"data:image\/svg+xml;base64,PHN2ZyB3aWR0aD0iMSIgaGVpZ2h0PSIxIiB4bWxucz0iaHR0cDovL3d3dy53My5vcmcvMjAwMC9zdmciPjwvc3ZnPg==\" style=\"--smush-placeholder-width: 200px; --smush-placeholder-aspect-ratio: 200\/200;\" \/><figcaption class=\"wp-element-caption\">Zeynep Kaya, Co-Principal Investigator <\/figcaption><\/figure>\n\n\n\n<figure class=\"wp-block-image size-large\"><img decoding=\"async\" width=\"200\" height=\"200\" data-id=\"908\" data-src=\"https:\/\/sciences.ucf.edu\/politics\/kps\/wp-content\/uploads\/sites\/4\/2018\/08\/bayar-mustafa.jpg\" alt=\"\" class=\"wp-image-908 lazyload\" data-srcset=\"https:\/\/sciences.ucf.edu\/politics\/kps\/wp-content\/uploads\/sites\/4\/2018\/08\/bayar-mustafa.jpg 200w, https:\/\/sciences.ucf.edu\/politics\/kps\/wp-content\/uploads\/sites\/4\/2018\/08\/bayar-mustafa-150x150.jpg 150w\" data-sizes=\"(max-width: 200px) 100vw, 200px\" src=\"data:image\/svg+xml;base64,PHN2ZyB3aWR0aD0iMSIgaGVpZ2h0PSIxIiB4bWxucz0iaHR0cDovL3d3dy53My5vcmcvMjAwMC9zdmciPjwvc3ZnPg==\" style=\"--smush-placeholder-width: 200px; --smush-placeholder-aspect-ratio: 200\/200;\" \/><figcaption class=\"wp-element-caption\">Bayar Mustafa Sevdeen, Co-Principal Investigator <\/figcaption><\/figure>\n\n\n\n<figure class=\"wp-block-image size-large\"><img decoding=\"async\" width=\"601\" height=\"601\" data-id=\"914\" data-src=\"https:\/\/sciences.ucf.edu\/politics\/kps\/wp-content\/uploads\/sites\/4\/2018\/08\/Screen-Shot-2018-08-30-at-6.33.03-PM-e1536866154298.png\" alt=\"\" class=\"wp-image-914 lazyload\" data-srcset=\"https:\/\/sciences.ucf.edu\/politics\/kps\/wp-content\/uploads\/sites\/4\/2018\/08\/Screen-Shot-2018-08-30-at-6.33.03-PM-e1536866154298.png 601w, https:\/\/sciences.ucf.edu\/politics\/kps\/wp-content\/uploads\/sites\/4\/2018\/08\/Screen-Shot-2018-08-30-at-6.33.03-PM-e1536866154298-150x150.png 150w, https:\/\/sciences.ucf.edu\/politics\/kps\/wp-content\/uploads\/sites\/4\/2018\/08\/Screen-Shot-2018-08-30-at-6.33.03-PM-e1536866154298-300x300.png 300w\" data-sizes=\"(max-width: 601px) 100vw, 601px\" src=\"data:image\/svg+xml;base64,PHN2ZyB3aWR0aD0iMSIgaGVpZ2h0PSIxIiB4bWxucz0iaHR0cDovL3d3dy53My5vcmcvMjAwMC9zdmciPjwvc3ZnPg==\" style=\"--smush-placeholder-width: 601px; --smush-placeholder-aspect-ratio: 601\/601;\" \/><figcaption class=\"wp-element-caption\">Tutku Ayhan, Research Associate<\/figcaption><\/figure>\n\n\n\n<figure class=\"wp-block-image size-large\"><img decoding=\"async\" width=\"1024\" height=\"1024\" data-id=\"936\" data-src=\"https:\/\/sciences.ucf.edu\/politics\/kps\/wp-content\/uploads\/sites\/4\/2018\/09\/DSC_0051-e1536078557370-1024x1024.jpg\" alt=\"\" class=\"wp-image-936 lazyload\" data-srcset=\"https:\/\/sciences.ucf.edu\/politics\/kps\/wp-content\/uploads\/sites\/4\/2018\/09\/DSC_0051-e1536078557370-1024x1024.jpg 1024w, https:\/\/sciences.ucf.edu\/politics\/kps\/wp-content\/uploads\/sites\/4\/2018\/09\/DSC_0051-e1536078557370-150x150.jpg 150w, https:\/\/sciences.ucf.edu\/politics\/kps\/wp-content\/uploads\/sites\/4\/2018\/09\/DSC_0051-e1536078557370-300x300.jpg 300w, https:\/\/sciences.ucf.edu\/politics\/kps\/wp-content\/uploads\/sites\/4\/2018\/09\/DSC_0051-e1536078557370-768x768.jpg 768w, https:\/\/sciences.ucf.edu\/politics\/kps\/wp-content\/uploads\/sites\/4\/2018\/09\/DSC_0051-e1536078557370.jpg 1920w\" data-sizes=\"(max-width: 1024px) 100vw, 1024px\" src=\"data:image\/svg+xml;base64,PHN2ZyB3aWR0aD0iMSIgaGVpZ2h0PSIxIiB4bWxucz0iaHR0cDovL3d3dy53My5vcmcvMjAwMC9zdmciPjwvc3ZnPg==\" style=\"--smush-placeholder-width: 1024px; --smush-placeholder-aspect-ratio: 1024\/1024;\" \/><figcaption class=\"wp-element-caption\">Jeen Maltayi, Research Assistant<\/figcaption><\/figure>\n\n\n\n<figure class=\"wp-block-image size-large\"><img decoding=\"async\" width=\"1024\" height=\"1024\" data-id=\"935\" data-src=\"https:\/\/sciences.ucf.edu\/politics\/kps\/wp-content\/uploads\/sites\/4\/2018\/09\/DSC_0049-e1536078615558-1024x1024.jpg\" alt=\"\" class=\"wp-image-935 lazyload\" data-srcset=\"https:\/\/sciences.ucf.edu\/politics\/kps\/wp-content\/uploads\/sites\/4\/2018\/09\/DSC_0049-e1536078615558-1024x1024.jpg 1024w, https:\/\/sciences.ucf.edu\/politics\/kps\/wp-content\/uploads\/sites\/4\/2018\/09\/DSC_0049-e1536078615558-150x150.jpg 150w, https:\/\/sciences.ucf.edu\/politics\/kps\/wp-content\/uploads\/sites\/4\/2018\/09\/DSC_0049-e1536078615558-300x300.jpg 300w, https:\/\/sciences.ucf.edu\/politics\/kps\/wp-content\/uploads\/sites\/4\/2018\/09\/DSC_0049-e1536078615558-768x768.jpg 768w, https:\/\/sciences.ucf.edu\/politics\/kps\/wp-content\/uploads\/sites\/4\/2018\/09\/DSC_0049-e1536078615558.jpg 1920w\" data-sizes=\"(max-width: 1024px) 100vw, 1024px\" src=\"data:image\/svg+xml;base64,PHN2ZyB3aWR0aD0iMSIgaGVpZ2h0PSIxIiB4bWxucz0iaHR0cDovL3d3dy53My5vcmcvMjAwMC9zdmciPjwvc3ZnPg==\" style=\"--smush-placeholder-width: 1024px; --smush-placeholder-aspect-ratio: 1024\/1024;\" \/><figcaption class=\"wp-element-caption\">F. Esmer, Research Assistant<\/figcaption><\/figure>\n<\/figure>\n\n\n<div class=\"wp-block-image wp-image-1082 size-medium\">\n<figure class=\"aligncenter\"><img decoding=\"async\" width=\"300\" height=\"232\" data-src=\"https:\/\/sciences.ucf.edu\/politics\/kps\/wp-content\/uploads\/sites\/4\/2019\/04\/1-e1554505378375-300x232.jpg\" alt=\"\" class=\"wp-image-1082 lazyload\" data-srcset=\"https:\/\/sciences.ucf.edu\/politics\/kps\/wp-content\/uploads\/sites\/4\/2019\/04\/1-e1554505378375-300x232.jpg 300w, https:\/\/sciences.ucf.edu\/politics\/kps\/wp-content\/uploads\/sites\/4\/2019\/04\/1-e1554505378375-768x593.jpg 768w, https:\/\/sciences.ucf.edu\/politics\/kps\/wp-content\/uploads\/sites\/4\/2019\/04\/1-e1554505378375-1024x791.jpg 1024w, https:\/\/sciences.ucf.edu\/politics\/kps\/wp-content\/uploads\/sites\/4\/2019\/04\/1-e1554505378375.jpg 1920w\" data-sizes=\"(max-width: 300px) 100vw, 300px\" src=\"data:image\/svg+xml;base64,PHN2ZyB3aWR0aD0iMSIgaGVpZ2h0PSIxIiB4bWxucz0iaHR0cDovL3d3dy53My5vcmcvMjAwMC9zdmciPjwvc3ZnPg==\" style=\"--smush-placeholder-width: 300px; --smush-placeholder-aspect-ratio: 300\/232;\" \/><figcaption class=\"wp-element-caption\">Visualization of Lalesh, the holiest site in Yezidi Religion. Artist: Olgu Ergin<\/figcaption><\/figure>\n<\/div>\n\n\n<figure class=\"wp-block-gallery has-nested-images columns-3 is-cropped wp-block-gallery-2 is-layout-flex wp-block-gallery-is-layout-flex\">\n<figure class=\"wp-block-image size-large\"><img decoding=\"async\" width=\"975\" height=\"730\" data-id=\"956\" data-src=\"https:\/\/sciences.ucf.edu\/politics\/kps\/wp-content\/uploads\/sites\/4\/2018\/09\/Picture8.png\" alt=\"\" class=\"wp-image-956 lazyload\" data-srcset=\"https:\/\/sciences.ucf.edu\/politics\/kps\/wp-content\/uploads\/sites\/4\/2018\/09\/Picture8.png 975w, https:\/\/sciences.ucf.edu\/politics\/kps\/wp-content\/uploads\/sites\/4\/2018\/09\/Picture8-300x225.png 300w, https:\/\/sciences.ucf.edu\/politics\/kps\/wp-content\/uploads\/sites\/4\/2018\/09\/Picture8-768x575.png 768w\" data-sizes=\"(max-width: 975px) 100vw, 975px\" src=\"data:image\/svg+xml;base64,PHN2ZyB3aWR0aD0iMSIgaGVpZ2h0PSIxIiB4bWxucz0iaHR0cDovL3d3dy53My5vcmcvMjAwMC9zdmciPjwvc3ZnPg==\" style=\"--smush-placeholder-width: 975px; --smush-placeholder-aspect-ratio: 975\/730;\" \/><\/figure>\n\n\n\n<figure class=\"wp-block-image size-large\"><img decoding=\"async\" width=\"973\" height=\"649\" data-id=\"958\" data-src=\"https:\/\/sciences.ucf.edu\/politics\/kps\/wp-content\/uploads\/sites\/4\/2018\/09\/Picture1-1.png\" alt=\"\" class=\"wp-image-958 lazyload\" data-srcset=\"https:\/\/sciences.ucf.edu\/politics\/kps\/wp-content\/uploads\/sites\/4\/2018\/09\/Picture1-1.png 973w, https:\/\/sciences.ucf.edu\/politics\/kps\/wp-content\/uploads\/sites\/4\/2018\/09\/Picture1-1-300x200.png 300w, https:\/\/sciences.ucf.edu\/politics\/kps\/wp-content\/uploads\/sites\/4\/2018\/09\/Picture1-1-768x512.png 768w\" data-sizes=\"(max-width: 973px) 100vw, 973px\" src=\"data:image\/svg+xml;base64,PHN2ZyB3aWR0aD0iMSIgaGVpZ2h0PSIxIiB4bWxucz0iaHR0cDovL3d3dy53My5vcmcvMjAwMC9zdmciPjwvc3ZnPg==\" style=\"--smush-placeholder-width: 973px; --smush-placeholder-aspect-ratio: 973\/649;\" \/><\/figure>\n\n\n\n<figure class=\"wp-block-image size-large\"><img decoding=\"async\" width=\"975\" height=\"730\" data-id=\"952\" data-src=\"https:\/\/sciences.ucf.edu\/politics\/kps\/wp-content\/uploads\/sites\/4\/2018\/09\/Picture4.png\" alt=\"\" class=\"wp-image-952 lazyload\" data-srcset=\"https:\/\/sciences.ucf.edu\/politics\/kps\/wp-content\/uploads\/sites\/4\/2018\/09\/Picture4.png 975w, https:\/\/sciences.ucf.edu\/politics\/kps\/wp-content\/uploads\/sites\/4\/2018\/09\/Picture4-300x225.png 300w, https:\/\/sciences.ucf.edu\/politics\/kps\/wp-content\/uploads\/sites\/4\/2018\/09\/Picture4-768x575.png 768w\" data-sizes=\"(max-width: 975px) 100vw, 975px\" src=\"data:image\/svg+xml;base64,PHN2ZyB3aWR0aD0iMSIgaGVpZ2h0PSIxIiB4bWxucz0iaHR0cDovL3d3dy53My5vcmcvMjAwMC9zdmciPjwvc3ZnPg==\" style=\"--smush-placeholder-width: 975px; --smush-placeholder-aspect-ratio: 975\/730;\" \/><\/figure>\n\n\n\n<figure class=\"wp-block-image size-large\"><img decoding=\"async\" width=\"975\" height=\"730\" data-id=\"954\" data-src=\"https:\/\/sciences.ucf.edu\/politics\/kps\/wp-content\/uploads\/sites\/4\/2018\/09\/Picture6.png\" alt=\"\" class=\"wp-image-954 lazyload\" data-srcset=\"https:\/\/sciences.ucf.edu\/politics\/kps\/wp-content\/uploads\/sites\/4\/2018\/09\/Picture6.png 975w, https:\/\/sciences.ucf.edu\/politics\/kps\/wp-content\/uploads\/sites\/4\/2018\/09\/Picture6-300x225.png 300w, https:\/\/sciences.ucf.edu\/politics\/kps\/wp-content\/uploads\/sites\/4\/2018\/09\/Picture6-768x575.png 768w\" data-sizes=\"(max-width: 975px) 100vw, 975px\" src=\"data:image\/svg+xml;base64,PHN2ZyB3aWR0aD0iMSIgaGVpZ2h0PSIxIiB4bWxucz0iaHR0cDovL3d3dy53My5vcmcvMjAwMC9zdmciPjwvc3ZnPg==\" style=\"--smush-placeholder-width: 975px; --smush-placeholder-aspect-ratio: 975\/730;\" \/><\/figure>\n\n\n\n<figure class=\"wp-block-image size-large\"><img decoding=\"async\" width=\"975\" height=\"730\" data-id=\"953\" data-src=\"https:\/\/sciences.ucf.edu\/politics\/kps\/wp-content\/uploads\/sites\/4\/2018\/09\/Picture5.png\" alt=\"\" class=\"wp-image-953 lazyload\" data-srcset=\"https:\/\/sciences.ucf.edu\/politics\/kps\/wp-content\/uploads\/sites\/4\/2018\/09\/Picture5.png 975w, https:\/\/sciences.ucf.edu\/politics\/kps\/wp-content\/uploads\/sites\/4\/2018\/09\/Picture5-300x225.png 300w, https:\/\/sciences.ucf.edu\/politics\/kps\/wp-content\/uploads\/sites\/4\/2018\/09\/Picture5-768x575.png 768w\" data-sizes=\"(max-width: 975px) 100vw, 975px\" src=\"data:image\/svg+xml;base64,PHN2ZyB3aWR0aD0iMSIgaGVpZ2h0PSIxIiB4bWxucz0iaHR0cDovL3d3dy53My5vcmcvMjAwMC9zdmciPjwvc3ZnPg==\" style=\"--smush-placeholder-width: 975px; --smush-placeholder-aspect-ratio: 975\/730;\" \/><\/figure>\n\n\n\n<figure class=\"wp-block-image size-large\"><img decoding=\"async\" width=\"972\" height=\"729\" data-id=\"957\" data-src=\"https:\/\/sciences.ucf.edu\/politics\/kps\/wp-content\/uploads\/sites\/4\/2018\/09\/Picture9.png\" alt=\"\" class=\"wp-image-957 lazyload\" data-srcset=\"https:\/\/sciences.ucf.edu\/politics\/kps\/wp-content\/uploads\/sites\/4\/2018\/09\/Picture9.png 972w, https:\/\/sciences.ucf.edu\/politics\/kps\/wp-content\/uploads\/sites\/4\/2018\/09\/Picture9-300x225.png 300w, https:\/\/sciences.ucf.edu\/politics\/kps\/wp-content\/uploads\/sites\/4\/2018\/09\/Picture9-768x576.png 768w\" data-sizes=\"(max-width: 972px) 100vw, 972px\" src=\"data:image\/svg+xml;base64,PHN2ZyB3aWR0aD0iMSIgaGVpZ2h0PSIxIiB4bWxucz0iaHR0cDovL3d3dy53My5vcmcvMjAwMC9zdmciPjwvc3ZnPg==\" style=\"--smush-placeholder-width: 972px; --smush-placeholder-aspect-ratio: 972\/729;\" \/><\/figure>\n<\/figure>\n\n\n\n<p class=\"has-text-align-center\"><em>* All photos were taken by the research group during fieldwork in&nbsp;Dohuk, Iraqi Kurdistan.&nbsp;<\/em><\/p>\n","protected":false},"excerpt":{"rendered":"<p>After the Last &#8216;Firman&#8217;Victimhood, Survival and Societal Transformation among the Yezidis&nbsp;&nbsp;&nbsp; &nbsp; Publications based on the project: Kurds and Yezidis in the Middle East:&nbsp;Shifting Identities, Borders and the Experience of Minority Communities.&nbsp;London: I.B. Tauris, 2021. Transformation of Yezidis five years after the massacre,&nbsp;The Conversation, December 2019 Gender relations among Yezidis after the IS violence, Monkey [&hellip;]<\/p>\n","protected":false},"author":31,"featured_media":0,"parent":0,"menu_order":0,"comment_status":"closed","ping_status":"closed","template":"","meta":{"footnotes":""},"class_list":["post-1297","page","type-page","status-publish","hentry"],"_links":{"self":[{"href":"https:\/\/sciences.ucf.edu\/politics\/kps\/wp-json\/wp\/v2\/pages\/1297","targetHints":{"allow":["GET"]}}],"collection":[{"href":"https:\/\/sciences.ucf.edu\/politics\/kps\/wp-json\/wp\/v2\/pages"}],"about":[{"href":"https:\/\/sciences.ucf.edu\/politics\/kps\/wp-json\/wp\/v2\/types\/page"}],"author":[{"embeddable":true,"href":"https:\/\/sciences.ucf.edu\/politics\/kps\/wp-json\/wp\/v2\/users\/31"}],"replies":[{"embeddable":true,"href":"https:\/\/sciences.ucf.edu\/politics\/kps\/wp-json\/wp\/v2\/comments?post=1297"}],"version-history":[{"count":3,"href":"https:\/\/sciences.ucf.edu\/politics\/kps\/wp-json\/wp\/v2\/pages\/1297\/revisions"}],"predecessor-version":[{"id":1458,"href":"https:\/\/sciences.ucf.edu\/politics\/kps\/wp-json\/wp\/v2\/pages\/1297\/revisions\/1458"}],"wp:attachment":[{"href":"https:\/\/sciences.ucf.edu\/politics\/kps\/wp-json\/wp\/v2\/media?parent=1297"}],"curies":[{"name":"wp","href":"https:\/\/api.w.org\/{rel}","templated":true}]}}