{"id":1580,"date":"2024-07-09T12:15:07","date_gmt":"2024-07-09T16:15:07","guid":{"rendered":"https:\/\/sciences.ucf.edu\/politics\/kps\/?page_id=1580"},"modified":"2024-10-17T16:50:25","modified_gmt":"2024-10-17T20:50:25","slug":"research-work","status":"publish","type":"page","link":"https:\/\/sciences.ucf.edu\/politics\/kps\/research-work\/","title":{"rendered":""},"content":{"rendered":"\n<h1 class=\"wp-block-heading has-text-align-center\">Recent Publications<\/h1>\n\n\n\n<p><span style=\"color: #993300\"><strong><u>2022<\/u><\/strong><\/span><\/p>\n\n\n\n<p>Khezri, Haidar. 2022. &#8220;<a href=\"https:\/\/www.mdpi.com\/2077-1444\/13\/3\/253\/htm\">Kurds, Jews, and Kurdistani Jews: Historic Homelands, Perceptions of Parallels in Persecution, and Allies by Analogy<\/a>.&#8221;&nbsp;<em>Religions <\/em>13(3): 253.<\/p>\n\n\n\n<p><span style=\"color: #993300\"><strong><u>2021<\/u><\/strong><\/span><\/p>\n\n\n\n<p>Ayhan, Tutku and Tezc\u00fcr, G\u00fcne\u015f Murat. 2021. &#8220;<a href=\"https:\/\/www.taylorfrancis.com\/chapters\/edit\/10.4324\/9781003146131-18\/overcoming-intimate-hatreds-tutku-ayhan-g%C3%BCne%C5%9F-murat-tezc%C3%BCr\">Overcoming &#8216;intimate hatreds&#8217;: Reflections on violence against Yezidis<\/a>&#8220;. In Aafreedi, Navras J. and Singh, Priya (eds.),<em> Conceptualizing Mass Violence: Representations, Recollections, and Reinterpretations<\/em>. London: Routledge.<\/p>\n\n\n\n<p>Khezri, Haidar. 2021. &#8220;<a href=\"https:\/\/revista.abralic.org.br\/index.php\/revista\/article\/view\/647\">Internal Colonialism and the Discipline of Comparative Literature in Iran<\/a>.&#8221;&nbsp;<em>Revista Brasileira de Literature Comparada&nbsp;<\/em>23(43): 94-117.<\/p>\n\n\n\n<p>Khezri, Haidar. 2021. &#8220;<a href=\"https:\/\/ncolctl.org\/wp-content\/uploads\/2021\/04\/Kurdish-as-a-Stateless-Language-in-the-U.S.pdf\">Kurdish as a Stateless Language in the U.S.<\/a>&#8221;&nbsp;<em>Journal of National Council of Less Commonly Taught Languages<\/em> 30(1): 48-101.<\/p>\n\n\n\n<p>Khezri, Haidar and Tyler Fisher. 2021. \u201cForever a Kurd\u201d, \u201cPoetic Justice,\u201d and \u201cDance of Death\u201d. In <em>Essential Voices: Poetry of Iran and Its Diaspora<\/em>, edited by Christopher Nelson, Green Linden Press, pp. 133-134, 178.<\/p>\n\n\n\n<p>Khezri, Haidar and Tyler Fisher. 2021. \u201cFour Ghazals\u201d. <em>My Moon Is the Only Moon: The Poetry of Nali<\/em>, edited by David Shook, Kashkul Books, pp. 83-95.<\/p>\n\n\n\n<p>Tezc\u00fcr, G\u00fcne\u015f Murat. ed. 2021.&nbsp;<a href=\"https:\/\/www.bloomsbury.com\/uk\/kurds-and-yezidis-in-the-middle-east-9780755601196\/\"><em>Kurds and Yezidis in the Middle East:&nbsp;Shifting Identities, Borders and the Experience of Minority Communities<\/em><\/a>.&nbsp;London: I.B. Tauris.<\/p>\n\n\n\n<p>Tezc\u00fcr, G\u00fcne\u015f Murat and Doreen Horschig. 2021. &#8220;<a href=\"https:\/\/www.tandfonline.com\/doi\/full\/10.1080\/01436597.2020.1834840\">A Conditional Norm: Chemical Warfare from Colonialism to Contemporary Civil Wars<\/a>.&#8221;&nbsp;<em>Third World Quarterly&nbsp;<\/em>42(2): 366-384.<\/p>\n\n\n\n<p>Tezc\u00fcr, G\u00fcne\u015f Murat, Rebecca Schiel, and Bruce Wilson. 2021. &#8220;<a href=\"https:\/\/onlinelibrary.wiley.com\/doi\/full\/10.1111\/dech.12690\">The Effectiveness of Harnessing Human Rights: The Struggle over the Il\u0131su Dam in Turkey<\/a>.&#8221; <em>Development and Change&nbsp;<\/em>52(6): 1343-1369.<\/p>\n\n\n\n<p><span style=\"color: #993300\"><strong><u>2020<\/u><\/strong><\/span><\/p>\n\n\n\n<p>Fisher, Tyler and Haidar Khezri. 2020. \u201cSkylight\u201d and \u201c<a href=\"https:\/\/twitter.com\/HaidarCKhezri\/status\/1341469836128432133\/photo\/4\">The Heart is Moth Aflame<\/a>,\u201d translation of Kurdish&nbsp;<i>rubai<\/i>&nbsp;and&nbsp;<i>ghazal<\/i>&nbsp;by Malaye Jaziri.&nbsp;<a href=\"https:\/\/www.poetlore.com\"><i>Poet Lore<\/i><\/a>, December.<\/p>\n\n\n\n<p>Khezri, Haidar and Tyler Fisher. 2020.&nbsp;\u201c<a href=\"https:\/\/intranslation.brooklynrail.org\/kurdish\/two-ghazals-by-nali\/\">Two Ghazals by Nali<\/a>,\u201d translation of Kurdish&nbsp;<i>ghazal<\/i>&nbsp;by Nali.&nbsp;<i>The Brooklynrail<\/i>, October.<\/p>\n\n\n\n<p>Tezc\u00fcr, G\u00fcne\u015f Murat. 2020. &#8220;<a href=\"https:\/\/www.cambridge.org\/core\/journals\/perspectives-on-politics\/article\/path-out-of-patriarchy-political-agency-and-social-identity-of-women-fighters\/F95A18F434CD6254A09D54D2597C05BD\">A Path out of Patriarchy? Political Agency and Social Identity of Women Fighters<\/a>.&#8221;&nbsp;<em>Perspectives on Politics<\/em>&nbsp;18(3): 722-739.<\/p>\n\n\n\n<p>Zibari, Renas, Thai Lagraff, Quyen D. Chu, Anand Annamalai, Sachin \u201cSunny\u201d Jha, Lou Smith, Bharat Guthikonda, Hosein Shokouh-Amiri, Gazi<span class=\"Apple-converted-space\">&nbsp;<\/span>B. Zibari. 2020.<span class=\"Apple-converted-space\">&nbsp;&#8220;<\/span><a href=\"https:\/\/www.journalacs.org\/article\/S1072-7515(20)30489-0\/fulltext\">Medical Capacity-Building in War-Torn Nations: Kurdistan, Iraq as a Model<\/a>,&#8221;&nbsp;<em>Journal of the American College of Surgeons.&nbsp;<\/em><\/p>\n\n\n\n<p><span style=\"color: #993300\"><strong><u>2019<\/u><\/strong><\/span><\/p>\n\n\n\n<p>Tezc\u00fcr, G\u00fcne\u015f Murat&nbsp; and Helin Y\u0131ld\u0131z, 2019. &#8220;<a href=\"https:\/\/www.tandfonline.com\/doi\/full\/10.1080\/13629395.2019.1671677\">Kurdish Politics in Post-2011 Syria: From Fragmentation to Hegemony,<\/a>&#8221; <em>Mediterranean Politics<\/em>, Published Online.<\/p>\n\n\n\n<p>Tezc\u00fcr, G\u00fcne\u015f Murat, 2019. &#8220;<a href=\"https:\/\/www.tandfonline.com\/doi\/abs\/10.1080\/17449057.2018.1525162?journalCode=reno20\">A Century of the Kurdish Question<\/a>,&#8221;&nbsp;<em>Ethnopolitics<\/em>&nbsp;18(1): 1-12. In a special issue on Kurdish politics edited by G. M.&nbsp;Tezc\u00fcr.<\/p>\n\n\n\n<p><span style=\"color: #993300\"><strong><u>2018<\/u><\/strong><\/span><\/p>\n\n\n\n<p>Fisher, Tyler and Nahro Zagros, 2018. &#8220;<a href=\"https:\/\/www.routledgehandbooks.com\/doi\/10.4324\/9781315627427-16\">Yezidi Baptism and Rebaptism: Resilience, Reintegration, and Religious Adaptation<\/a>,&#8221; in&nbsp;<em>Routledge Handbook on the Kurds&nbsp;<\/em>ed., Michael M. Gunter, New York: Routledge.<\/p>\n\n\n\n<p>Tezc\u00fcr, G\u00fcne\u015f Murat and Peyman Asadzade, 2018. &#8220;<a href=\"https:\/\/www.researchgate.net\/publication\/324068393_Ethnic_Nationalism_versus_Religious_Loyalty_The_Case_of_Kurds_in_Iran?_iepl%5BviewId%5D=0FVTiq0AvwJd0GxT7JDXgYy3&amp;_iepl%5BsingleItemViewId%5D=KIQu1A26FI1wYg2SQmoMgXJM&amp;_iepl%5BpositionInFeed%5D=9&amp;_iepl%5BhomeFeedVariantCode%5D=nb_EU&amp;_iepl%5BactivityId%5D=955560879071237&amp;_iepl%5BactivityType%5D=person_publish_publication&amp;_iepl%5BactivityTimestamp%5D=1522195200&amp;_iepl%5Bcontexts%5D%5B0%5D=homeFeed&amp;_iepl%5BtargetEntityId%5D=PB%3A324068393&amp;_iepl%5BinteractionType%5D=publicationTitle\">Ethnic Nationalism versus Religious Loyalty: The Case of Kurds in Iran<\/a>,&#8221;&nbsp;<em>Nations and Nationalism.&nbsp;<\/em><\/p>\n\n\n\n<p>Tezc\u00fcr, G\u00fcne\u015f Murat and Clayton Besaw, 2018. &#8220;<a href=\"http:\/\/journals.sagepub.com\/doi\/full\/10.1177\/0738894217738990\">Jihadist Waves: Syria, the Islamic State, and the Changing Nature of Foreign Fighters<\/a>,&#8221;&nbsp;<em>Conflict Management and Peace Science.&nbsp;<\/em><\/p>\n\n\n\n<p><span style=\"color: #993300\">&nbsp;<strong><u>2017<\/u><\/strong><\/span><\/p>\n\n\n\n<p>Tezc\u00fcr, G\u00fcne\u015f Murat and Mehmet G\u00fcrses, 2017. &#8220;<a href=\"http:\/\/www.ingentaconnect.com\/content\/cuny\/cp\/2017\/00000049\/00000002\/art00005\">Ethnic Exclusion and Mobilization: The Kurdish Conflict in Turkey<\/a>,&#8221;&nbsp;<em>Comparative Politics<\/em>&nbsp;49(2): 213-234.<\/p>\n\n\n\n<p><span style=\"color: #993300\">&nbsp;<strong><u>2016<\/u><\/strong><\/span><\/p>\n\n\n\n<p>\u00d6zo\u011flu, Hakan, 2016. &#8220;Politics of Memory: The Role of Collective Forgetting in Kurdish Identity Formation,&#8221; in&nbsp;<em><a href=\"https:\/\/global.oup.com\/academic\/product\/the-kurdish-question-revisited-9781849045629?cc=us&amp;lang=en&amp;\" target=\"_blank\" rel=\"noreferrer noopener\">The Kurdish Question Revisited<\/a>&nbsp;<\/em>eds., Gareth Stansfield and Mohammed Shareef, London: Hurst.<\/p>\n\n\n\n<p>Tezc\u00fcr, G\u00fcne\u015f Murat, 2016. &#8220;<a href=\"https:\/\/www.cambridge.org\/core\/journals\/american-political-science-review\/article\/ordinary-people-extraordinary-risks-participation-in-an-ethnic-rebellion\/81E68E6296EAC5F779EFCDB7F2DB163C\">Ordinary People, Extraordinary Risks: Joining an Ethnic Rebellion<\/a>,&#8221;&nbsp;<em>American Political Science Review&nbsp;<\/em>110(2): 247-264.<\/p>\n\n\n\n<p><strong><u><span style=\"color: #993300\"><strong><u>2015<\/u><\/strong><\/span><\/u><\/strong><\/p>\n\n\n\n<p>Tezc\u00fcr, G\u00fcne\u015f Murat, 2015. &#8220;<a href=\"https:\/\/www.dropbox.com\/s\/ejggzvn9imh0qd1\/TezcurPolitics%26Religion.pdf?dl=0\">Catholic and Muslim Human Rights Activism in Violent Internal Conflicts<\/a>,&#8221;&nbsp;<em>Politics and Religion&nbsp;<\/em>8(1): 111-134.<\/p>\n\n\n\n<p>Tezc\u00fcr, G\u00fcne\u015f Murat, 2015. &#8220;<a href=\"https:\/\/www.dropbox.com\/s\/mlwlissxbcak9lb\/TezcurCivilWars.pdf?dl=0\">Electoral Behavior in Civil Wars: The Kurdish Conflict in Turkey<\/a>,&#8221;&nbsp;<em>Civil Wars&nbsp;<\/em>&nbsp;17(1): 70-88.<\/p>\n\n\n\n<p>Tezc\u00fcr, G\u00fcne\u015f Murat, 2015. &#8220;<a href=\"https:\/\/www.dropbox.com\/s\/bxfj0uwe9oyu8v5\/TezcurNationalitiesPapers.pdf?dl=0\">Violence and Nationalist Mobilization: The Onset of the Kurdish Insurgency in Turkey<\/a>,&#8221;&nbsp;<em>Nationalities Papers&nbsp;<\/em>43(2): 248-266.<\/p>\n\n\n\n<h2 class=\"wp-block-heading\"><\/h2>\n\n\n\n<hr class=\"wp-block-separator has-alpha-channel-opacity\" \/>\n\n\n\n<h2 class=\"wp-block-heading\"><\/h2>\n\n\n\n<h1 class=\"wp-block-heading has-text-align-center\">Projects<\/h1>\n\n\n\n<h4 class=\"wp-block-heading\"><strong>Foreign Policy Making in Turbulent Times<\/strong><\/h4>\n\n\n<div class=\"wp-block-image\">\n<figure class=\"alignleft\"><img decoding=\"async\" width=\"300\" height=\"229\" data-src=\"https:\/\/sciences.ucf.edu\/politics\/kps\/wp-content\/uploads\/sites\/4\/2022\/04\/52032425634_e9ae5e2b9b_o-scaled-e1651157250782-1024x781-1-300x229.jpg\" alt=\"Photo taken in front of the UCF Knight Statue for the American Foreign Policy and Intelligence Conference on April 21, 2022. Speakers (from Left to Right) Kelsey Larsen, Emma Ashford, David Oakley, Morgan Kaplan, Stephen Coulthart, G\u00fcne\u015f Murat Tezc\u00fcr, Monica Duffy Toft, Andrew Boutton, Jonathan Powell, Sandor Fabian, Jennifer Brick Murtazashvili, Michael Mousseau.\" class=\"wp-image-1422 lazyload\" data-srcset=\"https:\/\/sciences.ucf.edu\/politics\/kps\/wp-content\/uploads\/sites\/4\/2022\/04\/52032425634_e9ae5e2b9b_o-scaled-e1651157250782-1024x781-1-300x229.jpg 300w, https:\/\/sciences.ucf.edu\/politics\/kps\/wp-content\/uploads\/sites\/4\/2022\/04\/52032425634_e9ae5e2b9b_o-scaled-e1651157250782-1024x781-1-768x586.jpg 768w, https:\/\/sciences.ucf.edu\/politics\/kps\/wp-content\/uploads\/sites\/4\/2022\/04\/52032425634_e9ae5e2b9b_o-scaled-e1651157250782-1024x781-1.jpg 1024w\" data-sizes=\"(max-width: 300px) 100vw, 300px\" src=\"data:image\/svg+xml;base64,PHN2ZyB3aWR0aD0iMSIgaGVpZ2h0PSIxIiB4bWxucz0iaHR0cDovL3d3dy53My5vcmcvMjAwMC9zdmciPjwvc3ZnPg==\" style=\"--smush-placeholder-width: 300px; --smush-placeholder-aspect-ratio: 300\/229;\" \/><\/figure>\n<\/div>\n\n\n<p>On Thursday, April 21, 2022, the School of Politics, Security, and International Affairs (SPSIA) organized its landmark event of Spring 2022 \u2013 the American Foreign Policy and Intelligence Conference. The conference attracted a lively audience which featured 10 scholars and experts who provided unique perspectives about American foreign policy and intelligence in the wake of the withdrawal from Afghanistan in August 2021 and the ongoing Russian invasion of Ukraine. While the U.S. foreign policy and intelligence establishment has been subject of widespread criticisms for the swift fall of Kabul to Taliban forces, they have also been praised for providing accurate predictions of Russian intentions in Ukraine. <a href=\"https:\/\/sciences.ucf.edu\/news\/foreign-policy-making-in-turbulent-times\/\"><em>Read more<\/em><\/a><\/p>\n\n\n\n<h4 class=\"wp-block-heading\">&nbsp;<\/h4>\n\n\n\n<h4 class=\"wp-block-heading\"><strong>Strengthening Global Citizenship of Kurdistan-Iraq Youth<br><\/strong><em><strong>Model United Nations 2021<\/strong><\/em><\/h4>\n\n\n<div class=\"wp-block-image\">\n<figure class=\"alignleft\"><a href=\"https:\/\/sciences.ucf.edu\/politics\/kps\/1314-2\/\"><img decoding=\"async\" width=\"300\" height=\"300\" data-src=\"https:\/\/sciences.ucf.edu\/politics\/kps\/wp-content\/uploads\/sites\/4\/2021\/04\/SMUN-C2-1-300x300.png\" alt=\"Logo of the Soran University Model United Nations 2021 Conference\" class=\"wp-image-1299 lazyload\" data-srcset=\"https:\/\/sciences.ucf.edu\/politics\/kps\/wp-content\/uploads\/sites\/4\/2021\/04\/SMUN-C2-1-300x300.png 300w, https:\/\/sciences.ucf.edu\/politics\/kps\/wp-content\/uploads\/sites\/4\/2021\/04\/SMUN-C2-1-1024x1024.png 1024w, https:\/\/sciences.ucf.edu\/politics\/kps\/wp-content\/uploads\/sites\/4\/2021\/04\/SMUN-C2-1-150x150.png 150w, https:\/\/sciences.ucf.edu\/politics\/kps\/wp-content\/uploads\/sites\/4\/2021\/04\/SMUN-C2-1-768x768.png 768w, https:\/\/sciences.ucf.edu\/politics\/kps\/wp-content\/uploads\/sites\/4\/2021\/04\/SMUN-C2-1.png 1134w\" data-sizes=\"(max-width: 300px) 100vw, 300px\" src=\"data:image\/svg+xml;base64,PHN2ZyB3aWR0aD0iMSIgaGVpZ2h0PSIxIiB4bWxucz0iaHR0cDovL3d3dy53My5vcmcvMjAwMC9zdmciPjwvc3ZnPg==\" style=\"--smush-placeholder-width: 300px; --smush-placeholder-aspect-ratio: 300\/300;\" \/><\/a><\/figure>\n<\/div>\n\n\n<p>Model United Nations (MUN) are educational conferences which offer its participants an opportunity to experience the parliamentary procedure and decision-making process employed by the United Nations. As simulations of the world&#8217;s largest international organization, MUNs offer a friendly way to expose young people around the world to the international community.<\/p>\n\n\n\n<p>The recent cooperation between UCF\u2019s <a href=\"https:\/\/sciences.ucf.edu\/politics\/kps\/\">Kurdish Political Studies Program<\/a>&nbsp;and&nbsp;<a href=\"https:\/\/www.soran.edu.iq\/\">Soran University<\/a> in Iraqi Kurdistan aim to introduce this experience to Iraq by organizing the country&#8217;s first National Model United Nations. The conference seeks to bring together one hundred participants from across Iraq. For three days the students will assume the role of country delegates, take part in the parliamentary proceedings, and debate issues of international importance while practicing policy research. <a href=\"https:\/\/sciences.ucf.edu\/politics\/kps\/1314-2\/\"><em>Read more<\/em><\/a><\/p>\n\n\n\n<h4 class=\"wp-block-heading\">&nbsp;<\/h4>\n\n\n\n<h4 class=\"wp-block-heading\"><span style=\"color: #000000\"><strong>After the Last &#8216;Firman&#8217;<\/strong><\/span><br><em><span style=\"color: #000000\"><strong>Victimhood, Survival and Societal Transformation among the Yezidis<\/strong>&nbsp;&nbsp;<\/span>&nbsp;<\/em><\/h4>\n\n\n<div class=\"wp-block-image\">\n<figure class=\"alignleft is-resized\"><a href=\"https:\/\/sciences.ucf.edu\/politics\/kps\/1297-2\/\"><img decoding=\"async\" width=\"811\" height=\"1024\" data-src=\"https:\/\/sciences.ucf.edu\/politics\/kps\/wp-content\/uploads\/sites\/4\/2019\/04\/KIC-Image-0001-811x1024.jpg\" alt=\"Drawing of the exodus to Sinjar Mountains by Olgu Ergin\" class=\"wp-image-1087 lazyload\" style=\"--smush-placeholder-width: 811px; --smush-placeholder-aspect-ratio: 811\/1024;width:300px\" data-srcset=\"https:\/\/sciences.ucf.edu\/politics\/kps\/wp-content\/uploads\/sites\/4\/2019\/04\/KIC-Image-0001-811x1024.jpg 811w, https:\/\/sciences.ucf.edu\/politics\/kps\/wp-content\/uploads\/sites\/4\/2019\/04\/KIC-Image-0001-238x300.jpg 238w, https:\/\/sciences.ucf.edu\/politics\/kps\/wp-content\/uploads\/sites\/4\/2019\/04\/KIC-Image-0001-768x970.jpg 768w, https:\/\/sciences.ucf.edu\/politics\/kps\/wp-content\/uploads\/sites\/4\/2019\/04\/KIC-Image-0001.jpg 1521w\" data-sizes=\"(max-width: 811px) 100vw, 811px\" src=\"data:image\/svg+xml;base64,PHN2ZyB3aWR0aD0iMSIgaGVpZ2h0PSIxIiB4bWxucz0iaHR0cDovL3d3dy53My5vcmcvMjAwMC9zdmciPjwvc3ZnPg==\" \/><\/a><figcaption class=\"wp-element-caption\">Exodus to Sinjar Mountains. Artist: Olgu Ergin<\/figcaption><\/figure>\n<\/div>\n\n\n<p>In 2014, the Yezidi- a religious community with historical roots in the Sinjar area of northern Iraq &#8211; had repeatedly been targeted by the Islamic State\u2019s (IS) violence against the Yezidis: thousands of Yezidis were executed and large numbers of women and children were taken hostages and subsequently sold as slaves. While the Yezidis have historically developed a strong sense of existential threat perception as a marginalized minority, the IS assault has pushed the community to the brink of survival.<\/p>\n\n\n\n<p>This project is a collaboration among the University of Central Florida,&nbsp;London School of Economics and Political Science, and the American University of Kurdistan. The project addresses a series of questions about the dimensions of Yezidi religion by empirically focusing on the lived experience of Yezidis. While IS atrocities against the Yezidis have received significant media attention, their lingering effects on Yezidis&#8217; lives and relations between them remain unexplored.<\/p>\n\n\n\n<p><a href=\"https:\/\/sciences.ucf.edu\/politics\/kps\/1297-2\/\"><em>Read more<\/em><\/a><br><br><\/p>\n\n\n\n<h2 class=\"wp-block-heading\"><\/h2>\n\n\n\n<hr class=\"wp-block-separator has-alpha-channel-opacity\" \/>\n\n\n\n<h2 class=\"wp-block-heading\"><\/h2>\n\n\n\n<h1 class=\"wp-block-heading has-text-align-center\">Theses<\/h1>\n\n\n\n<h4 class=\"wp-block-heading\">Doctoral Dissertations<\/h4>\n\n\n\n<ul class=\"wp-block-list\">\n<li>Ayhan Ergin, Tutku. 2021. &#8220;<a href=\"https:\/\/stars.library.ucf.edu\/etd2020\/828\">Trauma, Resilience, and Empowerment: Post-Genocide Experiences of Yezidi Women<\/a>&#8220;. <em>Electronic Theses and Dissertations, 2020-<\/em>. 828.<\/li>\n<\/ul>\n\n\n\n<ul class=\"wp-block-list\">\n<li>Faulkner, Christopher. 2019. &#8220;<a href=\"https:\/\/stars.library.ucf.edu\/etd\/6481\">The Causes, Dynamics, and Implications of Child Soldiering<\/a>&#8220;. <em>Electronic Theses and Dissertations<\/em>. 6481.<\/li>\n<\/ul>\n\n\n\n<ul class=\"wp-block-list\">\n<li>Besaw, Clayton. 2018. &#8220;<a href=\"https:\/\/stars.library.ucf.edu\/etd\/6019\">Altruistic Punishment Theory and Inter-Group Violence<\/a>&#8220;. <em>Electronic Theses and Dissertations<\/em>. 6019.<\/li>\n<\/ul>\n\n\n\n<h4 class=\"wp-block-heading\">Honors Undergraduate Theses<\/h4>\n\n\n\n<ul class=\"wp-block-list\">\n<li>Griemert, Sophia G. 2021. &#8220;<a href=\"https:\/\/stars.library.ucf.edu\/honorstheses\/1031\">Traditional Healing Beyond the Homeland: Yezidi Shamanic Healing in the Diaspora<\/a>&#8220;. <em>Honors Undergraduate Theses<\/em>. 1031.<\/li>\n<\/ul>\n\n\n\n<ul class=\"wp-block-list\">\n<li>Dovydaitis, Jenna L. 2020. &#8220;<a href=\"https:\/\/stars.library.ucf.edu\/honorstheses\/699\">The Lasting Legacy of Chemical Weapons in Iraqi Kurdistan<\/a>&#8220;. <em>Honors Undergraduate Theses<\/em>. 699.<\/li>\n<\/ul>\n\n\n\n<ul class=\"wp-block-list\">\n<li>Morgan, Margaret. 2019. &#8220;<a href=\"https:\/\/stars.library.ucf.edu\/honorstheses\/642\">Female Militarization and Women&#8217;s Rights: A Case Study of the Peshmerga and YPJ<\/a>&#8220;. <em>Honors Undergraduate Theses<\/em>. 642.<\/li>\n<\/ul>\n\n\n\n<ul class=\"wp-block-list\">\n<li>Melendez, Stephanie. 2018. &#8220;<a href=\"https:\/\/stars.library.ucf.edu\/honorstheses\/345\">Why Do Women and Children Join Insurgencies? A Comparative Study of the PKK and the FARC<\/a>&#8220;. <em>Honors Undergraduate Theses<\/em>. 345.<\/li>\n<\/ul>\n","protected":false},"excerpt":{"rendered":"<p>Recent Publications 2022 Khezri, Haidar. 2022. &#8220;Kurds, Jews, and Kurdistani Jews: Historic Homelands, Perceptions of Parallels in Persecution, and Allies by Analogy.&#8221;&nbsp;Religions 13(3): 253. 2021 Ayhan, Tutku and Tezc\u00fcr, G\u00fcne\u015f Murat. 2021. &#8220;Overcoming &#8216;intimate hatreds&#8217;: Reflections on violence against Yezidis&#8220;. In Aafreedi, Navras J. and Singh, Priya (eds.), Conceptualizing Mass Violence: Representations, Recollections, and Reinterpretations. [&hellip;]<\/p>\n","protected":false},"author":33,"featured_media":0,"parent":0,"menu_order":0,"comment_status":"closed","ping_status":"closed","template":"","meta":{"footnotes":""},"class_list":["post-1580","page","type-page","status-publish","hentry"],"_links":{"self":[{"href":"https:\/\/sciences.ucf.edu\/politics\/kps\/wp-json\/wp\/v2\/pages\/1580","targetHints":{"allow":["GET"]}}],"collection":[{"href":"https:\/\/sciences.ucf.edu\/politics\/kps\/wp-json\/wp\/v2\/pages"}],"about":[{"href":"https:\/\/sciences.ucf.edu\/politics\/kps\/wp-json\/wp\/v2\/types\/page"}],"author":[{"embeddable":true,"href":"https:\/\/sciences.ucf.edu\/politics\/kps\/wp-json\/wp\/v2\/users\/33"}],"replies":[{"embeddable":true,"href":"https:\/\/sciences.ucf.edu\/politics\/kps\/wp-json\/wp\/v2\/comments?post=1580"}],"version-history":[{"count":10,"href":"https:\/\/sciences.ucf.edu\/politics\/kps\/wp-json\/wp\/v2\/pages\/1580\/revisions"}],"predecessor-version":[{"id":1879,"href":"https:\/\/sciences.ucf.edu\/politics\/kps\/wp-json\/wp\/v2\/pages\/1580\/revisions\/1879"}],"wp:attachment":[{"href":"https:\/\/sciences.ucf.edu\/politics\/kps\/wp-json\/wp\/v2\/media?parent=1580"}],"curies":[{"name":"wp","href":"https:\/\/api.w.org\/{rel}","templated":true}]}}