{"id":274,"date":"2016-01-25T13:24:16","date_gmt":"2016-01-25T18:24:16","guid":{"rendered":"http:\/\/politicalscience.cos.ucf.edu\/kps\/?page_id=274"},"modified":"2024-09-20T15:18:38","modified_gmt":"2024-09-20T19:18:38","slug":"publications","status":"publish","type":"page","link":"https:\/\/sciences.ucf.edu\/politics\/kps\/publications\/","title":{"rendered":"Recent Publications"},"content":{"rendered":"\n<p><span style=\"color: #993300\"><strong><u>2022<\/u><\/strong><\/span><\/p>\n\n\n\n<p>Khezri, Haidar. 2022. &#8220;<a href=\"https:\/\/www.mdpi.com\/2077-1444\/13\/3\/253\/htm\">Kurds, Jews, and Kurdistani Jews: Historic Homelands, Perceptions of Parallels in Persecution, and Allies by Analogy<\/a>.&#8221;&nbsp;<em>Religions <\/em>13(3): 253.<\/p>\n\n\n\n<p><span style=\"color: #993300\"><strong><u>2021<\/u><\/strong><\/span><\/p>\n\n\n\n<p>Ayhan, Tutku and Tezc\u00fcr, G\u00fcne\u015f Murat. 2021. &#8220;<a href=\"https:\/\/www.taylorfrancis.com\/chapters\/edit\/10.4324\/9781003146131-18\/overcoming-intimate-hatreds-tutku-ayhan-g%C3%BCne%C5%9F-murat-tezc%C3%BCr\">Overcoming &#8216;intimate hatreds&#8217;: Reflections on violence against Yezidis<\/a>&#8220;. In Aafreedi, Navras J. and Singh, Priya (eds.),<em> Conceptualizing Mass Violence: Representations, Recollections, and Reinterpretations<\/em>. London: Routledge.<\/p>\n\n\n\n<p>Khezri, Haidar. 2021. &#8220;<a href=\"https:\/\/revista.abralic.org.br\/index.php\/revista\/article\/view\/647\">Internal Colonialism and the Discipline of Comparative Literature in Iran<\/a>.&#8221;&nbsp;<em>Revista Brasileira de Literature Comparada&nbsp;<\/em>23(43): 94-117.<\/p>\n\n\n\n<p>Khezri, Haidar. 2021. &#8220;<a href=\"https:\/\/ncolctl.org\/wp-content\/uploads\/2021\/04\/Kurdish-as-a-Stateless-Language-in-the-U.S.pdf\">Kurdish as a Stateless Language in the U.S.<\/a>&#8221;&nbsp;<em>Journal of National Council of Less Commonly Taught Languages<\/em> 30(1): 48-101.<\/p>\n\n\n\n<p>Khezri, Haidar and Tyler Fisher. 2021. \u201cForever a Kurd\u201d, \u201cPoetic Justice,\u201d and \u201cDance of Death\u201d. In <em>Essential Voices: Poetry of Iran and Its Diaspora<\/em>, edited by Christopher Nelson, Green Linden Press, pp. 133-134, 178.<\/p>\n\n\n\n<p>Khezri, Haidar and Tyler Fisher. 2021. \u201cFour Ghazals\u201d. <em>My Moon Is the Only Moon: The Poetry of Nali<\/em>, edited by David Shook, Kashkul Books, pp. 83-95.<\/p>\n\n\n\n<p>Tezc\u00fcr, G\u00fcne\u015f Murat. ed. 2021.&nbsp;<a href=\"https:\/\/www.bloomsbury.com\/uk\/kurds-and-yezidis-in-the-middle-east-9780755601196\/\"><em>Kurds and Yezidis in the Middle East:&nbsp;Shifting Identities, Borders and the Experience of Minority Communities<\/em><\/a>.&nbsp;London: I.B. Tauris.<\/p>\n\n\n\n<p>Tezc\u00fcr, G\u00fcne\u015f Murat and Doreen Horschig. 2021. &#8220;<a href=\"https:\/\/www.tandfonline.com\/doi\/full\/10.1080\/01436597.2020.1834840\">A Conditional Norm: Chemical Warfare from Colonialism to Contemporary Civil Wars<\/a>.&#8221;&nbsp;<em>Third World Quarterly&nbsp;<\/em>42(2): 366-384.<\/p>\n\n\n\n<p>Tezc\u00fcr, G\u00fcne\u015f Murat, Rebecca Schiel, and Bruce Wilson. 2021. &#8220;<a href=\"https:\/\/onlinelibrary.wiley.com\/doi\/full\/10.1111\/dech.12690\">The Effectiveness of Harnessing Human Rights: The Struggle over the Il\u0131su Dam in Turkey<\/a>.&#8221; <em>Development and Change&nbsp;<\/em>52(6): 1343-1369.<\/p>\n\n\n\n<p><span style=\"color: #993300\"><strong><u>2020<\/u><\/strong><\/span><\/p>\n\n\n\n<p>Fisher, Tyler and Haidar Khezri. 2020. \u201cSkylight\u201d and \u201c<a href=\"https:\/\/twitter.com\/HaidarCKhezri\/status\/1341469836128432133\/photo\/4\">The Heart is Moth Aflame<\/a>,\u201d translation of Kurdish&nbsp;<i>rubai<\/i>&nbsp;and&nbsp;<i>ghazal<\/i>&nbsp;by Malaye Jaziri.&nbsp;<a href=\"https:\/\/www.poetlore.com\"><i>Poet Lore<\/i><\/a>, December.<\/p>\n\n\n\n<p>Khezri, Haidar and Tyler Fisher. 2020.&nbsp;\u201c<a href=\"https:\/\/intranslation.brooklynrail.org\/kurdish\/two-ghazals-by-nali\/\">Two Ghazals by Nali<\/a>,\u201d translation of Kurdish&nbsp;<i>ghazal<\/i>&nbsp;by Nali.&nbsp;<i>The Brooklynrail<\/i>, October.<\/p>\n\n\n\n<p>Tezc\u00fcr, G\u00fcne\u015f Murat. 2020. &#8220;<a href=\"https:\/\/www.cambridge.org\/core\/journals\/perspectives-on-politics\/article\/path-out-of-patriarchy-political-agency-and-social-identity-of-women-fighters\/F95A18F434CD6254A09D54D2597C05BD\">A Path out of Patriarchy? Political Agency and Social Identity of Women Fighters<\/a>.&#8221;&nbsp;<em>Perspectives on Politics<\/em>&nbsp;18(3): 722-739.<\/p>\n\n\n\n<p>Zibari, Renas, Thai Lagraff, Quyen D. Chu, Anand Annamalai, Sachin \u201cSunny\u201d Jha, Lou Smith, Bharat Guthikonda, Hosein Shokouh-Amiri, Gazi<span class=\"Apple-converted-space\">&nbsp;<\/span>B. Zibari. 2020.<span class=\"Apple-converted-space\">&nbsp;&#8220;<\/span><a href=\"https:\/\/www.journalacs.org\/article\/S1072-7515(20)30489-0\/fulltext\">Medical Capacity-Building in War-Torn Nations: Kurdistan, Iraq as a Model<\/a>,&#8221;&nbsp;<em>Journal of the American College of Surgeons.&nbsp;<\/em><\/p>\n\n\n\n<p><span style=\"color: #993300\"><strong><u>2019<\/u><\/strong><\/span><\/p>\n\n\n\n<p>Tezc\u00fcr, G\u00fcne\u015f Murat&nbsp; and Helin Y\u0131ld\u0131z, 2019. &#8220;<a href=\"https:\/\/www.tandfonline.com\/doi\/full\/10.1080\/13629395.2019.1671677\">Kurdish Politics in Post-2011 Syria: From Fragmentation to Hegemony,<\/a>&#8221; <em>Mediterranean Politics<\/em>, Published Online.<\/p>\n\n\n\n<p>Tezc\u00fcr, G\u00fcne\u015f Murat, 2019. &#8220;<a href=\"https:\/\/www.tandfonline.com\/doi\/abs\/10.1080\/17449057.2018.1525162?journalCode=reno20\">A Century of the Kurdish Question<\/a>,&#8221;&nbsp;<em>Ethnopolitics<\/em>&nbsp;18(1): 1-12. In a special issue on Kurdish politics edited by G. M.&nbsp;Tezc\u00fcr.<\/p>\n\n\n\n<p><span style=\"color: #993300\"><strong><u>2018<\/u><\/strong><\/span><\/p>\n\n\n\n<p>Fisher, Tyler and Nahro Zagros, 2018. &#8220;<a href=\"https:\/\/www.routledgehandbooks.com\/doi\/10.4324\/9781315627427-16\">Yezidi Baptism and Rebaptism: Resilience, Reintegration, and Religious Adaptation<\/a>,&#8221; in&nbsp;<em>Routledge Handbook on the Kurds&nbsp;<\/em>ed., Michael M. Gunter, New York: Routledge.<\/p>\n\n\n\n<p>Tezc\u00fcr, G\u00fcne\u015f Murat and Peyman Asadzade, 2018. &#8220;<a href=\"https:\/\/www.researchgate.net\/publication\/324068393_Ethnic_Nationalism_versus_Religious_Loyalty_The_Case_of_Kurds_in_Iran?_iepl%5BviewId%5D=0FVTiq0AvwJd0GxT7JDXgYy3&amp;_iepl%5BsingleItemViewId%5D=KIQu1A26FI1wYg2SQmoMgXJM&amp;_iepl%5BpositionInFeed%5D=9&amp;_iepl%5BhomeFeedVariantCode%5D=nb_EU&amp;_iepl%5BactivityId%5D=955560879071237&amp;_iepl%5BactivityType%5D=person_publish_publication&amp;_iepl%5BactivityTimestamp%5D=1522195200&amp;_iepl%5Bcontexts%5D%5B0%5D=homeFeed&amp;_iepl%5BtargetEntityId%5D=PB%3A324068393&amp;_iepl%5BinteractionType%5D=publicationTitle\">Ethnic Nationalism versus Religious Loyalty: The Case of Kurds in Iran<\/a>,&#8221;&nbsp;<em>Nations and Nationalism.&nbsp;<\/em><\/p>\n\n\n\n<p>Tezc\u00fcr, G\u00fcne\u015f Murat and Clayton Besaw, 2018. &#8220;<a href=\"http:\/\/journals.sagepub.com\/doi\/full\/10.1177\/0738894217738990\">Jihadist Waves: Syria, the Islamic State, and the Changing Nature of Foreign Fighters<\/a>,&#8221;&nbsp;<em>Conflict Management and Peace Science.&nbsp;<\/em><\/p>\n\n\n\n<p><span style=\"color: #993300\">&nbsp;<strong><u>2017<\/u><\/strong><\/span><\/p>\n\n\n\n<p>Tezc\u00fcr, G\u00fcne\u015f Murat and Mehmet G\u00fcrses, 2017. &#8220;<a href=\"http:\/\/www.ingentaconnect.com\/content\/cuny\/cp\/2017\/00000049\/00000002\/art00005\">Ethnic Exclusion and Mobilization: The Kurdish Conflict in Turkey<\/a>,&#8221;&nbsp;<em>Comparative Politics<\/em>&nbsp;49(2): 213-234.<\/p>\n\n\n\n<p><span style=\"color: #993300\">&nbsp;<strong><u>2016<\/u><\/strong><\/span><\/p>\n\n\n\n<p>\u00d6zo\u011flu, Hakan, 2016. &#8220;Politics of Memory: The Role of Collective Forgetting in Kurdish Identity Formation,&#8221; in&nbsp;<em><a href=\"https:\/\/global.oup.com\/academic\/product\/the-kurdish-question-revisited-9781849045629?cc=us&amp;lang=en&amp;\" target=\"_blank\" rel=\"noreferrer noopener\">The Kurdish Question Revisited<\/a>&nbsp;<\/em>eds., Gareth Stansfield and Mohammed Shareef, London: Hurst.<\/p>\n\n\n\n<p>Tezc\u00fcr, G\u00fcne\u015f Murat, 2016. &#8220;<a href=\"https:\/\/www.cambridge.org\/core\/journals\/american-political-science-review\/article\/ordinary-people-extraordinary-risks-participation-in-an-ethnic-rebellion\/81E68E6296EAC5F779EFCDB7F2DB163C\">Ordinary People, Extraordinary Risks: Joining an Ethnic Rebellion<\/a>,&#8221;&nbsp;<em>American Political Science Review&nbsp;<\/em>110(2): 247-264.<\/p>\n\n\n\n<p><strong><u>2015<\/u><\/strong><\/p>\n\n\n\n<p>Tezc\u00fcr, G\u00fcne\u015f Murat, 2015. &#8220;<a href=\"https:\/\/www.dropbox.com\/s\/ejggzvn9imh0qd1\/TezcurPolitics%26Religion.pdf?dl=0\">Catholic and Muslim Human Rights Activism in Violent Internal Conflicts<\/a>,&#8221;&nbsp;<em>Politics and Religion&nbsp;<\/em>8(1): 111-134.<\/p>\n\n\n\n<p>Tezc\u00fcr, G\u00fcne\u015f Murat, 2015. &#8220;<a href=\"https:\/\/www.dropbox.com\/s\/mlwlissxbcak9lb\/TezcurCivilWars.pdf?dl=0\">Electoral Behavior in Civil Wars: The Kurdish Conflict in Turkey<\/a>,&#8221;&nbsp;<em>Civil Wars&nbsp;<\/em>&nbsp;17(1): 70-88.<\/p>\n\n\n\n<p>Tezc\u00fcr, G\u00fcne\u015f Murat, 2015. &#8220;<a href=\"https:\/\/www.dropbox.com\/s\/bxfj0uwe9oyu8v5\/TezcurNationalitiesPapers.pdf?dl=0\">Violence and Nationalist Mobilization: The Onset of the Kurdish Insurgency in Turkey<\/a>,&#8221;&nbsp;<em>Nationalities Papers&nbsp;<\/em>43(2): 248-266.<\/p>\n","protected":false},"excerpt":{"rendered":"<p>2022 Khezri, Haidar. 2022. &#8220;Kurds, Jews, and Kurdistani Jews: Historic Homelands, Perceptions of Parallels in Persecution, and Allies by Analogy.&#8221;&nbsp;Religions 13(3): 253. 2021 Ayhan, Tutku and Tezc\u00fcr, G\u00fcne\u015f Murat. 2021. &#8220;Overcoming &#8216;intimate hatreds&#8217;: Reflections on violence against Yezidis&#8220;. In Aafreedi, Navras J. and Singh, Priya (eds.), Conceptualizing Mass Violence: Representations, Recollections, and Reinterpretations. London: Routledge. [&hellip;]<\/p>\n","protected":false},"author":8,"featured_media":0,"parent":0,"menu_order":0,"comment_status":"closed","ping_status":"closed","template":"","meta":{"footnotes":""},"class_list":["post-274","page","type-page","status-publish","hentry"],"_links":{"self":[{"href":"https:\/\/sciences.ucf.edu\/politics\/kps\/wp-json\/wp\/v2\/pages\/274","targetHints":{"allow":["GET"]}}],"collection":[{"href":"https:\/\/sciences.ucf.edu\/politics\/kps\/wp-json\/wp\/v2\/pages"}],"about":[{"href":"https:\/\/sciences.ucf.edu\/politics\/kps\/wp-json\/wp\/v2\/types\/page"}],"author":[{"embeddable":true,"href":"https:\/\/sciences.ucf.edu\/politics\/kps\/wp-json\/wp\/v2\/users\/8"}],"replies":[{"embeddable":true,"href":"https:\/\/sciences.ucf.edu\/politics\/kps\/wp-json\/wp\/v2\/comments?post=274"}],"version-history":[{"count":9,"href":"https:\/\/sciences.ucf.edu\/politics\/kps\/wp-json\/wp\/v2\/pages\/274\/revisions"}],"predecessor-version":[{"id":1605,"href":"https:\/\/sciences.ucf.edu\/politics\/kps\/wp-json\/wp\/v2\/pages\/274\/revisions\/1605"}],"wp:attachment":[{"href":"https:\/\/sciences.ucf.edu\/politics\/kps\/wp-json\/wp\/v2\/media?parent=274"}],"curies":[{"name":"wp","href":"https:\/\/api.w.org\/{rel}","templated":true}]}}