{"id":769,"date":"2018-01-21T11:34:54","date_gmt":"2018-01-21T16:34:54","guid":{"rendered":"http:\/\/sciences.ucf.edu\/politicalscience\/kps\/?page_id=769"},"modified":"2024-09-17T08:51:45","modified_gmt":"2024-09-17T12:51:45","slug":"resources","status":"publish","type":"page","link":"https:\/\/sciences.ucf.edu\/politics\/kps\/resources\/","title":{"rendered":""},"content":{"rendered":"\n<hr class=\"wp-block-separator has-alpha-channel-opacity\" \/>\n\n\n\n<h2 class=\"wp-block-heading\">Kurdish Political Studies Program Library Collection<\/h2>\n\n\n\n<figure class=\"wp-block-image\"><img decoding=\"async\" width=\"200\" height=\"300\" data-src=\"https:\/\/sciences.ucf.edu\/politics\/kps\/wp-content\/uploads\/sites\/4\/2022\/04\/9780755601196-200x300.jpg\" alt=\"Cover of the book \u201cKurds and Yezidis in the Middle East\u201d edited by Dr. Gunes Murat Tezc\u00fcr. \" class=\"wp-image-1406 lazyload\" data-srcset=\"https:\/\/sciences.ucf.edu\/politics\/kps\/wp-content\/uploads\/sites\/4\/2022\/04\/9780755601196-200x300.jpg 200w, https:\/\/sciences.ucf.edu\/politics\/kps\/wp-content\/uploads\/sites\/4\/2022\/04\/9780755601196.jpg 568w\" data-sizes=\"(max-width: 200px) 100vw, 200px\" src=\"data:image\/svg+xml;base64,PHN2ZyB3aWR0aD0iMSIgaGVpZ2h0PSIxIiB4bWxucz0iaHR0cDovL3d3dy53My5vcmcvMjAwMC9zdmciPjwvc3ZnPg==\" style=\"--smush-placeholder-width: 200px; --smush-placeholder-aspect-ratio: 200\/300;\" \/><\/figure>\n\n\n\n<p><strong>Access the KPSP UCF library collection with the following link: <a href=\"https:\/\/ucf-flvc.primo.exlibrisgroup.com\/discovery\/search?vid=01FALSC_UCF:UCF&amp;mode=basic&amp;query=any,contains,KPSP:%20Kurdish%20Political%20Studies%20Program%20collection&amp;pfilter=\">Access Here<\/a><\/strong><\/p>\n\n\n\n<hr class=\"wp-block-separator has-alpha-channel-opacity\" \/>\n\n\n\n<h2 class=\"wp-block-heading\">Interviews and events with KPSP Guests &amp; Scholars<\/h2>\n\n\n\n<h3 class=\"wp-block-heading\">Public Events<\/h3>\n\n\n<div class='content-column one_half'><p class=\"title style-scope ytd-video-primary-info-renderer\" style=\"text-align: center\"><strong>Kurds and Yezidis in the Middle East Webinar<\/strong><br \/>\n<strong>Moderated by Hakan \u00d6zo\u011flu of University of Central Florida<br \/>\nSeptember 10<sup>th<\/sup>, 2021<\/strong><\/p>\n\n<!-- iframe plugin v.6.0 wordpress.org\/plugins\/iframe\/ -->\n<iframe width=\"400\" height=\"225\" data-src=\"https:\/\/www.youtube.com\/embed\/DqdowCIdoqw\" title=\"YouTube video player\" frameborder=\"0\" allow=\"accelerometer; autoplay; clipboard-write; encrypted-media; gyroscope; picture-in-picture\" 0=\"allowfullscreen\" scrolling=\"yes\" class=\"iframe-class lazyload\" src=\"data:image\/svg+xml;base64,PHN2ZyB3aWR0aD0iMSIgaGVpZ2h0PSIxIiB4bWxucz0iaHR0cDovL3d3dy53My5vcmcvMjAwMC9zdmciPjwvc3ZnPg==\" data-load-mode=\"1\"><\/iframe>\n<\/div>\n\n\n<div class='content-column one_half'><p style=\"text-align: center\"><strong>Kurds and Yezidis in the Middle East Webinar<\/strong><br \/>\n<strong>Hosted by LSE Middle East Centre<br \/>\nApril 26<sup>th<\/sup>, 2021<\/strong><\/p>\n<p>&nbsp;<\/p>\n\n<!-- iframe plugin v.6.0 wordpress.org\/plugins\/iframe\/ -->\n<iframe width=\"400\" height=\"225\" scrolling=\"no\" frameborder=\"no\" allow=\"autoplay\" data-src=\"https:\/\/w.soundcloud.com\/player\/?url=https%3A\/\/api.soundcloud.com\/tracks\/1036896382&#038;color=%23ff5500&#038;auto_play=false&#038;hide_related=false&#038;show_comments=true&#038;show_user=true&#038;show_reposts=false&#038;show_teaser=true&#038;visual=true\" class=\"iframe-class lazyload\" src=\"data:image\/svg+xml;base64,PHN2ZyB3aWR0aD0iMSIgaGVpZ2h0PSIxIiB4bWxucz0iaHR0cDovL3d3dy53My5vcmcvMjAwMC9zdmciPjwvc3ZnPg==\" data-load-mode=\"1\"><\/iframe>\n<\/div>\n\n\n<div class='content-column one_half'><p>&nbsp;<\/p>\n<p class=\"title style-scope ytd-video-primary-info-renderer\" style=\"text-align: center\"><strong>&#8220;Old Fire in New Words for the Kurdish New Year: Poetry and Translation&#8221; hosted by Dr. Tyler Fisher of University of Central Florida (March 26<sup>th<\/sup>, 2021)<\/strong><\/p>\n<p><iframe title=\"Old Fire in New Words for the Kurdish New Year: Poetry and Translation\" width=\"300\" height=\"225\" data-src=\"https:\/\/www.youtube.com\/embed\/z3StFCvm3SQ?feature=oembed\" frameborder=\"0\" allow=\"accelerometer; autoplay; clipboard-write; encrypted-media; gyroscope; picture-in-picture; web-share\" referrerpolicy=\"strict-origin-when-cross-origin\" allowfullscreen src=\"data:image\/svg+xml;base64,PHN2ZyB3aWR0aD0iMSIgaGVpZ2h0PSIxIiB4bWxucz0iaHR0cDovL3d3dy53My5vcmcvMjAwMC9zdmciPjwvc3ZnPg==\" class=\"lazyload\" data-load-mode=\"1\"><\/iframe><\/p><\/div>\n\n\n<div class='content-column one_half'><p style=\"text-align: center\"><strong>Forum \u201cReflections on Kurdish Politics\u201d organized by the University of Central Florida&#8217;s Kurdish Political Studies Program. (November 20<sup>th<\/sup>, 2020)<\/strong><\/p>\n<p><iframe title=\"Forum &quot;Reflections on Kurdish Politics&quot;\" width=\"400\" height=\"225\" data-src=\"https:\/\/www.youtube.com\/embed\/PVAQ9ti74Qg?feature=oembed\" frameborder=\"0\" allow=\"accelerometer; autoplay; clipboard-write; encrypted-media; gyroscope; picture-in-picture; web-share\" referrerpolicy=\"strict-origin-when-cross-origin\" allowfullscreen src=\"data:image\/svg+xml;base64,PHN2ZyB3aWR0aD0iMSIgaGVpZ2h0PSIxIiB4bWxucz0iaHR0cDovL3d3dy53My5vcmcvMjAwMC9zdmciPjwvc3ZnPg==\" class=\"lazyload\" data-load-mode=\"1\"><\/iframe><\/p><\/div>\n\n\n<div class='content-column one_half'><p style=\"text-align: center\"><strong>Virtual event \u201cThe Political Economy of Kolberi (Cross-border Labor) in Eastern\/Iranian Kurdistan\u201d<br \/>\n<\/strong><strong>Hosted by Dr. G\u00fcne\u015f Murat Tezc\u00fcr (October 16<sup>th<\/sup>, 2020)<\/strong><\/p>\n<p><iframe title=\"Virtual event \u201cThe Political Economy of Kolberi (Cross-border Labor) in Eastern\/Iranian Kurdistan\u201d\" width=\"400\" height=\"225\" data-src=\"https:\/\/www.youtube.com\/embed\/MqaZivLrm3E?feature=oembed\" frameborder=\"0\" allow=\"accelerometer; autoplay; clipboard-write; encrypted-media; gyroscope; picture-in-picture; web-share\" referrerpolicy=\"strict-origin-when-cross-origin\" allowfullscreen src=\"data:image\/svg+xml;base64,PHN2ZyB3aWR0aD0iMSIgaGVpZ2h0PSIxIiB4bWxucz0iaHR0cDovL3d3dy53My5vcmcvMjAwMC9zdmciPjwvc3ZnPg==\" class=\"lazyload\" data-load-mode=\"1\"><\/iframe><\/p><\/div>\n\n\n<div class='content-column one_half'><p style=\"text-align: center\"><strong>Virtual panel on Kurdish Literature and Culture hosted by Dr. Haldar Khezri (October 2<sup>nd<\/sup>, 2020)<\/strong><\/p>\n<p>&nbsp;<\/p>\n<p><iframe title=\"Panel &quot;Kurdish Literature and Culture&quot;\" width=\"400\" height=\"225\" data-src=\"https:\/\/www.youtube.com\/embed\/GKp5XxtDpRQ?feature=oembed\" frameborder=\"0\" allow=\"accelerometer; autoplay; clipboard-write; encrypted-media; gyroscope; picture-in-picture; web-share\" referrerpolicy=\"strict-origin-when-cross-origin\" allowfullscreen src=\"data:image\/svg+xml;base64,PHN2ZyB3aWR0aD0iMSIgaGVpZ2h0PSIxIiB4bWxucz0iaHR0cDovL3d3dy53My5vcmcvMjAwMC9zdmciPjwvc3ZnPg==\" class=\"lazyload\" data-load-mode=\"1\"><\/iframe><\/p><\/div>\n\n\n\n<hr class=\"wp-block-separator has-alpha-channel-opacity\" \/>\n\n\n\n<h2 class=\"wp-block-heading\">Interviews<\/h2>\n\n\n<div class='content-column one_half'><p style=\"text-align: center\"><strong>Interview with Dr. Lori Murray of Council of Foreign Affairs about chemical weapons attacks<br \/>\n(aired on 04\/23\/2018)<\/strong><\/p>\n<p><iframe title=\"PMBF Program at UCF Interview Series - Dr. Lori Murray\" width=\"400\" height=\"225\" data-src=\"https:\/\/www.youtube.com\/embed\/weYoyHedOp0?feature=oembed\" frameborder=\"0\" allow=\"accelerometer; autoplay; clipboard-write; encrypted-media; gyroscope; picture-in-picture; web-share\" referrerpolicy=\"strict-origin-when-cross-origin\" allowfullscreen src=\"data:image\/svg+xml;base64,PHN2ZyB3aWR0aD0iMSIgaGVpZ2h0PSIxIiB4bWxucz0iaHR0cDovL3d3dy53My5vcmcvMjAwMC9zdmciPjwvc3ZnPg==\" class=\"lazyload\" data-load-mode=\"1\"><\/iframe><\/p><\/div>\n\n\n<div class='content-column one_half'><p style=\"text-align: center\"><strong>Interview with D\u00fczen Tekkal, filmmaker and director about the Yazidis and her documentary, H\u00e1war &#8211; My Journey to Genocide (aired on 04\/16\/2017)<\/strong><\/p>\n<p><iframe title=\"Global Perspectives: Duzen Tekkal\" width=\"400\" height=\"225\" data-src=\"https:\/\/www.youtube.com\/embed\/7zkIepZKfK4?feature=oembed\" frameborder=\"0\" allow=\"accelerometer; autoplay; clipboard-write; encrypted-media; gyroscope; picture-in-picture; web-share\" referrerpolicy=\"strict-origin-when-cross-origin\" allowfullscreen src=\"data:image\/svg+xml;base64,PHN2ZyB3aWR0aD0iMSIgaGVpZ2h0PSIxIiB4bWxucz0iaHR0cDovL3d3dy53My5vcmcvMjAwMC9zdmciPjwvc3ZnPg==\" class=\"lazyload\" data-load-mode=\"1\"><\/iframe><\/p><\/div>\n\n\n<div class='content-column one_half'><p style=\"text-align: center\"><b>Interview with Bayhan Rahman, the Kurdistan Regional Government&nbsp;Representative to the United States&nbsp;<\/b><br \/>\n<b>(aired on 02\/12\/2017)<\/b><\/p>\n<p><iframe title=\"Global Perspectives: Bayan Rahman\" width=\"400\" height=\"225\" data-src=\"https:\/\/www.youtube.com\/embed\/yuGat-t2JSM?feature=oembed\" frameborder=\"0\" allow=\"accelerometer; autoplay; clipboard-write; encrypted-media; gyroscope; picture-in-picture; web-share\" referrerpolicy=\"strict-origin-when-cross-origin\" allowfullscreen src=\"data:image\/svg+xml;base64,PHN2ZyB3aWR0aD0iMSIgaGVpZ2h0PSIxIiB4bWxucz0iaHR0cDovL3d3dy53My5vcmcvMjAwMC9zdmciPjwvc3ZnPg==\" class=\"lazyload\" data-load-mode=\"1\"><\/iframe><\/p><\/div>\n","protected":false},"excerpt":{"rendered":"<p>Kurdish Political Studies Program Library Collection Access the KPSP UCF library collection with the following link: Access Here Interviews and events with KPSP Guests &amp; Scholars Public Events Interviews<\/p>\n","protected":false},"author":8,"featured_media":0,"parent":0,"menu_order":0,"comment_status":"closed","ping_status":"closed","template":"","meta":{"footnotes":""},"class_list":["post-769","page","type-page","status-publish","hentry"],"_links":{"self":[{"href":"https:\/\/sciences.ucf.edu\/politics\/kps\/wp-json\/wp\/v2\/pages\/769","targetHints":{"allow":["GET"]}}],"collection":[{"href":"https:\/\/sciences.ucf.edu\/politics\/kps\/wp-json\/wp\/v2\/pages"}],"about":[{"href":"https:\/\/sciences.ucf.edu\/politics\/kps\/wp-json\/wp\/v2\/types\/page"}],"author":[{"embeddable":true,"href":"https:\/\/sciences.ucf.edu\/politics\/kps\/wp-json\/wp\/v2\/users\/8"}],"replies":[{"embeddable":true,"href":"https:\/\/sciences.ucf.edu\/politics\/kps\/wp-json\/wp\/v2\/comments?post=769"}],"version-history":[{"count":13,"href":"https:\/\/sciences.ucf.edu\/politics\/kps\/wp-json\/wp\/v2\/pages\/769\/revisions"}],"predecessor-version":[{"id":1707,"href":"https:\/\/sciences.ucf.edu\/politics\/kps\/wp-json\/wp\/v2\/pages\/769\/revisions\/1707"}],"wp:attachment":[{"href":"https:\/\/sciences.ucf.edu\/politics\/kps\/wp-json\/wp\/v2\/media?parent=769"}],"curies":[{"name":"wp","href":"https:\/\/api.w.org\/{rel}","templated":true}]}}