{"id":597,"date":"2020-04-23T23:50:30","date_gmt":"2020-04-24T03:50:30","guid":{"rendered":"https:\/\/sciences.ucf.edu\/psychology\/sunshine\/?page_id=597"},"modified":"2021-01-29T14:17:18","modified_gmt":"2021-01-29T19:17:18","slug":"academic-resources","status":"publish","type":"page","link":"https:\/\/sciences.ucf.edu\/psychology\/sunshine\/academic-resources\/","title":{"rendered":"Resources for Researchers"},"content":{"rendered":"<p><img loading=\"lazy\" decoding=\"async\" class=\"aligncenter wp-image-463\" src=\"https:\/\/sciences.ucf.edu\/psychology\/sunshine\/wp-content\/uploads\/sites\/37\/2020\/04\/photo-1568658176307-bfbd2873abda.png\" alt=\"\" width=\"555\" height=\"370\" srcset=\"https:\/\/sciences.ucf.edu\/psychology\/sunshine\/wp-content\/uploads\/sites\/37\/2020\/04\/photo-1568658176307-bfbd2873abda.png 750w, https:\/\/sciences.ucf.edu\/psychology\/sunshine\/wp-content\/uploads\/sites\/37\/2020\/04\/photo-1568658176307-bfbd2873abda-300x200.png 300w\" sizes=\"auto, (max-width: 555px) 100vw, 555px\" \/><\/p>\n<h4 style=\"text-align: center\"><span style=\"font-weight: 400\">The TRT program is here to express our condolences and offer support as the hospitality industry recovers from the effects of COVID-19. We have compiled the following resources in the hope that it may be helpful to you and your family during this challenging time.\u00a0<\/span><\/h4>\n<p>&nbsp;<\/p>\n<div style=\"padding: 20px;background-color: #d3f8d3;border-style: solid;border-width: thick;border-color: #389438;border-radius: 10px\">\n<h3>En espa\u00f1ol:<\/h3>\n<p>\u00bfHabla usted espa\u00f1ol? El Programa de Investigaci\u00f3n Dirigida (TRT, por sus siglas en ingl\u00e9s) se dedica a proveer recursos para ayudar a los empleados en la industria de hospitalidad a navegar este momento dif\u00edcil. A continuaci\u00f3n, encontrar\u00e1 enlaces a recursos que pueden ayudarlo a usted o su familia. Los recursos pueden ayudarle a mantenerse actualizado con informaci\u00f3n sobre COVID-19, encontrar asistencia financiera, encontrar empleo alternativo durante este tiempo, o lidiar con el estr\u00e9s o las dificultades de salud mental. El Programa TRT no ofrece ninguna garant\u00eda sobre la disponibilidad o idoneidad de esta informaci\u00f3n para su situaci\u00f3n y cualquier acci\u00f3n que usted realice al consultar la informaci\u00f3n en este sitio web es estrictamente bajo su propio riesgo. La informaci\u00f3n contenida en estos sitios web no refleja necesariamente las opiniones del programa TRT ni de nuestra agencia de financiaci\u00f3n, el Centro de Educaci\u00f3n e Investigaci\u00f3n Sunshine, o el Instituto Nacional de Seguridad y Salud Ocupacional. Estamos dedicados a proveer recursos para empleados de hospitalidad que no hablan ingl\u00e9s. Muchos de los recursos a continuaci\u00f3n se ofrecen en espa\u00f1ol y han sido traducidos por sus fuentes originales. Para cualquier recurso que no est\u00e9 traducido en su fuente original, puede usar el navegador Google Chrome para traducir el material. <a target=\"_blank\" href=\"https:\/\/drive.google.com\/file\/d\/1Uzy30sK97AY5TJ0iGmCZ5Z1Rg3ItDOdD\/view\" rel=\"noopener noreferrer\">Haga clic aqu\u00ed<\/a> para un video en espa\u00f1ol que muestra c\u00f3mo usar el navegador Google Chrome para traducir material del ingl\u00e9s a otro idioma.<\/div>\n<p>&nbsp;<\/p>\n<div style=\"padding: 20px;background-color: #CBEFFF;border-style: solid;border-width: thick;border-color: #389CC8;border-radius: 10px\">Click on the below buttons to expand each category for more information.<\/div>\n<p>&nbsp;<br \/>\n<button data-toggle=\"collapse\" data-target=\"#research\" style=\"width:100%;margin: 0px 0px 0px 0px\">Resources for Research \u25bc<\/button><\/p>\n<div id=\"research\" class=\"collapse\">\n<table>\n<tr style=\"background-color:#00000\">\n<th style=\"width:40%\">Title<\/th>\n<th style=\"width:20%\">Source<\/th>\n<th style=\"width:40%\">Summary<\/th>\n<\/tr>\n<tr>\n<td><a target=\"_blank\" href=\"https:\/\/www.apa.org\/news\/apa\/2020\/03\/covid-19-research-findings\" rel=\"noopener noreferrer\">Seven Crucial Research Findings that Can Help People Deal with COVID-19<\/a><\/td>\n<td>American Psychological Association (APA)<\/td>\n<td><\/td>\n<\/tr>\n<tr>\n<td><a target=\"_blank\" href=\"https:\/\/www.apa.org\/practice\/programs\/dmhi\/research-information\/pandemics\" rel=\"noopener noreferrer\">Pandemics<\/a><\/td>\n<td>American Psychological Association (APA)<\/td>\n<td><\/td>\n<\/tr>\n<tr>\n<td><a target=\"_blank\" href=\"https:\/\/www.ohsu.edu\/oregon-institute-occupational-health-sciences\/covid-19-and-world-work\" rel=\"noopener noreferrer\">COVID-19 and the World of Work<\/a><\/td>\n<td>Oregon Institute Occupational Health Sciences<\/td>\n<td>This website contains resources relevant for worker well-being during COVID-19 drawing from NIOSH\u2019s total Total Worker Health. In addition to trainings and handbooks, this source provides relevant articles as well as federal and state resources.<\/td>\n<\/tr>\n<tr>\n<td><a target=\"_blank\" href=\"https:\/\/www.regionalstudies.org\/about\/pandemics-cities-regions-industry\/#\" rel=\"noopener noreferrer\">COVID-19 Resources<\/a><\/td>\n<td>Regional Studies Association<\/td>\n<td>Includes evidence regarding how regions, cities, and the hospitality industry are dealing with the impact of the coronavirus. Current research, publications, and research ideas about regional responses are shared.<\/td>\n<\/tr>\n<tr>\n<td><a target=\"_blank\" href=\"https:\/\/publichealth.uic.edu\/niosh-extramural-centers-covid-19-response\/\" rel=\"noopener noreferrer\">NIOSH Extramural Centers\u2019 COVID-19 Response<\/a><\/td>\n<td>University of Illinois Chicago, School of Public Health<\/td>\n<td>This resource compiles and shares data pertaining to responses to COVID-19 including the development of COVID-19 related tools, activities, research, and training. Many of these resources are made available via this website, and opportunities are provided in order to collaborate on research projects and have questions answered.<\/td>\n<\/tr>\n<tr>\n<td><a target=\"_blank\" href=\"https:\/\/converge.colorado.edu\/resources\/covid-19\/working-groups\/compound-hazards-cascading-disasters\/evacuation-and-sheltering-of-vulnerable-populations-in-a-hurricane-pandemic\" rel=\"noopener noreferrer\">COVID-19 Resources<\/a><\/td>\n<td>CONVERGE<\/td>\n<td>CONVERGE is a National Science Foundation funded initiative directed toward advancing social science, engineering, and interdisciplinary research as well as strengthening networks between disciplinary communities. Please click on the following link to their website for more information and relevant resources.<\/td>\n<\/tr>\n<\/table>\n<\/div>\n<p><button data-toggle=\"collapse\" data-target=\"#published\" style=\"width:100%;margin: 0px 0px 0px 0px\">Recently Published Research \u25bc<\/button><\/p>\n<div id=\"published\" class=\"collapse\">\n<table>\n<tr style=\"background-color:#00000\">\n<th style=\"width:40%\">Title<\/th>\n<th style=\"width:60%\">Reference<\/th>\n<\/tr>\n<tr>\n<td><a target=\"_blank\" href=\"https:\/\/psyarxiv.com\/k8us2\/\" rel=\"noopener noreferrer\">Pandemics: Implications for research and practice in industrial and organizational psychology.<\/a><\/td>\n<td>Rudolph, C. W., Allan, B., Clark, M., Hertel, G., Hirschi, A., Kunze, F., Shockley, K., Shoss, M., Sonnentag, S., &amp; Zacher, H. (2020). Pandemics: Implications for research and practice in industrial and organizational psychology.\u00a0<em>Industrial and Organizational Psychology: Perspectives on Science and Practice.\u00a0<\/em><\/td>\n<\/tr>\n<tr>\n<td><a target=\"_blank\" href=\"https:\/\/link.springer.com\/article\/10.1007%2Fs41542-020-00064-3\" rel=\"noopener noreferrer\">Occupational Health Science in the Time of COVID-19: Now more than Ever.<\/a><\/td>\n<td>Sinclair, R.R., Allen, T., Barber, L. Bergman, M., Britt, T. Butler, A., Ford, M., Hammer, L., Kath, L. Probst, T., &amp; Yuan, Z (2020). Occupational Health Science in the Time of COVID-19: Now more than Ever. Editorial\/Commentary for <i>Occupational Health Science<\/i>, https:\/\/doi.org\/10.1007\/s41542-020-00064-3<\/td>\n<\/tr>\n<tr>\n<td><a target=\"_blank\" href=\"https:\/\/www.jmir.org\/2020\/4\/e18790\/\" rel=\"noopener noreferrer\">Use of rapid online surveys to assess people&#8217;s perceptions during infectious disease outbreaks: A cross-sectional survey on COVID-19.<\/a><\/td>\n<td>Geldsetzer, P. (2020). Use of rapid online surveys to assess people&#8217;s perceptions during infectious disease outbreaks: A cross-sectional survey on COVID-19.\u00a0<em>Journal of Medical Internet Research,<\/em> 22(4), 1-3, doi:10.2196\/18790<\/td>\n<\/tr>\n<tr>\n<td><a target=\"_blank\" href=\"https:\/\/link.springer.com\/article\/10.1007\/s10879-020-09460-w\" rel=\"noopener noreferrer\">Psychological intervention and COVID-19: What we know so far and what we can do.<\/a><\/td>\n<td>Inchausti, F., MacBeth, A., Hasson-Ohayon, I., &amp; Dimaggio, G. (2020). Psychological intervention and covid-19: What we know so far and what we can do.\u00a0<em>Journal of Contemporary Psychotherapy: On the Cutting Edge of Modern Development in Psychotherapy, <\/em>https:\/\/doi.org\/10.1007\/s10879-020-09460-w<\/td>\n<\/tr>\n<tr>\n<td><a target=\"_blank\" href=\"https:\/\/doi.apa.org\/fulltext\/2020-35285-001.html\" rel=\"noopener noreferrer\">Ethical considerations for psychologists in the time of COVID-19.<\/a><\/td>\n<td>Chenneville, T., &amp; Schwartz-Mette, R. (2020). Ethical considerations for psychologists in the time of COVID-19. <em>American Psychologist. <\/em>Advanced online publication. http:\/\/doi.org\/10.1037\/amp0000661<\/td>\n<\/tr>\n<tr>\n<td><a target=\"_blank\" href=\"https:\/\/doi.apa.org\/fulltext\/2020-34995-001.html\" rel=\"noopener noreferrer\">Risk and resilience in family well-being during the COVID-19 pandemic.<\/a><\/td>\n<td>Prime, H., Wade, M., Browne, D. T. (2020). Risk and resilience in family well-being during the COVID-19 pandemic.\u00a0<em>American Psychologist.<\/em> Advanced online publication. http:\/\/doi.org\/10.1037\/amp0000660<\/td>\n<\/tr>\n<\/table>\n<\/div>\n<p><button data-toggle=\"collapse\" data-target=\"#family\" style=\"width:100%;margin: 0px 0px 0px 0px\">Resources for Your Family \u25bc<\/button><\/p>\n<div id=\"family\" class=\"collapse\">\n<table>\n<tr style=\"background-color:#00000\">\n<th style=\"width:40%\">Title<\/th>\n<th style=\"width:20%\">Source<\/th>\n<th style=\"width:40%\">Summary<\/th>\n<\/tr>\n<tr>\n<td><a target=\"_blank\" href=\"url\" rel=\"noopener noreferrer\">Free Meals for Kids by Summer BreakSpot<\/a><\/td>\n<td>Florida Department of Agriculture and Consumer Services; Division of Food, Nutrition and Wellness<\/td>\n<td>Many Florida schools are offering free meals to students 18 and under during COVID-19 closures. This website allows you to search for participating schools in your area.<\/td>\n<\/tr>\n<tr>\n<td><a target=\"_blank\" href=\"https:\/\/www.guidancett.com\/blog\/interventions-for-online-therapy-with-children-and-youth-2020?fbclid=IwAR2furDAjeWR0dLVfvgqkvSfjGqVMKzuP3IemOsYxgImeqRSq165ETP7hr8\" rel=\"noopener noreferrer\">Interventions for Online Therapy with Youth<\/a><\/td>\n<td>Guidance Teletherapy Family Counseling<\/td>\n<td>This source provides links to a series of fun activities and resources for your kids and teens, as well as information for parents desiring to get their kids involved in teletherapy.<\/td>\n<\/tr>\n<tr>\n<td><a target=\"_blank\" href=\"https:\/\/docs.google.com\/document\/d\/1SvIdgTx9djKO6SjyvPDsoGlkgE3iExmi3qh2KRRku_w\/preview?fbclid=IwAR308ypyrVUcyEbQt32YkqxxPqAWZnpbldziJj-I5wLM8Kbh5ihY9P9KpW0\" rel=\"noopener noreferrer\">Over 30 Virtual Field Trips<\/a><\/td>\n<td><\/td>\n<td>This source provides links to virtual tours that you and your kids can take\u2014including zoos, museums, and even Mars! Many of these links also include activities for your kids to complete.<\/td>\n<\/tr>\n<tr>\n<td><a target=\"_blank\" href=\"http:\/\/www.fldoe.org\/em-response\/resources-families.stml\" rel=\"noopener noreferrer\">Free Resources for Families &amp; Teachers<\/a><\/td>\n<td>Florida Department of Education<\/td>\n<td>A thorough list of free resources for all subjects from K-12, as well as at-home learning. Includes resources in Spanish and for English Language Learners.<\/td>\n<\/tr>\n<tr>\n<td><a target=\"_blank\" href=\"https:\/\/blogs.cdc.gov\/niosh-science-blog\/2020\/06\/29\/sleep-hwd\/\" rel=\"noopener noreferrer\">Improve Sleep: Tips to Improve Your Sleep When Times are Tough<\/a><\/td>\n<td>CDC<\/td>\n<td>This resource discusses the importance of sleep, as well as information regarding how to improve your sleep.<\/td>\n<\/tr>\n<\/table>\n<\/div>\n<p><button data-toggle=\"collapse\" data-target=\"#covid\" style=\"width:100%;margin: 0px 0px 0px 0px\">Updated Information on COVID-19 \u25bc<\/button><\/p>\n<div id=\"covid\" class=\"collapse\">\n<table>\n<tr style=\"background-color:#00000\">\n<th style=\"width:40%\">Title<\/th>\n<th style=\"width:20%\">Source<\/th>\n<th style=\"width:40%\">Summary<\/th>\n<\/tr>\n<tr>\n<td><a target=\"_blank\" href=\"https:\/\/floridahealthcovid19.gov\/\" rel=\"noopener noreferrer\">What you need to know now about COVID-19 in Florida<\/a><\/td>\n<td>Florida Department of Health<\/td>\n<td>A repository of data, interactive maps, and infographics of the current situation in Florida, updated daily. Includes informative reports.<\/td>\n<\/tr>\n<tr>\n<td><a target=\"_blank\" href=\"https:\/\/www.usa.gov\/coronavirus\" rel=\"noopener noreferrer\">U.S. Government Response to COVID-19<\/a><\/td>\n<td>USA.gov<\/td>\n<td>A thorough list of resources for individuals, families, and businesses, as well as an overview of the U.S. government&#8217;s response to the pandemic across many areas of impact.<\/td>\n<\/tr>\n<\/table>\n<\/div>\n<hr style=\"border: 0px solid black\" \/>\n&nbsp;<br \/>\n<div id=\"polls-5\" class=\"wp-polls\">\n\t<form id=\"polls_form_5\" class=\"wp-polls-form\" action=\"\/index.php\" method=\"post\">\n\t\t<p style=\"display: none;\"><input type=\"hidden\" id=\"poll_5_nonce\" name=\"wp-polls-nonce\" value=\"dd19ed9b8e\" \/><\/p>\n\t\t<p style=\"display: none;\"><input type=\"hidden\" name=\"poll_id\" value=\"5\" \/><\/p>\n\t\t<p style=\"text-align: center\"><strong>How useful did you find the information for academics?<\/strong><\/p><div id=\"polls-5-ans\" class=\"wp-polls-ans\"><ul class=\"wp-polls-ul\">\n\t\t<li><input type=\"radio\" id=\"poll-answer-20\" name=\"poll_5\" value=\"20\" \/> <label for=\"poll-answer-20\">Extremely useful<\/label><\/li>\n\t\t<li><input type=\"radio\" id=\"poll-answer-21\" name=\"poll_5\" value=\"21\" \/> <label for=\"poll-answer-21\">Very useful<\/label><\/li>\n\t\t<li><input type=\"radio\" id=\"poll-answer-22\" name=\"poll_5\" value=\"22\" \/> <label for=\"poll-answer-22\">Moderately useful<\/label><\/li>\n\t\t<li><input type=\"radio\" id=\"poll-answer-23\" name=\"poll_5\" value=\"23\" \/> <label for=\"poll-answer-23\">Slightly useful<\/label><\/li>\n\t\t<li><input type=\"radio\" id=\"poll-answer-24\" name=\"poll_5\" value=\"24\" \/> <label for=\"poll-answer-24\">Not at all<\/label><\/li>\n\t\t<\/ul><p style=\"text-align: center\"><input type=\"button\" name=\"vote\" value=\"   Vote   \" class=\"Buttons\" onclick=\"poll_vote(5);\" \/><\/p><p style=\"text-align: center\"><a href=\"#ViewPollResults\" onclick=\"poll_result(5); return false;\" title=\"\"><\/a><\/p><\/div>\n\t<\/form>\n<\/div>\n<div id=\"polls-5-loading\" class=\"wp-polls-loading\"><img loading=\"lazy\" decoding=\"async\" src=\"https:\/\/sciences.ucf.edu\/psychology\/sunshine\/wp-content\/plugins\/wp-polls\/images\/loading.gif\" width=\"16\" height=\"16\" alt=\"Loading ...\" title=\"Loading ...\" class=\"wp-polls-image\" \/>&nbsp;Loading ...<\/div>\n<br \/>\n&nbsp;<\/p>\n<hr style=\"border: 0px solid black\" \/>\n<p><img loading=\"lazy\" decoding=\"async\" class=\"aligncenter wp-image-708 \" src=\"https:\/\/sciences.ucf.edu\/psychology\/sunshine\/wp-content\/uploads\/sites\/37\/2020\/04\/ERC-logo.jpg\" alt=\"\" width=\"575\" height=\"163\" srcset=\"https:\/\/sciences.ucf.edu\/psychology\/sunshine\/wp-content\/uploads\/sites\/37\/2020\/04\/ERC-logo.jpg 1232w, https:\/\/sciences.ucf.edu\/psychology\/sunshine\/wp-content\/uploads\/sites\/37\/2020\/04\/ERC-logo-300x85.jpg 300w, https:\/\/sciences.ucf.edu\/psychology\/sunshine\/wp-content\/uploads\/sites\/37\/2020\/04\/ERC-logo-1024x290.jpg 1024w, https:\/\/sciences.ucf.edu\/psychology\/sunshine\/wp-content\/uploads\/sites\/37\/2020\/04\/ERC-logo-768x218.jpg 768w\" sizes=\"auto, (max-width: 575px) 100vw, 575px\" \/><\/p>\n<p>For more questions about the Sunshine Education and Research Center and the Targeted Research Training Program, please contact <a href=\"https:\/\/sciences.ucf.edu\/psychology\/sunshine\/the-trt-team\/\">Dr. Mindy Shoss<\/a> at <a href=\"mailto:targetedresearch@ucf.edu\">targetedresearch@ucf.edu<\/a>.<\/p>\n","protected":false},"excerpt":{"rendered":"<p>The TRT program is here to express our condolences and offer support as the hospitality industry recovers from the effects of COVID-19. We have compiled the following resources in the hope that it may be helpful to you and your family during this challenging time.\u00a0 &nbsp; En espa\u00f1ol: \u00bfHabla usted espa\u00f1ol? El Programa de Investigaci\u00f3n <a href=\"https:\/\/sciences.ucf.edu\/psychology\/sunshine\/academic-resources\/\" rel=\"nofollow\"><span class=\"sr-only\">Read more about Resources for Researchers<\/span>[&hellip;]<\/a><\/p>\n","protected":false},"author":117,"featured_media":0,"parent":0,"menu_order":0,"comment_status":"closed","ping_status":"closed","template":"","meta":{"footnotes":"","_links_to":"","_links_to_target":""},"class_list":["post-597","page","type-page","status-publish","hentry"],"yoast_head":"<!-- This site is optimized with the Yoast SEO plugin v27.3 - https:\/\/yoast.com\/product\/yoast-seo-wordpress\/ -->\n<title>Resources for Researchers - Sunshine ERC Targeted Research Training Program<\/title>\n<meta name=\"robots\" content=\"index, follow, max-snippet:-1, max-image-preview:large, max-video-preview:-1\" \/>\n<link rel=\"canonical\" href=\"https:\/\/sciences.ucf.edu\/psychology\/sunshine\/academic-resources\/\" \/>\n<meta property=\"og:locale\" content=\"en_US\" \/>\n<meta property=\"og:type\" content=\"article\" \/>\n<meta property=\"og:title\" content=\"Resources for Researchers - Sunshine ERC Targeted Research Training Program\" \/>\n<meta property=\"og:description\" content=\"The TRT program is here to express our condolences and offer support as the hospitality industry recovers from the effects of COVID-19. We have compiled the following resources in the hope that it may be helpful to you and your family during this challenging time.\u00a0 &nbsp; En espa\u00f1ol: \u00bfHabla usted espa\u00f1ol? El Programa de Investigaci\u00f3n Read more about Resources for Researchers[&hellip;]\" \/>\n<meta property=\"og:url\" content=\"https:\/\/sciences.ucf.edu\/psychology\/sunshine\/academic-resources\/\" \/>\n<meta property=\"og:site_name\" content=\"Sunshine ERC Targeted Research Training Program\" \/>\n<meta property=\"article:modified_time\" content=\"2021-01-29T19:17:18+00:00\" \/>\n<meta property=\"og:image\" content=\"https:\/\/sciences.ucf.edu\/psychology\/sunshine\/wp-content\/uploads\/sites\/37\/2020\/04\/photo-1568658176307-bfbd2873abda.png\" \/>\n<meta name=\"twitter:card\" content=\"summary_large_image\" \/>\n<meta name=\"twitter:label1\" content=\"Est. reading time\" \/>\n\t<meta name=\"twitter:data1\" content=\"6 minutes\" \/>\n<script type=\"application\/ld+json\" class=\"yoast-schema-graph\">{\"@context\":\"https:\\\/\\\/schema.org\",\"@graph\":[{\"@type\":\"WebPage\",\"@id\":\"https:\\\/\\\/sciences.ucf.edu\\\/psychology\\\/sunshine\\\/academic-resources\\\/\",\"url\":\"https:\\\/\\\/sciences.ucf.edu\\\/psychology\\\/sunshine\\\/academic-resources\\\/\",\"name\":\"Resources for Researchers - Sunshine ERC Targeted Research Training Program\",\"isPartOf\":{\"@id\":\"https:\\\/\\\/sciences.ucf.edu\\\/psychology\\\/sunshine\\\/#website\"},\"primaryImageOfPage\":{\"@id\":\"https:\\\/\\\/sciences.ucf.edu\\\/psychology\\\/sunshine\\\/academic-resources\\\/#primaryimage\"},\"image\":{\"@id\":\"https:\\\/\\\/sciences.ucf.edu\\\/psychology\\\/sunshine\\\/academic-resources\\\/#primaryimage\"},\"thumbnailUrl\":\"https:\\\/\\\/sciences.ucf.edu\\\/psychology\\\/sunshine\\\/wp-content\\\/uploads\\\/sites\\\/37\\\/2020\\\/04\\\/photo-1568658176307-bfbd2873abda.png\",\"datePublished\":\"2020-04-24T03:50:30+00:00\",\"dateModified\":\"2021-01-29T19:17:18+00:00\",\"inLanguage\":\"en-US\",\"potentialAction\":[{\"@type\":\"ReadAction\",\"target\":[\"https:\\\/\\\/sciences.ucf.edu\\\/psychology\\\/sunshine\\\/academic-resources\\\/\"]}]},{\"@type\":\"ImageObject\",\"inLanguage\":\"en-US\",\"@id\":\"https:\\\/\\\/sciences.ucf.edu\\\/psychology\\\/sunshine\\\/academic-resources\\\/#primaryimage\",\"url\":\"https:\\\/\\\/sciences.ucf.edu\\\/psychology\\\/sunshine\\\/wp-content\\\/uploads\\\/sites\\\/37\\\/2020\\\/04\\\/photo-1568658176307-bfbd2873abda.png\",\"contentUrl\":\"https:\\\/\\\/sciences.ucf.edu\\\/psychology\\\/sunshine\\\/wp-content\\\/uploads\\\/sites\\\/37\\\/2020\\\/04\\\/photo-1568658176307-bfbd2873abda.png\",\"width\":750,\"height\":500,\"caption\":\"Two people sitting at a table are looking at a laptop screen and smiling in an indoor setting.\"},{\"@type\":\"WebSite\",\"@id\":\"https:\\\/\\\/sciences.ucf.edu\\\/psychology\\\/sunshine\\\/#website\",\"url\":\"https:\\\/\\\/sciences.ucf.edu\\\/psychology\\\/sunshine\\\/\",\"name\":\"Sunshine ERC Targeted Research Training Program\",\"description\":\"UCF Department of Psychology\",\"potentialAction\":[{\"@type\":\"SearchAction\",\"target\":{\"@type\":\"EntryPoint\",\"urlTemplate\":\"https:\\\/\\\/sciences.ucf.edu\\\/psychology\\\/sunshine\\\/?s={search_term_string}\"},\"query-input\":{\"@type\":\"PropertyValueSpecification\",\"valueRequired\":true,\"valueName\":\"search_term_string\"}}],\"inLanguage\":\"en-US\"}]}<\/script>\n<!-- \/ Yoast SEO plugin. -->","yoast_head_json":{"title":"Resources for Researchers - Sunshine ERC Targeted Research Training Program","robots":{"index":"index","follow":"follow","max-snippet":"max-snippet:-1","max-image-preview":"max-image-preview:large","max-video-preview":"max-video-preview:-1"},"canonical":"https:\/\/sciences.ucf.edu\/psychology\/sunshine\/academic-resources\/","og_locale":"en_US","og_type":"article","og_title":"Resources for Researchers - Sunshine ERC Targeted Research Training Program","og_description":"The TRT program is here to express our condolences and offer support as the hospitality industry recovers from the effects of COVID-19. We have compiled the following resources in the hope that it may be helpful to you and your family during this challenging time.\u00a0 &nbsp; En espa\u00f1ol: \u00bfHabla usted espa\u00f1ol? El Programa de Investigaci\u00f3n Read more about Resources for Researchers[&hellip;]","og_url":"https:\/\/sciences.ucf.edu\/psychology\/sunshine\/academic-resources\/","og_site_name":"Sunshine ERC Targeted Research Training Program","article_modified_time":"2021-01-29T19:17:18+00:00","og_image":[{"url":"https:\/\/sciences.ucf.edu\/psychology\/sunshine\/wp-content\/uploads\/sites\/37\/2020\/04\/photo-1568658176307-bfbd2873abda.png","type":"","width":"","height":""}],"twitter_card":"summary_large_image","twitter_misc":{"Est. reading time":"6 minutes"},"schema":{"@context":"https:\/\/schema.org","@graph":[{"@type":"WebPage","@id":"https:\/\/sciences.ucf.edu\/psychology\/sunshine\/academic-resources\/","url":"https:\/\/sciences.ucf.edu\/psychology\/sunshine\/academic-resources\/","name":"Resources for Researchers - Sunshine ERC Targeted Research Training Program","isPartOf":{"@id":"https:\/\/sciences.ucf.edu\/psychology\/sunshine\/#website"},"primaryImageOfPage":{"@id":"https:\/\/sciences.ucf.edu\/psychology\/sunshine\/academic-resources\/#primaryimage"},"image":{"@id":"https:\/\/sciences.ucf.edu\/psychology\/sunshine\/academic-resources\/#primaryimage"},"thumbnailUrl":"https:\/\/sciences.ucf.edu\/psychology\/sunshine\/wp-content\/uploads\/sites\/37\/2020\/04\/photo-1568658176307-bfbd2873abda.png","datePublished":"2020-04-24T03:50:30+00:00","dateModified":"2021-01-29T19:17:18+00:00","inLanguage":"en-US","potentialAction":[{"@type":"ReadAction","target":["https:\/\/sciences.ucf.edu\/psychology\/sunshine\/academic-resources\/"]}]},{"@type":"ImageObject","inLanguage":"en-US","@id":"https:\/\/sciences.ucf.edu\/psychology\/sunshine\/academic-resources\/#primaryimage","url":"https:\/\/sciences.ucf.edu\/psychology\/sunshine\/wp-content\/uploads\/sites\/37\/2020\/04\/photo-1568658176307-bfbd2873abda.png","contentUrl":"https:\/\/sciences.ucf.edu\/psychology\/sunshine\/wp-content\/uploads\/sites\/37\/2020\/04\/photo-1568658176307-bfbd2873abda.png","width":750,"height":500,"caption":"Two people sitting at a table are looking at a laptop screen and smiling in an indoor setting."},{"@type":"WebSite","@id":"https:\/\/sciences.ucf.edu\/psychology\/sunshine\/#website","url":"https:\/\/sciences.ucf.edu\/psychology\/sunshine\/","name":"Sunshine ERC Targeted Research Training Program","description":"UCF Department of Psychology","potentialAction":[{"@type":"SearchAction","target":{"@type":"EntryPoint","urlTemplate":"https:\/\/sciences.ucf.edu\/psychology\/sunshine\/?s={search_term_string}"},"query-input":{"@type":"PropertyValueSpecification","valueRequired":true,"valueName":"search_term_string"}}],"inLanguage":"en-US"}]}},"_links":{"self":[{"href":"https:\/\/sciences.ucf.edu\/psychology\/sunshine\/wp-json\/wp\/v2\/pages\/597","targetHints":{"allow":["GET"]}}],"collection":[{"href":"https:\/\/sciences.ucf.edu\/psychology\/sunshine\/wp-json\/wp\/v2\/pages"}],"about":[{"href":"https:\/\/sciences.ucf.edu\/psychology\/sunshine\/wp-json\/wp\/v2\/types\/page"}],"author":[{"embeddable":true,"href":"https:\/\/sciences.ucf.edu\/psychology\/sunshine\/wp-json\/wp\/v2\/users\/117"}],"replies":[{"embeddable":true,"href":"https:\/\/sciences.ucf.edu\/psychology\/sunshine\/wp-json\/wp\/v2\/comments?post=597"}],"version-history":[{"count":0,"href":"https:\/\/sciences.ucf.edu\/psychology\/sunshine\/wp-json\/wp\/v2\/pages\/597\/revisions"}],"wp:attachment":[{"href":"https:\/\/sciences.ucf.edu\/psychology\/sunshine\/wp-json\/wp\/v2\/media?parent=597"}],"curies":[{"name":"wp","href":"https:\/\/api.w.org\/{rel}","templated":true}]}}